{"id":3059,"date":"2025-06-20T12:20:03","date_gmt":"2025-06-20T12:20:03","guid":{"rendered":"https:\/\/falvarapet.com\/?post_type=product&#038;p=3059"},"modified":"2026-03-31T07:30:14","modified_gmt":"2026-03-31T07:30:14","slug":"vitakraft-premium-hamster-yemi-1-kg-5-adet","status":"publish","type":"product","link":"https:\/\/falvarapet.com\/en\/product\/vitakraft-premium-hamster-yemi-1-kg-5-adet\/","title":{"rendered":"Vitakraft Premium Hamster Yemi 1 Kg 5 Adet"},"content":{"rendered":"<ul class=\"content-descriptions-description-content\" data-testid=\"content-descriptions-wrapper\">\n<li class=\"content-description-item-description\" data-testid=\"content-description-item-wrapper\">Vitakraft Men\u00fc Vital Hamster Yemi 1 KgHamster ve di\u011fer k\u00fc\u00e7\u00fck kemirgenler i\u00e7in, do\u011fal beslenmelerine uygun olarak haz\u0131rlanm\u0131\u015f, ba\u011f\u0131\u015f\u0131kl\u0131\u011f\u0131 g\u00fc\u00e7lendiren ve genel sa\u011fl\u0131\u011f\u0131n korunmas\u0131na yard\u0131mc\u0131 ana yemdir.* \u0130\u00e7erdi\u011fi Yucca ekstrakt\u0131 kafes i\u00e7erisindeki k\u00f6t\u00fc kokular\u0131n azalmas\u0131na yard\u0131mc\u0131d\u0131r.* \u0130\u00e7erdi\u011fi vitamin ve mineraller ba\u011f\u0131\u015f\u0131kl\u0131\u011f\u0131n g\u00fc\u00e7lenmesine yard\u0131mc\u0131 olur.* Tam ve dengeli beslenme sa\u011flar.* Hava almayan ambalajda aromas\u0131 korunmu\u015ftur.\u00dcr\u00fcn\u00fcn \u0130\u00e7eri\u011fi<\/li>\n<li class=\"content-description-item-description\" data-testid=\"content-description-item-wrapper\">Bu\u011fday, arpa, yulaf tanesi, ay \u00e7ekirde\u011fi, m\u0131s\u0131r, havu\u00e7, bezelye, k\u0131rm\u0131z\u0131 k\u0131rm\u0131z\u0131 sorgum, f\u0131st\u0131k, yonca, soya kabu\u011fu, yucca.\u00dcr\u00fcn\u00fcn Analizi<\/li>\n<li class=\"content-description-item-description\" data-testid=\"content-description-item-wrapper\">Vitamin A 672 IU\/kg, vitaminD3 300 IU\/kg, vitamin E, vitamin C, vitamin B1, vitamin B2, vitamin B6, vitamin B12, biotin, niasin, bak\u0131r, manganez, \u00e7inko.Beslenme Tavsiyesi<\/li>\n<li class=\"content-description-item-description\" data-testid=\"content-description-item-wrapper\">Kemirgeninizin b\u00fcy\u00fckl\u00fc\u011f\u00fcne g\u00f6re ayarlanmak \u015fart\u0131 ile g\u00fcnl\u00fck 1 &#8211; 1,5 yemek ka\u015f\u0131\u011f\u0131 (10 &#8211; 15 gr) ana yemek olarak verilmesi tavsiye edilmektedir.<\/li>\n<\/ul>","protected":false},"excerpt":{"rendered":"<p>Vitakraft Men\u00fc Vital Hamster Yemi 1 KgHamster ve di\u011fer k\u00fc\u00e7\u00fck kemirgenler i\u00e7in, do\u011fal beslenmelerine uygun olarak haz\u0131rlanm\u0131\u015f, ba\u011f\u0131\u015f\u0131kl\u0131\u011f\u0131 g\u00fc\u00e7lendiren ve genel sa\u011fl\u0131\u011f\u0131n korunmas\u0131na yard\u0131mc\u0131 ana yemdir.* \u0130\u00e7erdi\u011fi Yucca ekstrakt\u0131 kafes i\u00e7erisindeki k\u00f6t\u00fc kokular\u0131n azalmas\u0131na yard\u0131mc\u0131d\u0131r.* \u0130\u00e7erdi\u011fi vitamin ve mineraller ba\u011f\u0131\u015f\u0131kl\u0131\u011f\u0131n g\u00fc\u00e7lenmesine yard\u0131mc\u0131 olur.* Tam ve dengeli beslenme sa\u011flar.* Hava almayan ambalajda aromas\u0131 korunmu\u015ftur.\u00dcr\u00fcn\u00fcn \u0130\u00e7eri\u011fi Bu\u011fday, [&hellip;]<\/p>","protected":false},"featured_media":3060,"comment_status":"open","ping_status":"closed","template":"","meta":[],"pwb-brand":[182],"product_brand":[],"product_cat":[48],"product_tag":[],"class_list":{"0":"post-3059","1":"product","2":"type-product","3":"status-publish","4":"has-post-thumbnail","6":"pwb-brand-vitakraft","7":"product_cat-kemirgen","9":"first","10":"outofstock","11":"taxable","12":"shipping-taxable","13":"purchasable","14":"product-type-simple"},"brands":[{"id":182,"name":"Vitakraft","slug":"vitakraft"}],"_links":{"self":[{"href":"https:\/\/falvarapet.com\/en\/wp-json\/wp\/v2\/product\/3059","targetHints":{"allow":["GET"]}}],"collection":[{"href":"https:\/\/falvarapet.com\/en\/wp-json\/wp\/v2\/product"}],"about":[{"href":"https:\/\/falvarapet.com\/en\/wp-json\/wp\/v2\/types\/product"}],"replies":[{"embeddable":true,"href":"https:\/\/falvarapet.com\/en\/wp-json\/wp\/v2\/comments?post=3059"}],"wp:featuredmedia":[{"embeddable":true,"href":"https:\/\/falvarapet.com\/en\/wp-json\/wp\/v2\/media\/3060"}],"wp:attachment":[{"href":"https:\/\/falvarapet.com\/en\/wp-json\/wp\/v2\/media?parent=3059"}],"wp:term":[{"taxonomy":"pwb-brand","embeddable":true,"href":"https:\/\/falvarapet.com\/en\/wp-json\/wp\/v2\/pwb-brand?post=3059"},{"taxonomy":"product_brand","embeddable":true,"href":"https:\/\/falvarapet.com\/en\/wp-json\/wp\/v2\/product_brand?post=3059"},{"taxonomy":"product_cat","embeddable":true,"href":"https:\/\/falvarapet.com\/en\/wp-json\/wp\/v2\/product_cat?post=3059"},{"taxonomy":"product_tag","embeddable":true,"href":"https:\/\/falvarapet.com\/en\/wp-json\/wp\/v2\/product_tag?post=3059"}],"curies":[{"name":"wp","href":"https:\/\/api.w.org\/{rel}","templated":true}]}}