{"id":3053,"date":"2025-06-20T11:39:10","date_gmt":"2025-06-20T11:39:10","guid":{"rendered":"https:\/\/falvarapet.com\/?post_type=product&#038;p=3053"},"modified":"2026-04-20T19:28:15","modified_gmt":"2026-04-20T19:28:15","slug":"birevcil-l-55x30x30-cm-kafes-tulu-tamamen-beyazdir-kopya","status":"publish","type":"product","link":"https:\/\/falvarapet.com\/en\/product\/birevcil-l-55x30x30-cm-kafes-tulu-tamamen-beyazdir-kopya","title":{"rendered":"Birevcil (L) (55x30x30) cm Kafes T\u00fcl\u00fc Tamamen Beyazd\u0131r"},"content":{"rendered":"<p>Birevcil (L) boy l\u00fcks kafes t\u00fcl\u00fcd\u00fcr.<\/p>\n<p>K\u00fc\u00e7\u00fck boy kafesler i\u00e7in uygundur. 55x30x30 cm T\u00fcl\u00fcn alt k\u0131sm\u0131 kafesi kavrayacak d\u00fczeyde ve kapal\u0131d\u0131r.<\/p>\n<p>Kafes t\u00fcl\u00fcn\u00fcn \u00fcst \u00e7evresi BEYAZ renk lastikle i\u015flenmi\u015ftir.<\/p>\n<p>Kaliteli lastik ve kuma\u015ftan haz\u0131rlanm\u0131\u015f \u015f\u0131k bir kafes t\u00fcl\u00fcd\u00fcr.<\/p>\n<p>Esnek lasti\u011fi sayesinde kullan\u0131\u015f\u0131 \u00e7ok pratiktir.<\/p>\n<p>Ku\u015f yemlerinin zemine sa\u00e7\u0131lmas\u0131n\u0131 engellemeye yard\u0131mc\u0131 olacak \u015fekilde tasarlanm\u0131\u015ft\u0131r.<\/p>\n<p>Kafes alt\u0131n\u0131n d\u0131\u015f\u0131na, boyu yemliklerin y\u00fcksekli\u011fin \u00fczerinde olacak \u015fekilde yerle\u015ftirilmelidir.<\/p>\n<p>Yumu\u015fak, hava ge\u00e7irgen kuma\u015f, kafes i\u00e7erisinde hava dola\u015f\u0131m\u0131n\u0131n olmas\u0131na izin verir. I\u015f\u0131k ge\u00e7irgen \u00f6zelli\u011fi, kafesin i\u00e7inin ayd\u0131nl\u0131k olmas\u0131n\u0131 sa\u011flar.<\/p>\n<p>Elastik bantlar, kafes t\u00fcl\u00fcn\u00fcn kaymas\u0131n\u0131 engelleyerek sabit durmas\u0131na yard\u0131mc\u0131 olur.<\/p>\n<p>T\u00fcl\u00fcn t\u00fcylenip ku\u015flar\u0131n ayaklar\u0131na tak\u0131lmas\u0131n\u0131 \u00f6nlemek i\u00e7in \u00e7ok fazla y\u0131kanmas\u0131 tavsiye edilmez. \u00c7ama\u015f\u0131r makinesinde 30 derece y\u0131kanabilir.<\/p>\n<p>Birevcil, Falvarapet markas\u0131d\u0131r.<\/p>","protected":false},"excerpt":{"rendered":"<p>Birevcil (L) boy l\u00fcks kafes t\u00fcl\u00fcd\u00fcr. K\u00fc\u00e7\u00fck boy kafesler i\u00e7in uygundur. 55x30x30 cm T\u00fcl\u00fcn alt k\u0131sm\u0131 kafesi kavrayacak d\u00fczeyde ve kapal\u0131d\u0131r. Kafes t\u00fcl\u00fcn\u00fcn \u00fcst \u00e7evresi BEYAZ renk lastikle i\u015flenmi\u015ftir. Kaliteli lastik ve kuma\u015ftan haz\u0131rlanm\u0131\u015f \u015f\u0131k bir kafes t\u00fcl\u00fcd\u00fcr. Esnek lasti\u011fi sayesinde kullan\u0131\u015f\u0131 \u00e7ok pratiktir. Ku\u015f yemlerinin zemine sa\u00e7\u0131lmas\u0131n\u0131 engellemeye yard\u0131mc\u0131 olacak \u015fekilde tasarlanm\u0131\u015ft\u0131r. Kafes alt\u0131n\u0131n [&hellip;]<\/p>","protected":false},"featured_media":3045,"comment_status":"open","ping_status":"closed","template":"","meta":{"om_disable_all_campaigns":false,"_monsterinsights_skip_tracking":false,"_monsterinsights_sitenote_active":false,"_monsterinsights_sitenote_note":"","_monsterinsights_sitenote_category":0},"pwb-brand":[175],"product_brand":[],"product_cat":[159],"product_tag":[],"class_list":{"0":"post-3053","1":"product","2":"type-product","3":"status-publish","4":"has-post-thumbnail","6":"pwb-brand-birevcil","7":"product_cat-kafes-tulleri","9":"first","10":"instock","11":"taxable","12":"shipping-taxable","13":"purchasable","14":"product-type-simple"},"aioseo_notices":[],"brands":[{"id":175,"name":"Birevcil","slug":"birevcil"}],"_links":{"self":[{"href":"https:\/\/falvarapet.com\/en\/wp-json\/wp\/v2\/product\/3053","targetHints":{"allow":["GET"]}}],"collection":[{"href":"https:\/\/falvarapet.com\/en\/wp-json\/wp\/v2\/product"}],"about":[{"href":"https:\/\/falvarapet.com\/en\/wp-json\/wp\/v2\/types\/product"}],"replies":[{"embeddable":true,"href":"https:\/\/falvarapet.com\/en\/wp-json\/wp\/v2\/comments?post=3053"}],"version-history":[{"count":0,"href":"https:\/\/falvarapet.com\/en\/wp-json\/wp\/v2\/product\/3053\/revisions"}],"wp:featuredmedia":[{"embeddable":true,"href":"https:\/\/falvarapet.com\/en\/wp-json\/wp\/v2\/media\/3045"}],"wp:attachment":[{"href":"https:\/\/falvarapet.com\/en\/wp-json\/wp\/v2\/media?parent=3053"}],"wp:term":[{"taxonomy":"pwb-brand","embeddable":true,"href":"https:\/\/falvarapet.com\/en\/wp-json\/wp\/v2\/pwb-brand?post=3053"},{"taxonomy":"product_brand","embeddable":true,"href":"https:\/\/falvarapet.com\/en\/wp-json\/wp\/v2\/product_brand?post=3053"},{"taxonomy":"product_cat","embeddable":true,"href":"https:\/\/falvarapet.com\/en\/wp-json\/wp\/v2\/product_cat?post=3053"},{"taxonomy":"product_tag","embeddable":true,"href":"https:\/\/falvarapet.com\/en\/wp-json\/wp\/v2\/product_tag?post=3053"}],"curies":[{"name":"wp","href":"https:\/\/api.w.org\/{rel}","templated":true}]}}