{"id":3018,"date":"2025-06-19T15:12:45","date_gmt":"2025-06-19T15:12:45","guid":{"rendered":"https:\/\/falvarapet.com\/?post_type=product&#038;p=3018"},"modified":"2026-03-31T10:25:57","modified_gmt":"2026-03-31T10:25:57","slug":"1000-gram-jbl-novo-bits-granul-balik-yemi-kovadan-bolme","status":"publish","type":"product","link":"https:\/\/falvarapet.com\/en\/product\/1000-gram-jbl-novo-bits-granul-balik-yemi-kovadan-bolme\/","title":{"rendered":"1000 Gram JBL Novo Bits Gran\u00fcl Bal\u0131k Yemi-Kovadan B\u00f6lme"},"content":{"rendered":"<ul>\n<li>Prebiyotik ve dibe \u00e7\u00f6ken akvaryum bal\u0131\u011f\u0131 yemi: Yemdeki \u00f6zel diyet lifleri, sa\u011fl\u0131kl\u0131 sindirim i\u00e7in pozitif ba\u011f\u0131rsak bakterilerine besin sa\u011flar<\/li>\n<li>Do\u011fala yak\u0131n beslenme ve sa\u011fl\u0131kl\u0131 \u00e7iklitler i\u00e7in yapay katk\u0131 maddesi i\u00e7ermeyen do\u011fal ham maddeler. Tropikal b\u00f6lgelere yap\u0131lan JBL ke\u015fif gezilerinde test edilmi\u015ftir<\/li>\n<li>Somon, karides, ve kalamar gibi y\u00fcksek kaliteli ham maddeler sayesinde se\u00e7ici \u00e7iklit t\u00fcrlerinde bile \u00e7ok y\u00fcksek d\u00fczeyde kabul g\u00f6r\u00fcr<\/li>\n<li>\u00d6rne\u011fin diskus gibi \u00e7iklit t\u00fcrlerinde m\u00fckemmel renk geli\u015fimi sa\u011flayan, krill ve spirulina k\u00f6kenli, \u00e7ok y\u00fcksek kaliteli do\u011fal astaksantin i\u00e7erir<\/li>\n<\/ul>\n<p>Melek bal\u0131klar\u0131 ve di\u011fer \u00e7iklit t\u00fcrleri yem konusunda son derece se\u00e7ici olabilirler. JBL PRONOVO BITS\u2019in \u00fcretiminde bu durum g\u00f6z \u00f6n\u00fcnde bulunduruldu ve bu nedenle bal\u0131klar\u0131n dayanamad\u0131\u011f\u0131 karides gibi ham maddeler kullan\u0131ld\u0131.<\/p>\n<p>Diskus ve ayn\u0131 biyotopta ya\u015fayan \u00e7iklitler beslenme spektrumlar\u0131n\u0131, bizim akvaryumda benzerini ger\u00e7ekle\u015ftiremedi\u011fimiz kurak ve ya\u011fmurlu mevsimlere g\u00f6re uyarlad\u0131klar\u0131 i\u00e7in, yemin yap\u0131s\u0131n\u0131n \u00e7ok y\u00f6nl\u00fc olmas\u0131 gerekir. Hatta Amazonlar\u2019da ya\u011fmur mevsiminde su d\u00fczeyi 9 m\u2019ye kadar y\u00fckseldi\u011finde diskus\u2019lar meyve ve ba\u015fka bitkisel bile\u015fenleri bile yerler! Diskuslar kurakl\u0131k d\u00f6neminde dibe y\u00f6nelir ve karideslerin yan\u0131 s\u0131ra zeminde bulduklar\u0131 yenilebilir her \u015feyi yerler.<\/p>\n<p>JBL yem \u00e7e\u015fitlerinin avantajlar\u0131:<br \/>\nUcuz bal\u0131k unu yerine ger\u00e7ek bal\u0131k proteini kullan\u0131m\u0131. \u0130deal protein-ya\u011f oran\u0131. Esas olarak su hayvanlar\u0131ndan elde edilen proteinler. Fosfat i\u00e7eri\u011finin ayarlanmas\u0131 sayesinde yosun geli\u015fimi azal\u0131r, bal\u0131k geli\u015fimi en y\u00fcksek d\u00fczeyde ger\u00e7ekle\u015fir. Prebiyotik: Prebiyotikler &#8220;konak\u00e7\u0131 mikroorganizmalar taraf\u0131ndan se\u00e7ici olarak kullan\u0131lan ve sa\u011fl\u0131k yararlar\u0131 sa\u011flayan substratlard\u0131r.&#8221; Burada bilim insanlar\u0131, sindirimi ve dolay\u0131s\u0131yla sa\u011fl\u0131\u011f\u0131 destekledikleri konusunda hemfikirdirler. Bal\u0131klar\u0131m\u0131zla ilgili olarak i\u015fin ba\u015fka bir \u00f6nemli y\u00f6n\u00fc daha vard\u0131r: Daha iyi bir sindirim, daha az d\u0131\u015fk\u0131lama ve suyun daha az kirlenmesi anlam\u0131na gelir, bu da daha az yosun sorunu ve suyun daha temiz kalmas\u0131 demektir.<\/p>","protected":false},"excerpt":{"rendered":"<p>Prebiyotik ve dibe \u00e7\u00f6ken akvaryum bal\u0131\u011f\u0131 yemi: Yemdeki \u00f6zel diyet lifleri, sa\u011fl\u0131kl\u0131 sindirim i\u00e7in pozitif ba\u011f\u0131rsak bakterilerine besin sa\u011flar Do\u011fala yak\u0131n beslenme ve sa\u011fl\u0131kl\u0131 \u00e7iklitler i\u00e7in yapay katk\u0131 maddesi i\u00e7ermeyen do\u011fal ham maddeler. Tropikal b\u00f6lgelere yap\u0131lan JBL ke\u015fif gezilerinde test edilmi\u015ftir Somon, karides, ve kalamar gibi y\u00fcksek kaliteli ham maddeler sayesinde se\u00e7ici \u00e7iklit t\u00fcrlerinde bile [&hellip;]<\/p>","protected":false},"featured_media":3019,"comment_status":"open","ping_status":"closed","template":"","meta":[],"pwb-brand":[181],"product_brand":[],"product_cat":[95],"product_tag":[],"class_list":{"0":"post-3018","1":"product","2":"type-product","3":"status-publish","4":"has-post-thumbnail","6":"pwb-brand-jbl","7":"product_cat-granul-yemler","9":"first","10":"instock","11":"taxable","12":"shipping-taxable","13":"purchasable","14":"product-type-simple"},"brands":[{"id":181,"name":"Jbl","slug":"jbl"}],"_links":{"self":[{"href":"https:\/\/falvarapet.com\/en\/wp-json\/wp\/v2\/product\/3018","targetHints":{"allow":["GET"]}}],"collection":[{"href":"https:\/\/falvarapet.com\/en\/wp-json\/wp\/v2\/product"}],"about":[{"href":"https:\/\/falvarapet.com\/en\/wp-json\/wp\/v2\/types\/product"}],"replies":[{"embeddable":true,"href":"https:\/\/falvarapet.com\/en\/wp-json\/wp\/v2\/comments?post=3018"}],"wp:featuredmedia":[{"embeddable":true,"href":"https:\/\/falvarapet.com\/en\/wp-json\/wp\/v2\/media\/3019"}],"wp:attachment":[{"href":"https:\/\/falvarapet.com\/en\/wp-json\/wp\/v2\/media?parent=3018"}],"wp:term":[{"taxonomy":"pwb-brand","embeddable":true,"href":"https:\/\/falvarapet.com\/en\/wp-json\/wp\/v2\/pwb-brand?post=3018"},{"taxonomy":"product_brand","embeddable":true,"href":"https:\/\/falvarapet.com\/en\/wp-json\/wp\/v2\/product_brand?post=3018"},{"taxonomy":"product_cat","embeddable":true,"href":"https:\/\/falvarapet.com\/en\/wp-json\/wp\/v2\/product_cat?post=3018"},{"taxonomy":"product_tag","embeddable":true,"href":"https:\/\/falvarapet.com\/en\/wp-json\/wp\/v2\/product_tag?post=3018"}],"curies":[{"name":"wp","href":"https:\/\/api.w.org\/{rel}","templated":true}]}}