{"id":3006,"date":"2025-06-19T14:45:21","date_gmt":"2025-06-19T14:45:21","guid":{"rendered":"https:\/\/falvarapet.com\/?post_type=product&#038;p=3006"},"modified":"2025-12-23T05:42:15","modified_gmt":"2025-12-23T05:42:15","slug":"glory-premium-somon-balikli-yetiskin-kopek-mamasi-15-kg","status":"publish","type":"product","link":"https:\/\/falvarapet.com\/en\/product\/glory-premium-somon-balikli-yetiskin-kopek-mamasi-15-kg\/","title":{"rendered":"Glory Premium Somon Bal\u0131kl\u0131 Yeti\u015fkin K\u00f6pek Mamas\u0131 15 Kg"},"content":{"rendered":"<h3 class=\"sub-title\">T\u00fcm Cinslere Uygun<\/h3>\n<p>T\u00fcm yeti\u015fkin \u0131rklar i\u00e7in g\u00fcnl\u00fck yiyecek ihtiya\u00e7lar\u0131n\u0131 gidermede etkili bir \u00fcr\u00fcnd\u00fcr. \u0130\u00e7inde proteini kar\u015f\u0131layacak kuzu eti yer al\u0131r.<\/p>\n<h3 class=\"sub-title\">Sa\u011fl\u0131kl\u0131 Beslenme<\/h3>\n<p>Yeti\u015fkin k\u00f6peklerin sa\u011fl\u0131kl\u0131 ve dengeli bir \u015fekilde beslenebilmeleri i\u00e7in i\u00e7inde i\u015flenmi\u015f kuzu proteini, bu\u011fday, kepek, i\u015flenmi\u015f hayvan proteini, m\u0131s\u0131r, tavuk ya\u011f\u0131, tuz, ci\u011fer aromas\u0131 gibi \u00fcr\u00fcnler yer al\u0131r. Bu \u00fcr\u00fcnler g\u00fcnl\u00fck olarak yeti\u015fkin k\u00f6peklerinizin besin ihtiyac\u0131n\u0131 giderir.<\/p>\n<h3 class=\"sub-title\">Vitamin Ve Mineral Dengesi<\/h3>\n<p>\u0130\u00e7inde A, D ve E vitaminler yer al\u0131r. Bu vitaminler sayesinde yeti\u015fkin k\u00f6pekler daha uzun s\u00fcre ya\u015fama \u015fans\u0131n\u0131 elde eder. Kas ve kemik yap\u0131lar\u0131n\u0131n da daha g\u00fc\u00e7l\u00fc \u015fekilde \u00e7al\u0131\u015fmas\u0131 sa\u011flan\u0131r.<\/p>","protected":false},"excerpt":{"rendered":"<p>T\u00fcm Cinslere Uygun T\u00fcm yeti\u015fkin \u0131rklar i\u00e7in g\u00fcnl\u00fck yiyecek ihtiya\u00e7lar\u0131n\u0131 gidermede etkili bir \u00fcr\u00fcnd\u00fcr. \u0130\u00e7inde proteini kar\u015f\u0131layacak kuzu eti yer al\u0131r. Sa\u011fl\u0131kl\u0131 Beslenme Yeti\u015fkin k\u00f6peklerin sa\u011fl\u0131kl\u0131 ve dengeli bir \u015fekilde beslenebilmeleri i\u00e7in i\u00e7inde i\u015flenmi\u015f kuzu proteini, bu\u011fday, kepek, i\u015flenmi\u015f hayvan proteini, m\u0131s\u0131r, tavuk ya\u011f\u0131, tuz, ci\u011fer aromas\u0131 gibi \u00fcr\u00fcnler yer al\u0131r. Bu \u00fcr\u00fcnler g\u00fcnl\u00fck olarak [&hellip;]<\/p>","protected":false},"featured_media":3007,"comment_status":"open","ping_status":"closed","template":"","meta":[],"pwb-brand":[180],"product_brand":[],"product_cat":[53],"product_tag":[],"class_list":{"0":"post-3006","1":"product","2":"type-product","3":"status-publish","4":"has-post-thumbnail","6":"pwb-brand-glory","7":"product_cat-kuru-kopek-mamalari","9":"first","10":"outofstock","11":"taxable","12":"shipping-taxable","13":"purchasable","14":"product-type-simple"},"brands":[{"id":180,"name":"Glory","slug":"glory"}],"_links":{"self":[{"href":"https:\/\/falvarapet.com\/en\/wp-json\/wp\/v2\/product\/3006","targetHints":{"allow":["GET"]}}],"collection":[{"href":"https:\/\/falvarapet.com\/en\/wp-json\/wp\/v2\/product"}],"about":[{"href":"https:\/\/falvarapet.com\/en\/wp-json\/wp\/v2\/types\/product"}],"replies":[{"embeddable":true,"href":"https:\/\/falvarapet.com\/en\/wp-json\/wp\/v2\/comments?post=3006"}],"wp:featuredmedia":[{"embeddable":true,"href":"https:\/\/falvarapet.com\/en\/wp-json\/wp\/v2\/media\/3007"}],"wp:attachment":[{"href":"https:\/\/falvarapet.com\/en\/wp-json\/wp\/v2\/media?parent=3006"}],"wp:term":[{"taxonomy":"pwb-brand","embeddable":true,"href":"https:\/\/falvarapet.com\/en\/wp-json\/wp\/v2\/pwb-brand?post=3006"},{"taxonomy":"product_brand","embeddable":true,"href":"https:\/\/falvarapet.com\/en\/wp-json\/wp\/v2\/product_brand?post=3006"},{"taxonomy":"product_cat","embeddable":true,"href":"https:\/\/falvarapet.com\/en\/wp-json\/wp\/v2\/product_cat?post=3006"},{"taxonomy":"product_tag","embeddable":true,"href":"https:\/\/falvarapet.com\/en\/wp-json\/wp\/v2\/product_tag?post=3006"}],"curies":[{"name":"wp","href":"https:\/\/api.w.org\/{rel}","templated":true}]}}