{"id":3003,"date":"2025-06-18T11:58:06","date_gmt":"2025-06-18T11:58:06","guid":{"rendered":"https:\/\/falvarapet.com\/?post_type=product&#038;p=3003"},"modified":"2026-03-31T14:17:59","modified_gmt":"2026-03-31T14:17:59","slug":"1000-gram-sera-flora-nature-pul-balik-yemi-kovadan-bolme","status":"publish","type":"product","link":"https:\/\/falvarapet.com\/en\/product\/1000-gram-sera-flora-nature-pul-balik-yemi-kovadan-bolme\/","title":{"rendered":"1000 Gram Sera Flora Nature Pul Bal\u0131k Yemi-Kovadan B\u00f6lme"},"content":{"rendered":"<p>Balast maddeleri ve karotenoidler y\u00f6n\u00fcnden zengin i\u00e7erikli pullardan olu\u015fan bitkisel yem sera Flora Nature, y\u00fczeyden beslenen t\u00fcm ot\u00e7ul bal\u0131klar i\u00e7in boya ve koruyucu madde i\u00e7ermeyen bitkisel yem. Y\u00fcksek karotenoid y\u00fczdesiyle Spirulina gibi balast\u00e7a zengin maddeler i\u00e7eren do\u011fal malzemeler sayesinde yem sa\u011fl\u0131kl\u0131 sindirimi garantiler ve canl\u0131l\u0131\u011f\u0131 art\u0131r\u0131r. Y\u00fcksek y\u00fczdede bitkisel proteiniyle kolayl\u0131kla sindirilebilen bile\u015fim, \u00f6rne\u011fin bir ba\u011f\u0131rsak hastal\u0131\u011f\u0131ndan iyile\u015fmekte olan zay\u0131f d\u00fc\u015fm\u00fc\u015f bal\u0131klar i\u00e7in de idealdir. Pullar \u015feklini uzun s\u00fcre korur ve suyu bulan\u0131kla\u015ft\u0131rmaz.<\/p>\n<p>Yemleme \u00f6nerisi<\/p>\n<p>G\u00fcnde bir ya da iki kez, sadece hayvanlar\u0131n k\u0131sa s\u00fcrede alabilece\u011fi kadar besleyin.<\/p>","protected":false},"excerpt":{"rendered":"<p>Balast maddeleri ve karotenoidler y\u00f6n\u00fcnden zengin i\u00e7erikli pullardan olu\u015fan bitkisel yem sera Flora Nature, y\u00fczeyden beslenen t\u00fcm ot\u00e7ul bal\u0131klar i\u00e7in boya ve koruyucu madde i\u00e7ermeyen bitkisel yem. Y\u00fcksek karotenoid y\u00fczdesiyle Spirulina gibi balast\u00e7a zengin maddeler i\u00e7eren do\u011fal malzemeler sayesinde yem sa\u011fl\u0131kl\u0131 sindirimi garantiler ve canl\u0131l\u0131\u011f\u0131 art\u0131r\u0131r. Y\u00fcksek y\u00fczdede bitkisel proteiniyle kolayl\u0131kla sindirilebilen bile\u015fim, \u00f6rne\u011fin bir [&hellip;]<\/p>","protected":false},"featured_media":2999,"comment_status":"open","ping_status":"closed","template":"","meta":[],"pwb-brand":[178],"product_brand":[],"product_cat":[91],"product_tag":[],"class_list":{"0":"post-3003","1":"product","2":"type-product","3":"status-publish","4":"has-post-thumbnail","6":"pwb-brand-sera","7":"product_cat-tablet-yemler","9":"first","10":"instock","11":"taxable","12":"shipping-taxable","13":"purchasable","14":"product-type-simple"},"brands":[{"id":178,"name":"Sera","slug":"sera"}],"_links":{"self":[{"href":"https:\/\/falvarapet.com\/en\/wp-json\/wp\/v2\/product\/3003","targetHints":{"allow":["GET"]}}],"collection":[{"href":"https:\/\/falvarapet.com\/en\/wp-json\/wp\/v2\/product"}],"about":[{"href":"https:\/\/falvarapet.com\/en\/wp-json\/wp\/v2\/types\/product"}],"replies":[{"embeddable":true,"href":"https:\/\/falvarapet.com\/en\/wp-json\/wp\/v2\/comments?post=3003"}],"wp:featuredmedia":[{"embeddable":true,"href":"https:\/\/falvarapet.com\/en\/wp-json\/wp\/v2\/media\/2999"}],"wp:attachment":[{"href":"https:\/\/falvarapet.com\/en\/wp-json\/wp\/v2\/media?parent=3003"}],"wp:term":[{"taxonomy":"pwb-brand","embeddable":true,"href":"https:\/\/falvarapet.com\/en\/wp-json\/wp\/v2\/pwb-brand?post=3003"},{"taxonomy":"product_brand","embeddable":true,"href":"https:\/\/falvarapet.com\/en\/wp-json\/wp\/v2\/product_brand?post=3003"},{"taxonomy":"product_cat","embeddable":true,"href":"https:\/\/falvarapet.com\/en\/wp-json\/wp\/v2\/product_cat?post=3003"},{"taxonomy":"product_tag","embeddable":true,"href":"https:\/\/falvarapet.com\/en\/wp-json\/wp\/v2\/product_tag?post=3003"}],"curies":[{"name":"wp","href":"https:\/\/api.w.org\/{rel}","templated":true}]}}