{"id":2991,"date":"2025-06-18T11:32:01","date_gmt":"2025-06-18T11:32:01","guid":{"rendered":"https:\/\/falvarapet.com\/?post_type=product&#038;p=2991"},"modified":"2026-03-15T14:39:04","modified_gmt":"2026-03-15T14:39:04","slug":"250-adet-sera-spirulina-tabs-nature-balik-yemi-kovadan-bolme","status":"publish","type":"product","link":"https:\/\/falvarapet.com\/en\/product\/250-adet-sera-spirulina-tabs-nature-balik-yemi-kovadan-bolme\/","title":{"rendered":"250 Adet Sera Spirulina Tabs Nature Bal\u0131k Yemi-Kovadan B\u00f6lme"},"content":{"rendered":"<p>Sa\u011fl\u0131kl\u0131 sindirim ve canl\u0131l\u0131k i\u00e7in %24 spirulina i\u00e7eren tutturulabilen tabletler<\/p>\n<p>sera Spirulina Tabs Nature, boya ve koruyucu madde i\u00e7ermeyen tutturulabilen bitkisel tablet yemdir. Tatl\u0131 ve deniz suyunda esas olarak ot\u00e7ul bal\u0131klar ve omurgas\u0131zlar i\u00e7in m\u00fckemmel derecede uygundur.<\/p>\n<p>Spirulina alglerinin \u00f6zellikle y\u00fcksek y\u00fczdesi (%24) sa\u011fl\u0131kl\u0131 sindirim ve canl\u0131l\u0131\u011f\u0131 destekler. Dengeli yiyecekler, sa\u011fl\u0131kl\u0131 geli\u015fmeyi, g\u00f6rkemli g\u00f6r\u00fcn\u00fcm\u00fc ve hayvanlar\u0131n uygun davran\u0131\u015flar\u0131n\u0131 destekler.<\/p>\n<p>\u00d6zenle \u00fcretilen tabletler dibe batar veya akvaryum cam\u0131na hafif parmak bas\u0131nc\u0131yla tutturulabilir. Bu, yerken utanga\u00e7 bal\u0131klar\u0131 bile izlemenizi sa\u011flar.<\/p>\n<p>Yemleme \u00f6nerisi<\/p>\n<p>G\u00fcnde bir ya da iki kez, sadece hayvanlar\u0131n k\u0131sa s\u00fcrede alabilece\u011fi kadar besleyin.<\/p>","protected":false},"excerpt":{"rendered":"<p>Sa\u011fl\u0131kl\u0131 sindirim ve canl\u0131l\u0131k i\u00e7in %24 spirulina i\u00e7eren tutturulabilen tabletler sera Spirulina Tabs Nature, boya ve koruyucu madde i\u00e7ermeyen tutturulabilen bitkisel tablet yemdir. Tatl\u0131 ve deniz suyunda esas olarak ot\u00e7ul bal\u0131klar ve omurgas\u0131zlar i\u00e7in m\u00fckemmel derecede uygundur. Spirulina alglerinin \u00f6zellikle y\u00fcksek y\u00fczdesi (%24) sa\u011fl\u0131kl\u0131 sindirim ve canl\u0131l\u0131\u011f\u0131 destekler. Dengeli yiyecekler, sa\u011fl\u0131kl\u0131 geli\u015fmeyi, g\u00f6rkemli g\u00f6r\u00fcn\u00fcm\u00fc ve [&hellip;]<\/p>","protected":false},"featured_media":2992,"comment_status":"open","ping_status":"closed","template":"","meta":[],"pwb-brand":[178],"product_brand":[],"product_cat":[91],"product_tag":[],"class_list":{"0":"post-2991","1":"product","2":"type-product","3":"status-publish","4":"has-post-thumbnail","6":"pwb-brand-sera","7":"product_cat-tablet-yemler","9":"first","10":"instock","11":"taxable","12":"shipping-taxable","13":"purchasable","14":"product-type-simple"},"brands":[{"id":178,"name":"Sera","slug":"sera"}],"_links":{"self":[{"href":"https:\/\/falvarapet.com\/en\/wp-json\/wp\/v2\/product\/2991","targetHints":{"allow":["GET"]}}],"collection":[{"href":"https:\/\/falvarapet.com\/en\/wp-json\/wp\/v2\/product"}],"about":[{"href":"https:\/\/falvarapet.com\/en\/wp-json\/wp\/v2\/types\/product"}],"replies":[{"embeddable":true,"href":"https:\/\/falvarapet.com\/en\/wp-json\/wp\/v2\/comments?post=2991"}],"wp:featuredmedia":[{"embeddable":true,"href":"https:\/\/falvarapet.com\/en\/wp-json\/wp\/v2\/media\/2992"}],"wp:attachment":[{"href":"https:\/\/falvarapet.com\/en\/wp-json\/wp\/v2\/media?parent=2991"}],"wp:term":[{"taxonomy":"pwb-brand","embeddable":true,"href":"https:\/\/falvarapet.com\/en\/wp-json\/wp\/v2\/pwb-brand?post=2991"},{"taxonomy":"product_brand","embeddable":true,"href":"https:\/\/falvarapet.com\/en\/wp-json\/wp\/v2\/product_brand?post=2991"},{"taxonomy":"product_cat","embeddable":true,"href":"https:\/\/falvarapet.com\/en\/wp-json\/wp\/v2\/product_cat?post=2991"},{"taxonomy":"product_tag","embeddable":true,"href":"https:\/\/falvarapet.com\/en\/wp-json\/wp\/v2\/product_tag?post=2991"}],"curies":[{"name":"wp","href":"https:\/\/api.w.org\/{rel}","templated":true}]}}