{"id":2986,"date":"2025-06-17T16:28:19","date_gmt":"2025-06-17T16:28:19","guid":{"rendered":"https:\/\/falvarapet.com\/?post_type=product&#038;p=2986"},"modified":"2026-03-27T06:21:51","modified_gmt":"2026-03-27T06:21:51","slug":"250-gram-tropical-pond-pellet-mix-pond-balik-yemi-kovadan-bolme","status":"publish","type":"product","link":"https:\/\/falvarapet.com\/en\/product\/250-gram-tropical-pond-pellet-mix-pond-balik-yemi-kovadan-bolme\/","title":{"rendered":"250 Gram Tropical Pond Pellet Mix Pond Bal\u0131k Yemi-Kovadan B\u00f6lme"},"content":{"rendered":"<div>\n<p>Bah\u00e7e havuzlar\u0131nda yeti\u015ftirilen Japon bal\u0131klar\u0131 ve Koi bal\u0131klar\u0131 gibi sazangiller ailesi \u00fcyelerinin g\u00fcnl\u00fck beslenmelerinde kullan\u0131lmak \u00fczere haz\u0131rlanm\u0131\u015f yeni bir Tropical \u00fcr\u00fcn\u00fcd\u00fcr.<\/p>\n<p>Pond Pellet Mix, bir havuzda Koi, Japon bal\u0131\u011f\u0131 ve di\u011fer s\u00fcs ciprinidleri i\u00e7in tam y\u00fczen top yemidir, y\u00fczen gran\u00fcller halindedir, bu da bal\u0131klar\u0131 beslenmeleri s\u0131ras\u0131nda g\u00f6zlemleyebilmenizi ve fazla yem vermeniz halinde yemin kalan\u0131n\u0131 geri toplayabilmenizi kolayla\u015ft\u0131r\u0131r.<\/p>\n<p>Yem \u00fc\u00e7 farkl\u0131 y\u00fczen gran\u00fcl i\u00e7erir: renklendirici, kar\u0131\u015f\u0131k ve bitkisel gran\u00fcller.<\/p>\n<p>Bu sayede Japon ve Koi bal\u0131klar\u0131n\u0131n beslenme gereksinimlerini tam olarak kar\u015f\u0131lar ve onlara \u00e7e\u015fitlendirilmi\u015f bir diyet sunar.<\/p>\n<p>Bitki ve hayvan kaynakl\u0131 besinler ve bir dizi vitamin ve mikro element i\u00e7eren uygun \u015fekilde dengelenmi\u015f bir tarif, bal\u0131\u011f\u0131n m\u00fckemmel durumunu ve sa\u011fl\u0131\u011f\u0131n\u0131 garanti eder.\u00a0Yem, k\u0131rm\u0131z\u0131 ve alt\u0131n rengini g\u00fc\u00e7lendirirken bal\u0131klar\u0131n besin ihtiyac\u0131n\u0131 tam olarak kar\u015f\u0131lar.\u00a0Pelet Kar\u0131\u015f\u0131m\u0131, havuzda ya\u015fayan baz\u0131 amfibiler ve kerevitler taraf\u0131ndan da hevesle yenir.\u00a0D\u00fczenli olarak Pelet Kar\u0131\u015f\u0131m\u0131 ile beslenen bal\u0131klar sa\u011fl\u0131kl\u0131, hayat dolu ve renkleri g\u00fczeldir.<\/p>\n<p>Havuzdaki g\u00fczel ve sa\u011fl\u0131kl\u0131 bal\u0131klar bir\u00e7ok fakt\u00f6r\u00fcn sonucudur.\u00a0En \u00f6nemlilerinden biri, bal\u0131klar\u0131n ihtiya\u00e7lar\u0131na g\u00f6re ayarlanm\u0131\u015f dengeli bir diyettir.\u00a0Y\u00fcksek kaliteli yiyeceklerin kullan\u0131lmas\u0131 sadece bal\u0131\u011fa gerekli besinleri sa\u011flamakla kalmaz, ayn\u0131 zamanda havuzun metabolik \u00fcr\u00fcnlerle a\u015f\u0131r\u0131 y\u00fcklenmesini \u00f6nler.\u00a0S\u00fcs bal\u0131klar\u0131 ve havuz bak\u0131m\u0131 i\u00e7in \u00e7e\u015fitli \u00fcr\u00fcn yelpazesi, y\u00fcksek kaliteli yiyecek ve kar\u0131\u015f\u0131mlar\u0131 i\u00e7erir.<\/p>\n<p>Tropikal s\u00fcs bal\u0131klar\u0131 yemleri, se\u00e7ilmi\u015f malzemelerden yap\u0131l\u0131r ve bal\u0131\u011f\u0131n beslenme ihtiya\u00e7lar\u0131na g\u00f6re ayarlan\u0131r.\u00a0Havuz bal\u0131klar\u0131na besin ihtiya\u00e7lar\u0131n\u0131 kar\u015f\u0131layan sa\u011fl\u0131kl\u0131 bir diyet sa\u011flarlar.\u00a0Bal\u0131klar\u0131 m\u00fckemmel durumda tutarlar, d\u00fczg\u00fcn b\u00fcy\u00fcmelerini ve geli\u015fmelerini ve g\u00fczel renklenmelerini olumlu y\u00f6nde etkilerler.<\/p>\n<p>Pelet Kar\u0131\u015f\u0131m\u0131 d\u00fczenli olarak beslendi\u011finde bal\u0131klar\u0131 m\u00fckemmel durumda tutar ve e\u015fit b\u00fcy\u00fcmelerine ve geli\u015fmelerine katk\u0131da bulunur.<\/p>\n<p>Azalt\u0131lm\u0131\u015f fosfor i\u00e7eri\u011fi nedeniyle, yiyecek havuzda yosun olu\u015fumuna katk\u0131da bulunmaz.<\/p>\n<p>Yiyecekleri ilkbahardan sonbahar\u0131n sonlar\u0131na kadar, 10 \u00b0 C&#8217;nin \u00fczerindeki su s\u0131cakl\u0131klar\u0131nda ve i\u00e7 mekanlar da k\u0131\u015f\u0131n k\u00fc\u00e7\u00fck bal\u0131klar\u0131n beslenmesinde kullan\u0131l\u0131r.<\/p>\n<\/div>\n<p>G\u00fcnde 2 defa, 2-3 dakikada bitirebilecekleri kadar verilir.<\/p>","protected":false},"excerpt":{"rendered":"<p>Bah\u00e7e havuzlar\u0131nda yeti\u015ftirilen Japon bal\u0131klar\u0131 ve Koi bal\u0131klar\u0131 gibi sazangiller ailesi \u00fcyelerinin g\u00fcnl\u00fck beslenmelerinde kullan\u0131lmak \u00fczere haz\u0131rlanm\u0131\u015f yeni bir Tropical \u00fcr\u00fcn\u00fcd\u00fcr. Pond Pellet Mix, bir havuzda Koi, Japon bal\u0131\u011f\u0131 ve di\u011fer s\u00fcs ciprinidleri i\u00e7in tam y\u00fczen top yemidir, y\u00fczen gran\u00fcller halindedir, bu da bal\u0131klar\u0131 beslenmeleri s\u0131ras\u0131nda g\u00f6zlemleyebilmenizi ve fazla yem vermeniz halinde yemin kalan\u0131n\u0131 geri [&hellip;]<\/p>","protected":false},"featured_media":2987,"comment_status":"open","ping_status":"closed","template":"","meta":[],"pwb-brand":[176],"product_brand":[],"product_cat":[96],"product_tag":[],"class_list":{"0":"post-2986","1":"product","2":"type-product","3":"status-publish","4":"has-post-thumbnail","6":"pwb-brand-tropical","7":"product_cat-cubuk-stick-yemler","9":"first","10":"instock","11":"taxable","12":"shipping-taxable","13":"purchasable","14":"product-type-simple"},"brands":[{"id":176,"name":"Tropical","slug":"tropical"}],"_links":{"self":[{"href":"https:\/\/falvarapet.com\/en\/wp-json\/wp\/v2\/product\/2986","targetHints":{"allow":["GET"]}}],"collection":[{"href":"https:\/\/falvarapet.com\/en\/wp-json\/wp\/v2\/product"}],"about":[{"href":"https:\/\/falvarapet.com\/en\/wp-json\/wp\/v2\/types\/product"}],"replies":[{"embeddable":true,"href":"https:\/\/falvarapet.com\/en\/wp-json\/wp\/v2\/comments?post=2986"}],"wp:featuredmedia":[{"embeddable":true,"href":"https:\/\/falvarapet.com\/en\/wp-json\/wp\/v2\/media\/2987"}],"wp:attachment":[{"href":"https:\/\/falvarapet.com\/en\/wp-json\/wp\/v2\/media?parent=2986"}],"wp:term":[{"taxonomy":"pwb-brand","embeddable":true,"href":"https:\/\/falvarapet.com\/en\/wp-json\/wp\/v2\/pwb-brand?post=2986"},{"taxonomy":"product_brand","embeddable":true,"href":"https:\/\/falvarapet.com\/en\/wp-json\/wp\/v2\/product_brand?post=2986"},{"taxonomy":"product_cat","embeddable":true,"href":"https:\/\/falvarapet.com\/en\/wp-json\/wp\/v2\/product_cat?post=2986"},{"taxonomy":"product_tag","embeddable":true,"href":"https:\/\/falvarapet.com\/en\/wp-json\/wp\/v2\/product_tag?post=2986"}],"curies":[{"name":"wp","href":"https:\/\/api.w.org\/{rel}","templated":true}]}}