{"id":2981,"date":"2025-06-17T16:23:46","date_gmt":"2025-06-17T16:23:46","guid":{"rendered":"https:\/\/falvarapet.com\/?post_type=product&#038;p=2981"},"modified":"2026-03-15T14:08:59","modified_gmt":"2026-03-15T14:08:59","slug":"250-gram-tropical-d-vital-plus-pul-balik-yemi-kovadan-bolme","status":"publish","type":"product","link":"https:\/\/falvarapet.com\/en\/product\/250-gram-tropical-d-vital-plus-pul-balik-yemi-kovadan-bolme\/","title":{"rendered":"250 Gram Tropical D-vital Plus Pul Bal\u0131k Yemi-Kovadan B\u00f6lme"},"content":{"rendered":"<div>\n<p>Tropical D-Vital i\u00e7eri\u011findeki E vitamini ile discus bal\u0131klar\u0131n canl\u0131l\u0131\u011f\u0131n\u0131 art\u0131ran pul bal\u0131k yemi. E vitamini, yumurta sar\u0131s\u0131ndan kolayca asimile edilebilir. Tropical D-Vital \u0130\u00e7eri\u011findeki lezzetli kalamar ve krilden kolayca sindirilebilir. Protein de dahil olmak \u00fczere son derece besleyici bile\u015fenler i\u00e7erir. L-karnitin ya\u011f metabolizmas\u0131n\u0131 te\u015fvik eder ve yavrular\u0131n yeti\u015ftirilmesi ve bak\u0131m\u0131 i\u00e7in ek enerji sa\u011flar.<\/p>\n<p>Yem i\u00e7eri\u011fi<br \/>\n-Bal\u0131k ve bal\u0131k t\u00fcrevleri, tah\u0131llar, yumu\u015fak\u00e7alar ve kabuklular (kalamar unu en az% 10, kril yeme\u011fi en az% 1), bitkisel protein \u00f6zleri, bitkisel k\u00f6kenli t\u00fcrevler, algler (Spirulina platensis min.% 0.5), yumurta ve yumurta t\u00fcrevler, s\u0131v\u0131 ve kat\u0131 ya\u011flar, mineraller (% 1 zeolit dahil). Katk\u0131 maddeleri (kg ba\u015f\u0131na)<br \/>\n-Benzer etkiye sahip vitaminler, \u00f6n vitaminler ve kimyasal olarak iyi tan\u0131mlanm\u0131\u015f maddeler: vit. Bir 284 000 IU, vit. D3 2480 IU, vit. E 1 900 mg, vit. C13200 mg, L-karnitin 500 mg.<\/p>\n<p>Eser elementlerin bile\u015fikleri<br \/>\n-E1 (Fe) 51.0 mg, E6 (Zn) 14.2 mg, E5 (Mn) 10.6 mg, E4 (Cu) 2.5 mg, E2 (I) 0.3 mg, E8 (Se) 0.3 mg, E7 (Mo (Mo) ) 0.07 mg. Lesitin. Renklendiriciler: astaksantin 120 mg.<\/p>\n<p>Analitik bile\u015fikler<br \/>\n-Ham protein% 49.0, ham ya\u011flar ve ya\u011flar% 9.5, ham elyaflar% 3.0, nem% 6.0.<\/p>\n<p>Tropical bal\u0131k yemleri , suya sal\u0131n\u0131m yapmayan bal\u0131k yemidir.<\/p>\n<p>Y\u00fcksek kaliteli i\u00e7eri\u011fiyle yavru ve yeti\u015fkin bal\u0131k t\u00fcrleri i\u00e7in uygundur.<\/p>\n<\/div>\n<p>G\u00fcnde 2 defa, 2-3 dakikada bitirebilecekleri kadar verilir.<\/p>","protected":false},"excerpt":{"rendered":"<p>Tropical D-Vital i\u00e7eri\u011findeki E vitamini ile discus bal\u0131klar\u0131n canl\u0131l\u0131\u011f\u0131n\u0131 art\u0131ran pul bal\u0131k yemi. E vitamini, yumurta sar\u0131s\u0131ndan kolayca asimile edilebilir. Tropical D-Vital \u0130\u00e7eri\u011findeki lezzetli kalamar ve krilden kolayca sindirilebilir. Protein de dahil olmak \u00fczere son derece besleyici bile\u015fenler i\u00e7erir. L-karnitin ya\u011f metabolizmas\u0131n\u0131 te\u015fvik eder ve yavrular\u0131n yeti\u015ftirilmesi ve bak\u0131m\u0131 i\u00e7in ek enerji sa\u011flar. Yem i\u00e7eri\u011fi [&hellip;]<\/p>","protected":false},"featured_media":2982,"comment_status":"open","ping_status":"closed","template":"","meta":[],"pwb-brand":[176],"product_brand":[],"product_cat":[92],"product_tag":[],"class_list":{"0":"post-2981","1":"product","2":"type-product","3":"status-publish","4":"has-post-thumbnail","6":"pwb-brand-tropical","7":"product_cat-pul-yemler","9":"first","10":"instock","11":"taxable","12":"shipping-taxable","13":"purchasable","14":"product-type-simple"},"brands":[{"id":176,"name":"Tropical","slug":"tropical"}],"_links":{"self":[{"href":"https:\/\/falvarapet.com\/en\/wp-json\/wp\/v2\/product\/2981","targetHints":{"allow":["GET"]}}],"collection":[{"href":"https:\/\/falvarapet.com\/en\/wp-json\/wp\/v2\/product"}],"about":[{"href":"https:\/\/falvarapet.com\/en\/wp-json\/wp\/v2\/types\/product"}],"replies":[{"embeddable":true,"href":"https:\/\/falvarapet.com\/en\/wp-json\/wp\/v2\/comments?post=2981"}],"wp:featuredmedia":[{"embeddable":true,"href":"https:\/\/falvarapet.com\/en\/wp-json\/wp\/v2\/media\/2982"}],"wp:attachment":[{"href":"https:\/\/falvarapet.com\/en\/wp-json\/wp\/v2\/media?parent=2981"}],"wp:term":[{"taxonomy":"pwb-brand","embeddable":true,"href":"https:\/\/falvarapet.com\/en\/wp-json\/wp\/v2\/pwb-brand?post=2981"},{"taxonomy":"product_brand","embeddable":true,"href":"https:\/\/falvarapet.com\/en\/wp-json\/wp\/v2\/product_brand?post=2981"},{"taxonomy":"product_cat","embeddable":true,"href":"https:\/\/falvarapet.com\/en\/wp-json\/wp\/v2\/product_cat?post=2981"},{"taxonomy":"product_tag","embeddable":true,"href":"https:\/\/falvarapet.com\/en\/wp-json\/wp\/v2\/product_tag?post=2981"}],"curies":[{"name":"wp","href":"https:\/\/api.w.org\/{rel}","templated":true}]}}