{"id":2979,"date":"2025-06-17T16:16:46","date_gmt":"2025-06-17T16:16:46","guid":{"rendered":"https:\/\/falvarapet.com\/?post_type=product&#038;p=2979"},"modified":"2026-03-30T13:17:28","modified_gmt":"2026-03-30T13:17:28","slug":"500-adet-tropical-vitalitycolor-tablets-balik-yemi-kovadan-bolme","status":"publish","type":"product","link":"https:\/\/falvarapet.com\/en\/product\/500-adet-tropical-vitalitycolor-tablets-balik-yemi-kovadan-bolme","title":{"rendered":"500 Adet Tropical Vitality&#038;Color Tablets Bal\u0131k Yemi-Kovadan B\u00f6lme"},"content":{"rendered":"<div>\n<p>VITALITY &amp; COLOR TABLETS y\u00fcksek protein i\u00e7erikli kendinden yap\u0131\u015f\u0131r tabletler halinde tasarlanm\u0131\u015f, canland\u0131r\u0131c\u0131 ve renklendirici\u00a0\u00f6zellikli bir yemdir.<\/p>\n<p>Derinlerden veya dipten beslenen omnivor ve etobur akvaryum bal\u0131klar\u0131n\u0131n g\u00fcnl\u00fck beslenmelerinde kullan\u0131l\u0131r.<\/p>\n<p>Tabletler k\u00fc\u00e7\u00fck taneciklerden \u00fcretildi\u011finden yavru bal\u0131klar\u0131n beslenmesinde de kullan\u0131labilir.<\/p>\n<p>Y\u00fcksek protein oran\u0131, yumurta sar\u0131s\u0131ndan elde edilen lesitin ve E vitamini \u00fcremeyi stim\u00fcle etmelerinin yan\u0131 s\u0131ra bal\u0131klar\u0131n b\u00fcy\u00fcme ve olgunla\u015fmalar\u0131na olumlu etkilerde bulunurlar.<\/p>\n<p>Kril ve karideslerden elde edilen do\u011fal astaksantin bal\u0131klar\u0131n renklerini canl\u0131la\u015ft\u0131r\u0131rken L-karnitin katk\u0131s\u0131 bal\u0131klar\u0131n yemde bulunan ya\u011flar\u0131 daha iyi sindirmelerine yard\u0131mc\u0131 olur.<\/p>\n<\/div>\n<p>G\u00fcnde 2 defa, 2-3 dakikada bitirebilecekleri kadar verilir.<\/p>","protected":false},"excerpt":{"rendered":"<p>VITALITY &amp; COLOR TABLETS y\u00fcksek protein i\u00e7erikli kendinden yap\u0131\u015f\u0131r tabletler halinde tasarlanm\u0131\u015f, canland\u0131r\u0131c\u0131 ve renklendirici\u00a0\u00f6zellikli bir yemdir. Derinlerden veya dipten beslenen omnivor ve etobur akvaryum bal\u0131klar\u0131n\u0131n g\u00fcnl\u00fck beslenmelerinde kullan\u0131l\u0131r. Tabletler k\u00fc\u00e7\u00fck taneciklerden \u00fcretildi\u011finden yavru bal\u0131klar\u0131n beslenmesinde de kullan\u0131labilir. Y\u00fcksek protein oran\u0131, yumurta sar\u0131s\u0131ndan elde edilen lesitin ve E vitamini \u00fcremeyi stim\u00fcle etmelerinin yan\u0131 s\u0131ra bal\u0131klar\u0131n [&hellip;]<\/p>","protected":false},"featured_media":2976,"comment_status":"open","ping_status":"closed","template":"","meta":{"om_disable_all_campaigns":false,"_monsterinsights_skip_tracking":false,"_monsterinsights_sitenote_active":false,"_monsterinsights_sitenote_note":"","_monsterinsights_sitenote_category":0},"pwb-brand":[176],"product_brand":[],"product_cat":[91],"product_tag":[],"class_list":{"0":"post-2979","1":"product","2":"type-product","3":"status-publish","4":"has-post-thumbnail","6":"pwb-brand-tropical","7":"product_cat-tablet-yemler","9":"first","10":"instock","11":"taxable","12":"shipping-taxable","13":"purchasable","14":"product-type-simple"},"aioseo_notices":[],"brands":[{"id":176,"name":"Tropical","slug":"tropical"}],"_links":{"self":[{"href":"https:\/\/falvarapet.com\/en\/wp-json\/wp\/v2\/product\/2979","targetHints":{"allow":["GET"]}}],"collection":[{"href":"https:\/\/falvarapet.com\/en\/wp-json\/wp\/v2\/product"}],"about":[{"href":"https:\/\/falvarapet.com\/en\/wp-json\/wp\/v2\/types\/product"}],"replies":[{"embeddable":true,"href":"https:\/\/falvarapet.com\/en\/wp-json\/wp\/v2\/comments?post=2979"}],"version-history":[{"count":0,"href":"https:\/\/falvarapet.com\/en\/wp-json\/wp\/v2\/product\/2979\/revisions"}],"wp:featuredmedia":[{"embeddable":true,"href":"https:\/\/falvarapet.com\/en\/wp-json\/wp\/v2\/media\/2976"}],"wp:attachment":[{"href":"https:\/\/falvarapet.com\/en\/wp-json\/wp\/v2\/media?parent=2979"}],"wp:term":[{"taxonomy":"pwb-brand","embeddable":true,"href":"https:\/\/falvarapet.com\/en\/wp-json\/wp\/v2\/pwb-brand?post=2979"},{"taxonomy":"product_brand","embeddable":true,"href":"https:\/\/falvarapet.com\/en\/wp-json\/wp\/v2\/product_brand?post=2979"},{"taxonomy":"product_cat","embeddable":true,"href":"https:\/\/falvarapet.com\/en\/wp-json\/wp\/v2\/product_cat?post=2979"},{"taxonomy":"product_tag","embeddable":true,"href":"https:\/\/falvarapet.com\/en\/wp-json\/wp\/v2\/product_tag?post=2979"}],"curies":[{"name":"wp","href":"https:\/\/api.w.org\/{rel}","templated":true}]}}