{"id":2973,"date":"2025-06-17T16:11:20","date_gmt":"2025-06-17T16:11:20","guid":{"rendered":"https:\/\/falvarapet.com\/?post_type=product&#038;p=2973"},"modified":"2026-03-30T13:27:13","modified_gmt":"2026-03-30T13:27:13","slug":"250-gram-tropical-supervit-tablets-b-balik-yemi-kovadan-bolme","status":"publish","type":"product","link":"https:\/\/falvarapet.com\/en\/product\/250-gram-tropical-supervit-tablets-b-balik-yemi-kovadan-bolme","title":{"rendered":"250 Gram Tropical S\u00fcpervit Tablets B Bal\u0131k Yemi-Kovadan B\u00f6lme"},"content":{"rendered":"<div>\n<h3 class=\"unf-sell-sub-title\"><span style=\"font-size: 16px;\">\u00c7\u00f6p\u00e7\u00fc bal\u0131klar\u0131, yosun yiyiciler, kedi bal\u0131klar\u0131 ve daha b\u00fcy\u00fck omnivor ve et\u00e7il bal\u0131klar\u0131n g\u00fcnl\u00fck beslenmelerinde kullan\u0131lmak \u00fczere <\/span><u style=\"font-size: 16px;\">dibe batan tabletler<\/u><span style=\"font-size: 16px;\">\u00a0\u015feklinde tasarlanm\u0131\u015f kar\u0131\u015f\u0131k yemdir.<\/span><\/h3>\n<div class=\"unf-info-desc\">\n<p>SUPERVIT TABLETS B ayr\u0131ca kabuklular, salyangozlar ve su kaplumba\u011falar\u0131 i\u00e7in de m\u00fckemmel bir yemdir.<\/p>\n<p>Yemin i\u00e7eri\u011finde bulunan do\u011fal bir immunostim\u00fclan olan beta-glukan ve stabilize C vitamini hayvan\u0131n metabolizmas\u0131n\u0131n patojenlerle sava\u015fmas\u0131na yard\u0131mc\u0131 olmak suretiyle ba\u011f\u0131\u015f\u0131kl\u0131k sistemini g\u00fc\u00e7lendirir.<\/p>\n<p>\u0130\u00e7eri\u011finde bulunan y\u00fcksek kaliteli maddeler, \u00f6zenle se\u00e7ilmi\u015f vitaminler ve mikro elementler \u00f6zenli bir bak\u0131m gerektiren bal\u0131k t\u00fcrlerinin beslenme ve enerji ihtiya\u00e7lar\u0131n\u0131 kar\u015f\u0131lamaktad\u0131r.<\/p>\n<p><strong><u>Tabletler cama yap\u0131\u015fmaz<\/u><\/strong><\/p>\n<\/div>\n<\/div>\n<p>G\u00fcnde 2 defa, 2-3 dakikada bitirebilecekleri kadar verilir.<\/p>","protected":false},"excerpt":{"rendered":"<p>\u00c7\u00f6p\u00e7\u00fc bal\u0131klar\u0131, yosun yiyiciler, kedi bal\u0131klar\u0131 ve daha b\u00fcy\u00fck omnivor ve et\u00e7il bal\u0131klar\u0131n g\u00fcnl\u00fck beslenmelerinde kullan\u0131lmak \u00fczere dibe batan tabletler\u00a0\u015feklinde tasarlanm\u0131\u015f kar\u0131\u015f\u0131k yemdir. SUPERVIT TABLETS B ayr\u0131ca kabuklular, salyangozlar ve su kaplumba\u011falar\u0131 i\u00e7in de m\u00fckemmel bir yemdir. Yemin i\u00e7eri\u011finde bulunan do\u011fal bir immunostim\u00fclan olan beta-glukan ve stabilize C vitamini hayvan\u0131n metabolizmas\u0131n\u0131n patojenlerle sava\u015fmas\u0131na yard\u0131mc\u0131 olmak [&hellip;]<\/p>","protected":false},"featured_media":2970,"comment_status":"open","ping_status":"closed","template":"","meta":{"om_disable_all_campaigns":false,"_monsterinsights_skip_tracking":false,"_monsterinsights_sitenote_active":false,"_monsterinsights_sitenote_note":"","_monsterinsights_sitenote_category":0},"pwb-brand":[176],"product_brand":[],"product_cat":[91],"product_tag":[],"class_list":{"0":"post-2973","1":"product","2":"type-product","3":"status-publish","4":"has-post-thumbnail","6":"pwb-brand-tropical","7":"product_cat-tablet-yemler","9":"first","10":"instock","11":"taxable","12":"shipping-taxable","13":"purchasable","14":"product-type-simple"},"aioseo_notices":[],"brands":[{"id":176,"name":"Tropical","slug":"tropical"}],"_links":{"self":[{"href":"https:\/\/falvarapet.com\/en\/wp-json\/wp\/v2\/product\/2973","targetHints":{"allow":["GET"]}}],"collection":[{"href":"https:\/\/falvarapet.com\/en\/wp-json\/wp\/v2\/product"}],"about":[{"href":"https:\/\/falvarapet.com\/en\/wp-json\/wp\/v2\/types\/product"}],"replies":[{"embeddable":true,"href":"https:\/\/falvarapet.com\/en\/wp-json\/wp\/v2\/comments?post=2973"}],"version-history":[{"count":0,"href":"https:\/\/falvarapet.com\/en\/wp-json\/wp\/v2\/product\/2973\/revisions"}],"wp:featuredmedia":[{"embeddable":true,"href":"https:\/\/falvarapet.com\/en\/wp-json\/wp\/v2\/media\/2970"}],"wp:attachment":[{"href":"https:\/\/falvarapet.com\/en\/wp-json\/wp\/v2\/media?parent=2973"}],"wp:term":[{"taxonomy":"pwb-brand","embeddable":true,"href":"https:\/\/falvarapet.com\/en\/wp-json\/wp\/v2\/pwb-brand?post=2973"},{"taxonomy":"product_brand","embeddable":true,"href":"https:\/\/falvarapet.com\/en\/wp-json\/wp\/v2\/product_brand?post=2973"},{"taxonomy":"product_cat","embeddable":true,"href":"https:\/\/falvarapet.com\/en\/wp-json\/wp\/v2\/product_cat?post=2973"},{"taxonomy":"product_tag","embeddable":true,"href":"https:\/\/falvarapet.com\/en\/wp-json\/wp\/v2\/product_tag?post=2973"}],"curies":[{"name":"wp","href":"https:\/\/api.w.org\/{rel}","templated":true}]}}