{"id":2957,"date":"2025-06-17T15:43:25","date_gmt":"2025-06-17T15:43:25","guid":{"rendered":"https:\/\/falvarapet.com\/?post_type=product&#038;p=2957"},"modified":"2026-04-13T07:56:15","modified_gmt":"2026-04-13T07:56:15","slug":"250-adet-tropical-spirulina-super-forte-tablets-balik-yemi-kovadan-bolme","status":"publish","type":"product","link":"https:\/\/falvarapet.com\/en\/product\/250-adet-tropical-spirulina-super-forte-tablets-balik-yemi-kovadan-bolme\/","title":{"rendered":"250 Adet Tropical Spirulina S\u00fcper Forte Tablets Bal\u0131k Yemi-Kovadan B\u00f6lme"},"content":{"rendered":"<div>\n<div id=\"wrapper\" class=\"wrapper unificationWrap\">\n<div id=\"unf-p-id\" class=\"content\">\n<div class=\"container productContainer\">\n<div class=\"unf-bottom-detail\">\n<div class=\"container\">\n<div class=\"unf-section\" data-id=\"unf-info\">\n<div id=\"unf-info\" class=\"unf-info\">\n<div class=\"unf-info-context\">\n<div class=\"unf-info-desc\">\n<section class=\"uni-content\">\n<div class=\"item left\">\n<p>Afrika k\u00f6kenli yosun yiyici \u00e7iklitler ve bitkisel besinlere ihtiya\u00e7 duyan deniz bal\u0131klar\u0131 gibi di\u011fer bal\u0131klar i\u00e7in kendinden yap\u0131\u015fkanl\u0131 tabletler \u015feklinde tasarlanm\u0131\u015f y\u00fcksek oranda Spirulina platensis (%36) i\u00e7eren bitkisel yem.<\/p>\n<p>Spirulina platensis t\u00fcr\u00fc algler bal\u0131klar\u0131n ba\u011f\u0131\u015f\u0131kl\u0131k sistemini aktive etmekte ve ayr\u0131ca sindirim s\u00fcre\u00e7lerine olumlu etkilerde bulunmaktad\u0131r.<\/p>\n<p>Bu algler bal\u0131klar\u0131n fiziki kondisyonlar\u0131n\u0131 y\u00fckselten, b\u00fcy\u00fcmelerini ve canl\u0131l\u0131klar\u0131n\u0131 olumlu olarak etkileyen doymam\u0131\u015f ya\u011f asitleri, kolay sindirilebilir proteinler ve esansiyel aminoasitler bak\u0131m\u0131ndan zengindirler.<\/p>\n<p>Bu yemin d\u00fczenli kullan\u0131lmas\u0131 halinde spirulinada mevcut karotenoidler sayesinde bal\u0131klar\u0131n\u0131z\u0131n renkleri daha canl\u0131 ve parlak olur.<\/p>\n<\/div>\n<\/section>\n<\/div>\n<\/div>\n<\/div>\n<div id=\"unf-prop\" class=\"unf-prop\"><\/div>\n<\/div>\n<\/div>\n<\/div>\n<\/div>\n<\/div>\n<\/div>\n<div id=\"44c51ce2-0419-4c11-b136-eef0e33e8d40\" class=\"font-[Open_Sans] text-14px\" data-id=\"44c51ce2-0419-4c11-b136-eef0e33e8d40\" data-name=\"Root\">G\u00fcnde 2 defa, 2-3 dakikada bitirebilecekleri kadar verilir.<\/div>\n<\/div>","protected":false},"excerpt":{"rendered":"<p>Afrika k\u00f6kenli yosun yiyici \u00e7iklitler ve bitkisel besinlere ihtiya\u00e7 duyan deniz bal\u0131klar\u0131 gibi di\u011fer bal\u0131klar i\u00e7in kendinden yap\u0131\u015fkanl\u0131 tabletler \u015feklinde tasarlanm\u0131\u015f y\u00fcksek oranda Spirulina platensis (%36) i\u00e7eren bitkisel yem. Spirulina platensis t\u00fcr\u00fc algler bal\u0131klar\u0131n ba\u011f\u0131\u015f\u0131kl\u0131k sistemini aktive etmekte ve ayr\u0131ca sindirim s\u00fcre\u00e7lerine olumlu etkilerde bulunmaktad\u0131r. Bu algler bal\u0131klar\u0131n fiziki kondisyonlar\u0131n\u0131 y\u00fckselten, b\u00fcy\u00fcmelerini ve canl\u0131l\u0131klar\u0131n\u0131 olumlu [&hellip;]<\/p>","protected":false},"featured_media":2952,"comment_status":"open","ping_status":"closed","template":"","meta":[],"pwb-brand":[176],"product_brand":[],"product_cat":[91],"product_tag":[],"class_list":{"0":"post-2957","1":"product","2":"type-product","3":"status-publish","4":"has-post-thumbnail","6":"pwb-brand-tropical","7":"product_cat-tablet-yemler","9":"first","10":"instock","11":"taxable","12":"shipping-taxable","13":"purchasable","14":"product-type-simple"},"brands":[{"id":176,"name":"Tropical","slug":"tropical"}],"_links":{"self":[{"href":"https:\/\/falvarapet.com\/en\/wp-json\/wp\/v2\/product\/2957","targetHints":{"allow":["GET"]}}],"collection":[{"href":"https:\/\/falvarapet.com\/en\/wp-json\/wp\/v2\/product"}],"about":[{"href":"https:\/\/falvarapet.com\/en\/wp-json\/wp\/v2\/types\/product"}],"replies":[{"embeddable":true,"href":"https:\/\/falvarapet.com\/en\/wp-json\/wp\/v2\/comments?post=2957"}],"wp:featuredmedia":[{"embeddable":true,"href":"https:\/\/falvarapet.com\/en\/wp-json\/wp\/v2\/media\/2952"}],"wp:attachment":[{"href":"https:\/\/falvarapet.com\/en\/wp-json\/wp\/v2\/media?parent=2957"}],"wp:term":[{"taxonomy":"pwb-brand","embeddable":true,"href":"https:\/\/falvarapet.com\/en\/wp-json\/wp\/v2\/pwb-brand?post=2957"},{"taxonomy":"product_brand","embeddable":true,"href":"https:\/\/falvarapet.com\/en\/wp-json\/wp\/v2\/product_brand?post=2957"},{"taxonomy":"product_cat","embeddable":true,"href":"https:\/\/falvarapet.com\/en\/wp-json\/wp\/v2\/product_cat?post=2957"},{"taxonomy":"product_tag","embeddable":true,"href":"https:\/\/falvarapet.com\/en\/wp-json\/wp\/v2\/product_tag?post=2957"}],"curies":[{"name":"wp","href":"https:\/\/api.w.org\/{rel}","templated":true}]}}