{"id":2949,"date":"2025-06-17T15:35:12","date_gmt":"2025-06-17T15:35:12","guid":{"rendered":"https:\/\/falvarapet.com\/?post_type=product&#038;p=2949"},"modified":"2026-03-19T06:22:13","modified_gmt":"2026-03-19T06:22:13","slug":"100-gr-tropical-pro-defence-m-probiyotikli-granul-balik-yemi-kovadan-bolme","status":"publish","type":"product","link":"https:\/\/falvarapet.com\/en\/product\/100-gr-tropical-pro-defence-m-probiyotikli-granul-balik-yemi-kovadan-bolme\/","title":{"rendered":"100 Gr Tropical Pro Defence M Probiyotikli Gran\u00fcl Bal\u0131k Yemi-Kovadan B\u00f6lme"},"content":{"rendered":"<p>Pro Defence Size M, yeti\u015fkin bal\u0131klar\u0131n g\u00fcnl\u00fck beslenmesi i\u00e7in probiyotik ilaveli, yava\u015f batan gran\u00fcller formunda bir yemdir<\/p>\n<p>. Probiyotik organizmalar\u0131n bal\u0131klar \u00fczerindeki etkisi:<br \/>\n&#8211; sindirim sistemini kolonize ederek, ba\u011f\u0131rsak epiteline yap\u0131\u015farak &#8211; b\u00f6ylece\u00a0bal\u0131klar\u00a0olu\u015fturur. istenmeyen bakterilerin yerle\u015fmesini engelleyen bir bariyer<br \/>\n&#8211; maddeler \u00fcretirler (organik asitler, bakteriyosinler, hidrojen peroksit, lizozim) patojenik bakterilerin b\u00fcy\u00fcmesini engeller<br \/>\n&#8211; patojenik bakterilerin besinlere eri\u015fimini s\u0131n\u0131rlar<br \/>\n&#8211; ba\u011f\u0131\u015f\u0131kl\u0131k sistemini g\u00fc\u00e7lendirir<\/p>\n<p>Probiyotik serisi, bal\u0131klar\u0131n g\u00fcnl\u00fck beslenmesi i\u00e7in probiyotik ilaveli g\u0131dalar\u0131 i\u00e7erir.\u00a0G\u0131daya eklenen probiyotik\u00a0, ba\u011f\u0131rsak mikrofloras\u0131n\u0131 stabilize eden ve g\u0131da kullan\u0131m\u0131n\u0131 iyile\u015ftiren\u00a0<em>Bacillus subtilis<\/em>\u00a0bakterilerinin canl\u0131 endosporlar\u0131n\u0131 i\u00e7erir\u00a0&#8211; bu da bal\u0131k d\u0131\u015fk\u0131s\u0131yla daha az su kontaminasyonu anlam\u0131na gelir.\u00a0Probiyotik ayr\u0131ca bal\u0131\u011f\u0131n genel durumunu ve ba\u011f\u0131\u015f\u0131kl\u0131k sistemini g\u00fc\u00e7lendirir.<\/p>\n<p>Endosporlar, bakterilerin son derece elveri\u015fsiz \u00e7evre ko\u015fullar\u0131nda hayatta kalmas\u0131n\u0131 sa\u011flayan bir spor t\u00fcr\u00fcd\u00fcr.\u00a0Endosporlar 100\u00b0C&#8217;ye kadar y\u00fcksek s\u0131cakl\u0131klara, kurakl\u0131\u011fa, UV radyasyonuna ve ortam\u0131n uygun olmayan pH&#8217;\u0131na dayan\u0131kl\u0131d\u0131r.\u00a0<em>Bacillus subtilis<\/em>\u00a0bakterilerinin endosporlar\u0131n\u0131n bu t\u00fcr \u00f6zelliklerinden dolay\u0131Pro Defence mamalar\u0131na eklenen probiyotik uzun s\u00fcre canl\u0131l\u0131\u011f\u0131n\u0131 korur ve endosporlar\u0131n \u00e7imlenmesi sadece bal\u0131\u011f\u0131n sindirim sisteminde ger\u00e7ekle\u015fir.<\/p>\n<p>&#8211; bal\u0131klar\u0131n g\u00fcnl\u00fck beslenmesi i\u00e7in bir probiyotik ilavesi ile yava\u015f batan gran\u00fcller formundaki yemler &#8211; Yeme<br \/>\neklenen probiyotik\u00a0, ba\u011f\u0131rsak mikrofloras\u0131n\u0131 stabilize eden, g\u0131da kullan\u0131m\u0131n\u0131 iyile\u015ftiren,\u00a0canl\u0131\u00a0<em>Bacillus subtilis<\/em>\u00a0bakterisi endosporlar\u0131n\u0131 i\u00e7erir\u00a0. Sonu\u00e7 olarak, bal\u0131k d\u0131\u015fk\u0131s\u0131 ile su kirlili\u011fini azaltmak<br \/>\n, probiyotik, beta-glukan, vitaminler ve karotenoidlerin sinerjistik etkisi, bal\u0131\u011f\u0131n genel durumunu iyile\u015ftirmede ve ba\u011f\u0131\u015f\u0131kl\u0131k sistemini g\u00fc\u00e7lendirmede g\u00fc\u00e7l\u00fc bir etkiye sahiptir, bu sayede yemleme s\u0131ras\u0131nda da tavsiye edilir. hastal\u0131k, nekahat ve al\u0131\u015fma d\u00f6nemi<br \/>\n&#8211; probiyotik \u00fcreme \u00fczerinde olumlu bir etkiye sahiptir, bal\u0131klar\u0131n do\u011furganl\u0131\u011f\u0131n\u0131 ve yavrular\u0131n hayatta kalmas\u0131n\u0131 artt\u0131r\u0131r ve ayr\u0131ca \u00f6rne\u011fin ta\u015f\u0131ma, \u00fcreme, t\u00fcr i\u00e7i sald\u0131rganl\u0131k, rekabet vb.&#8217;nin neden oldu\u011fu stresin etkilerini azalt\u0131r.<br \/>\n&#8211; y\u00fcksek protein i\u00e7eri\u011fi nedeniyle esansiyel amino asitler bal\u0131klar\u0131n sa\u011fl\u0131kl\u0131 b\u00fcy\u00fcmesini ve geli\u015fmesini sa\u011flar<\/p>","protected":false},"excerpt":{"rendered":"<p>Pro Defence Size M, yeti\u015fkin bal\u0131klar\u0131n g\u00fcnl\u00fck beslenmesi i\u00e7in probiyotik ilaveli, yava\u015f batan gran\u00fcller formunda bir yemdir . Probiyotik organizmalar\u0131n bal\u0131klar \u00fczerindeki etkisi: &#8211; sindirim sistemini kolonize ederek, ba\u011f\u0131rsak epiteline yap\u0131\u015farak &#8211; b\u00f6ylece\u00a0bal\u0131klar\u00a0olu\u015fturur. istenmeyen bakterilerin yerle\u015fmesini engelleyen bir bariyer &#8211; maddeler \u00fcretirler (organik asitler, bakteriyosinler, hidrojen peroksit, lizozim) patojenik bakterilerin b\u00fcy\u00fcmesini engeller &#8211; patojenik bakterilerin [&hellip;]<\/p>","protected":false},"featured_media":2946,"comment_status":"open","ping_status":"closed","template":"","meta":[],"pwb-brand":[176],"product_brand":[],"product_cat":[95],"product_tag":[],"class_list":{"0":"post-2949","1":"product","2":"type-product","3":"status-publish","4":"has-post-thumbnail","6":"pwb-brand-tropical","7":"product_cat-granul-yemler","9":"first","10":"outofstock","11":"taxable","12":"shipping-taxable","13":"purchasable","14":"product-type-simple"},"brands":[{"id":176,"name":"Tropical","slug":"tropical"}],"_links":{"self":[{"href":"https:\/\/falvarapet.com\/en\/wp-json\/wp\/v2\/product\/2949","targetHints":{"allow":["GET"]}}],"collection":[{"href":"https:\/\/falvarapet.com\/en\/wp-json\/wp\/v2\/product"}],"about":[{"href":"https:\/\/falvarapet.com\/en\/wp-json\/wp\/v2\/types\/product"}],"replies":[{"embeddable":true,"href":"https:\/\/falvarapet.com\/en\/wp-json\/wp\/v2\/comments?post=2949"}],"wp:featuredmedia":[{"embeddable":true,"href":"https:\/\/falvarapet.com\/en\/wp-json\/wp\/v2\/media\/2946"}],"wp:attachment":[{"href":"https:\/\/falvarapet.com\/en\/wp-json\/wp\/v2\/media?parent=2949"}],"wp:term":[{"taxonomy":"pwb-brand","embeddable":true,"href":"https:\/\/falvarapet.com\/en\/wp-json\/wp\/v2\/pwb-brand?post=2949"},{"taxonomy":"product_brand","embeddable":true,"href":"https:\/\/falvarapet.com\/en\/wp-json\/wp\/v2\/product_brand?post=2949"},{"taxonomy":"product_cat","embeddable":true,"href":"https:\/\/falvarapet.com\/en\/wp-json\/wp\/v2\/product_cat?post=2949"},{"taxonomy":"product_tag","embeddable":true,"href":"https:\/\/falvarapet.com\/en\/wp-json\/wp\/v2\/product_tag?post=2949"}],"curies":[{"name":"wp","href":"https:\/\/api.w.org\/{rel}","templated":true}]}}