{"id":2939,"date":"2025-06-17T15:25:43","date_gmt":"2025-06-17T15:25:43","guid":{"rendered":"https:\/\/falvarapet.com\/?post_type=product&#038;p=2939"},"modified":"2026-03-31T12:26:37","modified_gmt":"2026-03-31T12:26:37","slug":"1000-gr-tropical-pro-defence-s-probiyotikli-granul-balik-yemi-kovadan-bolme","status":"publish","type":"product","link":"https:\/\/falvarapet.com\/en\/product\/1000-gr-tropical-pro-defence-s-probiyotikli-granul-balik-yemi-kovadan-bolme\/","title":{"rendered":"1000 Gr Tropical Pro Defence S Probiyotikli Gran\u00fcl Bal\u0131k Yemi-Kovadan B\u00f6lme"},"content":{"rendered":"<p>Pro Defence Size S, yeti\u015fkin bal\u0131klar\u0131n g\u00fcnl\u00fck beslenmesi i\u00e7in bir probiyotik ilaveli, yava\u015f batan gran\u00fcller formunda bir yemdir<\/p>\n<p>. Probiyotik organizmalar\u0131n bal\u0131klar \u00fczerindeki etkisi:<br \/>\n&#8211; sindirim sistemini kolonize ederek, ba\u011f\u0131rsak epiteline tutunarak &#8211; b\u00f6ylece olu\u015fturur istenmeyen bakterilerin yerle\u015fmesini engelleyen bir bariyer<br \/>\n&#8211; maddeler \u00fcretirler (organik asitler, bakteriyosinler, hidrojen peroksit, lizozim) patojenik bakterilerin b\u00fcy\u00fcmesini engeller<br \/>\n&#8211; patojenik bakterilerin besinlere eri\u015fimini s\u0131n\u0131rlar<br \/>\n&#8211; ba\u011f\u0131\u015f\u0131kl\u0131k sistemini g\u00fc\u00e7lendirir<\/p>\n<p>Probiyotik serisi, bal\u0131klar\u0131n g\u00fcnl\u00fck beslenmesi i\u00e7in probiyotik ilaveli g\u0131dalar\u0131 i\u00e7erir.\u00a0G\u0131daya eklenen probiyotik\u00a0, ba\u011f\u0131rsak mikrofloras\u0131n\u0131 stabilize eden ve g\u0131da kullan\u0131m\u0131n\u0131 iyile\u015ftiren\u00a0<em>Bacillus subtilis<\/em>\u00a0bakterilerinin canl\u0131 endosporlar\u0131n\u0131 i\u00e7erir\u00a0&#8211; bu da bal\u0131k d\u0131\u015fk\u0131s\u0131yla daha az su kontaminasyonu anlam\u0131na gelir.\u00a0Probiyotik ayr\u0131ca bal\u0131\u011f\u0131n genel durumunu\u00a0\u00a0ve ba\u011f\u0131\u015f\u0131kl\u0131k sistemini g\u00fc\u00e7lendirir.<\/p>\n<div>\nEndosporlar, bakterilerin son derece elveri\u015fsiz \u00e7evre ko\u015fullar\u0131nda hayatta kalmas\u0131n\u0131 sa\u011flayan bir spor t\u00fcr\u00fcd\u00fcr.\u00a0Endosporlar 100\u00b0C&#8217;ye kadar y\u00fcksek s\u0131cakl\u0131klara, kurakl\u0131\u011fa, UV radyasyonuna ve ortam\u0131n uygun olmayan pH&#8217;\u0131na dayan\u0131kl\u0131d\u0131r.\u00a0<em>Bacillus subtilis<\/em>\u00a0bakterilerinin endosporlar\u0131n\u0131n bu t\u00fcr \u00f6zelliklerinden dolay\u0131Pro Defence mamalar\u0131na eklenen probiyotik uzun s\u00fcre canl\u0131l\u0131\u011f\u0131n\u0131 korur ve endosporlar\u0131n \u00e7imlenmesi sadece bal\u0131\u011f\u0131n sindirim sisteminde ger\u00e7ekle\u015fir.<\/p>\n<p>&#8211; bal\u0131klar\u0131n g\u00fcnl\u00fck beslenmesi i\u00e7in bir probiyotik ilavesi ile yava\u015f batan gran\u00fcller formundaki yemler &#8211; Yeme<br \/>\neklenen probiyotik\u00a0, ba\u011f\u0131rsak mikrofloras\u0131n\u0131 stabilize eden, g\u0131da kullan\u0131m\u0131n\u0131 iyile\u015ftiren,\u00a0canl\u0131\u00a0<em>Bacillus subtilis<\/em>\u00a0bakterisi endosporlar\u0131n\u0131 i\u00e7erir\u00a0. Sonu\u00e7 olarak, bal\u0131k d\u0131\u015fk\u0131s\u0131 ile su kirlili\u011fini azaltmak<br \/>\n, probiyotik, beta-glukan, vitaminler ve karotenoidlerin sinerjistik etkisi, bal\u0131\u011f\u0131n genel durumunu iyile\u015ftirmede ve ba\u011f\u0131\u015f\u0131kl\u0131k sistemini g\u00fc\u00e7lendirmede g\u00fc\u00e7l\u00fc bir etkiye sahiptir, bu sayede yemleme s\u0131ras\u0131nda da tavsiye edilir. hastal\u0131k, nekahat ve al\u0131\u015fma d\u00f6nemi<br \/>\n&#8211; do\u011furganl\u0131k \u00fczerinde probiyotik olumlu etkisi, bal\u0131k ve yavru hayatta kalma do\u011furganl\u0131\u011f\u0131 art\u0131rmak ve ayn\u0131 zamanda \u00f6rne\u011fin vb Ula\u015ft\u0131rma, \u00fcreme, sald\u0131rganl\u0131k t\u00fcr i\u00e7i rekabet, neden stresin etkilerini azalt\u0131r.<br \/>\n&#8211; esansiyel amino asitler bak\u0131m\u0131ndan gatego sa\u011fl\u0131kl\u0131 sa\u011flamaktad\u0131r i\u00e7erdi\u011fi zengin protein bal\u0131klar\u0131n b\u00fcy\u00fcmesi ve geli\u015fmesi<br \/>\n&#8211; probiyotik pozitif \u00fcremeyi etkiler ve ayr\u0131ca \u00f6rne\u011fin ta\u015f\u0131ma, \u00fcreme, t\u00fcrler aras\u0131 sald\u0131rganl\u0131k, rekabet vb. kaynakl\u0131 stresin etkilerini azalt\u0131r<br \/>\n&#8211; eksojen amino asitler a\u00e7\u0131s\u0131ndan zengin y\u00fcksek protein i\u00e7eri\u011fi, sa\u011fl\u0131kl\u0131 b\u00fcy\u00fcme ve geli\u015fme sa\u011flar bal\u0131k<br \/>\n&#8211; uygun \u015fekilde se\u00e7ilmi\u015f bir dizi vitamin ve makro ve mikro elementler vitamin eksikli\u011fini, ra\u015fitizmi \u00f6nler ve organlar\u0131n ve iskeletin geli\u015fimini destekler<\/div>","protected":false},"excerpt":{"rendered":"<p>Pro Defence Size S, yeti\u015fkin bal\u0131klar\u0131n g\u00fcnl\u00fck beslenmesi i\u00e7in bir probiyotik ilaveli, yava\u015f batan gran\u00fcller formunda bir yemdir . Probiyotik organizmalar\u0131n bal\u0131klar \u00fczerindeki etkisi: &#8211; sindirim sistemini kolonize ederek, ba\u011f\u0131rsak epiteline tutunarak &#8211; b\u00f6ylece olu\u015fturur istenmeyen bakterilerin yerle\u015fmesini engelleyen bir bariyer &#8211; maddeler \u00fcretirler (organik asitler, bakteriyosinler, hidrojen peroksit, lizozim) patojenik bakterilerin b\u00fcy\u00fcmesini engeller &#8211; [&hellip;]<\/p>","protected":false},"featured_media":2940,"comment_status":"open","ping_status":"closed","template":"","meta":[],"pwb-brand":[176],"product_brand":[],"product_cat":[95],"product_tag":[],"class_list":{"0":"post-2939","1":"product","2":"type-product","3":"status-publish","4":"has-post-thumbnail","6":"pwb-brand-tropical","7":"product_cat-granul-yemler","9":"first","10":"instock","11":"taxable","12":"shipping-taxable","13":"purchasable","14":"product-type-simple"},"brands":[{"id":176,"name":"Tropical","slug":"tropical"}],"_links":{"self":[{"href":"https:\/\/falvarapet.com\/en\/wp-json\/wp\/v2\/product\/2939","targetHints":{"allow":["GET"]}}],"collection":[{"href":"https:\/\/falvarapet.com\/en\/wp-json\/wp\/v2\/product"}],"about":[{"href":"https:\/\/falvarapet.com\/en\/wp-json\/wp\/v2\/types\/product"}],"replies":[{"embeddable":true,"href":"https:\/\/falvarapet.com\/en\/wp-json\/wp\/v2\/comments?post=2939"}],"wp:featuredmedia":[{"embeddable":true,"href":"https:\/\/falvarapet.com\/en\/wp-json\/wp\/v2\/media\/2940"}],"wp:attachment":[{"href":"https:\/\/falvarapet.com\/en\/wp-json\/wp\/v2\/media?parent=2939"}],"wp:term":[{"taxonomy":"pwb-brand","embeddable":true,"href":"https:\/\/falvarapet.com\/en\/wp-json\/wp\/v2\/pwb-brand?post=2939"},{"taxonomy":"product_brand","embeddable":true,"href":"https:\/\/falvarapet.com\/en\/wp-json\/wp\/v2\/product_brand?post=2939"},{"taxonomy":"product_cat","embeddable":true,"href":"https:\/\/falvarapet.com\/en\/wp-json\/wp\/v2\/product_cat?post=2939"},{"taxonomy":"product_tag","embeddable":true,"href":"https:\/\/falvarapet.com\/en\/wp-json\/wp\/v2\/product_tag?post=2939"}],"curies":[{"name":"wp","href":"https:\/\/api.w.org\/{rel}","templated":true}]}}