{"id":2925,"date":"2025-06-17T13:13:38","date_gmt":"2025-06-17T13:13:38","guid":{"rendered":"https:\/\/falvarapet.com\/?post_type=product&#038;p=2925"},"modified":"2026-03-31T15:55:25","modified_gmt":"2026-03-31T15:55:25","slug":"1000-gr-tropical-pro-defence-micro-probiyotikli-toz-yavru-balik-yemi-kovadan-bolme","status":"publish","type":"product","link":"https:\/\/falvarapet.com\/en\/product\/1000-gr-tropical-pro-defence-micro-probiyotikli-toz-yavru-balik-yemi-kovadan-bolme\/","title":{"rendered":"1000 Gr Tropical Pro Defence Micro Probiyotikli Toz Yavru Bal\u0131k Yemi-Kovadan B\u00f6lme"},"content":{"rendered":"<p>Pro Defence Micro Size, yavru bal\u0131klar\u0131n g\u00fcnl\u00fck beslenmesi i\u00e7in probiyotik ilaveli, toz halinde y\u00fcksek proteinli (%60) bir yemdir<\/p>\n<p>. Probiyotik organizmalar\u0131n bal\u0131klar \u00fczerindeki etkisi:<br \/>\n&#8211; Ba\u011f\u0131rsak epiteline yap\u0131\u015farak sindirim sistemini kolonize eder &#8211; b\u00f6ylece istenmeyen bakterilerin yerle\u015fmesini engelleyen bir bariyer<br \/>\nolu\u015ftururlar &#8211; maddeler olu\u015ftururlar (organik asitler, bakteriyosinler, hidrojen peroksit, lizozim) patojenik bakterilerin b\u00fcy\u00fcmesini engeller<br \/>\n&#8211; patojenik bakterilerin besin maddelerine eri\u015fimini s\u0131n\u0131rlar<br \/>\n&#8211; ba\u011f\u0131\u015f\u0131kl\u0131k sistemini g\u00fc\u00e7lendirir<\/p>\n<p>Probiyotik serisi, bal\u0131klar\u0131n g\u00fcnl\u00fck beslenmesi i\u00e7in probiyotik ilaveli g\u0131dalar\u0131 i\u00e7erir.\u00a0G\u0131daya eklenen probiyotik\u00a0, ba\u011f\u0131rsak mikrofloras\u0131n\u0131 stabilize eden ve g\u0131da kullan\u0131m\u0131n\u0131 iyile\u015ftiren\u00a0<em>Bacillus subtilis<\/em>\u00a0bakterilerinin canl\u0131 endosporlar\u0131n\u0131 i\u00e7erir\u00a0&#8211; bu da bal\u0131k d\u0131\u015fk\u0131s\u0131yla daha az su kontaminasyonu anlam\u0131na gelir.\u00a0Probiyotik ayr\u0131ca bal\u0131\u011f\u0131n genel durumunu ve ba\u011f\u0131\u015f\u0131kl\u0131k sistemini g\u00fc\u00e7lendirir.<\/p>\n<p>Endosporlar, bakterilerin son derece elveri\u015fsiz \u00e7evre ko\u015fullar\u0131nda hayatta kalmas\u0131n\u0131 sa\u011flayan bir spor t\u00fcr\u00fcd\u00fcr.\u00a0Endosporlar 100\u00b0C&#8217;ye kadar y\u00fcksek s\u0131cakl\u0131klara, kurakl\u0131\u011fa, UV radyasyonuna ve ortam\u0131n uygun olmayan pH&#8217;\u0131na dayan\u0131kl\u0131d\u0131r.\u00a0<em>Bacillus subtilis<\/em>\u00a0bakterilerinin endosporlar\u0131n\u0131n bu t\u00fcr \u00f6zelliklerinden dolay\u0131Pro Defence mamalar\u0131na eklenen probiyotik uzun s\u00fcre canl\u0131l\u0131\u011f\u0131n\u0131 korur ve endosporlar\u0131n \u00e7imlenmesi sadece bal\u0131\u011f\u0131n sindirim sisteminde ger\u00e7ekle\u015fir.<\/p>\n<p>&#8211; Yavrular\u0131n g\u00fcnl\u00fck beslenmesi i\u00e7in probiyotik ilaveli toz \u015feklinde y\u00fcksek proteinli (%60) g\u0131da &#8211; Yeme<br \/>\neklenen probiyotik\u00a0, ba\u011f\u0131rsak mikrofloras\u0131n\u0131 stabilize eden, ba\u011f\u0131rsak mikrofloras\u0131n\u0131 stabilize eden,\u00a0canl\u0131\u00a0<em>Bacillus subtilis<\/em>\u00a0bakterisi endosporlar\u0131 i\u00e7erir.\u00a0bal\u0131klar\u0131n patojenlere kar\u015f\u0131 direnci ve g\u0131da kullan\u0131m\u0131n\u0131 iyile\u015ftirerek bal\u0131k b\u00fcy\u00fcmesini h\u0131zland\u0131r\u0131r ve d\u0131\u015fk\u0131lar\u0131yla su kirlili\u011fini azalt\u0131r<br \/>\n&#8211; probiyotiklerin, beta-glukanlar\u0131n, vitaminlerin ve karotenoidlerin sinerjik etkisi yavrular\u0131n ba\u011f\u0131\u015f\u0131kl\u0131k sistemi \u00fczerinde g\u00fc\u00e7l\u00fc bir etkiye sahiptir, artan patojenik patojenlere kar\u015f\u0131 direnci<br \/>\n&#8211; probiyotik yavrular\u0131n hayatta kalmas\u0131n\u0131 ve strese kar\u015f\u0131 direncini artt\u0131r\u0131r<br \/>\n&#8211; eksojen amino asitler a\u00e7\u0131s\u0131ndan zengin y\u00fcksek protein i\u00e7eri\u011fi bal\u0131klar\u0131n sa\u011fl\u0131kl\u0131 b\u00fcy\u00fcmesini ve geli\u015fmesini sa\u011flar<br \/>\n&#8211; uygun \u015fekilde se\u00e7ilmi\u015f vitamin ve makro ve mikro elementler vitamin eksikli\u011fini, ra\u015fitizmi \u00f6nler ve organlar\u0131n geli\u015fimini destekler ve iskelet<\/p>","protected":false},"excerpt":{"rendered":"<p>Pro Defence Micro Size, yavru bal\u0131klar\u0131n g\u00fcnl\u00fck beslenmesi i\u00e7in probiyotik ilaveli, toz halinde y\u00fcksek proteinli (%60) bir yemdir . Probiyotik organizmalar\u0131n bal\u0131klar \u00fczerindeki etkisi: &#8211; Ba\u011f\u0131rsak epiteline yap\u0131\u015farak sindirim sistemini kolonize eder &#8211; b\u00f6ylece istenmeyen bakterilerin yerle\u015fmesini engelleyen bir bariyer olu\u015ftururlar &#8211; maddeler olu\u015ftururlar (organik asitler, bakteriyosinler, hidrojen peroksit, lizozim) patojenik bakterilerin b\u00fcy\u00fcmesini engeller &#8211; [&hellip;]<\/p>","protected":false},"featured_media":2926,"comment_status":"open","ping_status":"closed","template":"","meta":[],"pwb-brand":[176],"product_brand":[],"product_cat":[89],"product_tag":[],"class_list":{"0":"post-2925","1":"product","2":"type-product","3":"status-publish","4":"has-post-thumbnail","6":"pwb-brand-tropical","7":"product_cat-yavru-balik-yemi","9":"first","10":"instock","11":"taxable","12":"shipping-taxable","13":"purchasable","14":"product-type-simple"},"brands":[{"id":176,"name":"Tropical","slug":"tropical"}],"_links":{"self":[{"href":"https:\/\/falvarapet.com\/en\/wp-json\/wp\/v2\/product\/2925","targetHints":{"allow":["GET"]}}],"collection":[{"href":"https:\/\/falvarapet.com\/en\/wp-json\/wp\/v2\/product"}],"about":[{"href":"https:\/\/falvarapet.com\/en\/wp-json\/wp\/v2\/types\/product"}],"replies":[{"embeddable":true,"href":"https:\/\/falvarapet.com\/en\/wp-json\/wp\/v2\/comments?post=2925"}],"wp:featuredmedia":[{"embeddable":true,"href":"https:\/\/falvarapet.com\/en\/wp-json\/wp\/v2\/media\/2926"}],"wp:attachment":[{"href":"https:\/\/falvarapet.com\/en\/wp-json\/wp\/v2\/media?parent=2925"}],"wp:term":[{"taxonomy":"pwb-brand","embeddable":true,"href":"https:\/\/falvarapet.com\/en\/wp-json\/wp\/v2\/pwb-brand?post=2925"},{"taxonomy":"product_brand","embeddable":true,"href":"https:\/\/falvarapet.com\/en\/wp-json\/wp\/v2\/product_brand?post=2925"},{"taxonomy":"product_cat","embeddable":true,"href":"https:\/\/falvarapet.com\/en\/wp-json\/wp\/v2\/product_cat?post=2925"},{"taxonomy":"product_tag","embeddable":true,"href":"https:\/\/falvarapet.com\/en\/wp-json\/wp\/v2\/product_tag?post=2925"}],"curies":[{"name":"wp","href":"https:\/\/api.w.org\/{rel}","templated":true}]}}