{"id":2902,"date":"2025-06-04T11:55:41","date_gmt":"2025-06-04T11:55:41","guid":{"rendered":"https:\/\/falvarapet.com\/?post_type=product&#038;p=2902"},"modified":"2026-03-30T16:58:00","modified_gmt":"2026-03-30T16:58:00","slug":"500-gram-tropical-shrimp-sticks-acik-karides-yemi-kovadan-bolme","status":"publish","type":"product","link":"https:\/\/falvarapet.com\/en\/product\/500-gram-tropical-shrimp-sticks-acik-karides-yemi-kovadan-bolme\/","title":{"rendered":"500 Gram Tropical Shrimp Sticks A\u00e7\u0131k Karides Yemi-Kovadan B\u00f6lme"},"content":{"rendered":"<p>Tropical\u00a0Shrimp Sticks,\u00a0D\u00a0eniz yosunu ve spirulina i\u00e7eren kabuklular i\u00e7in stick yem. T\u00fcm c\u00fcce karides t\u00fcrlerini (\u00f6rne\u011fin: Amano karidesi, babaulti, k\u0131rm\u0131z\u0131 kiraz, biene, kaplan karidesi, mavi karides), uzun kollu karidesleri (Macrobrachium sp.) Ve y\u00fcksek besin ihtiyac\u0131 olan deniz karidesleri dahil olmak \u00fczere di\u011fer su kabuklular\u0131n\u0131 beslemek i\u00e7in tasarlanm\u0131\u015ft\u0131r.<\/p>\n<p>Tropical\u00a0Shrimp Sticks\u00a0, platensis vitaminler ve aktif maddeler bak\u0131m\u0131ndan zengindir. Bu maddeler kabuklu canl\u0131lar\u0131n ba\u011f\u0131\u015f\u0131kl\u0131k sistemlerini aktive ederek hastal\u0131klara kar\u015f\u0131 daha diren\u00e7li olalar\u0131na fayda sa\u011flar.<\/p>\n<p>Tropical bal\u0131k yemleri\u00a0, suya sal\u0131n\u0131m yapmayan bal\u0131k yemidir. Y\u00fcksek kaliteli i\u00e7eri\u011fiyle yavru ve yeti\u015fkin bal\u0131k t\u00fcrleri i\u00e7in \u00fcretimi mevcuttur.\u00a0Tek bir kullan\u0131mda bal\u0131klar\u0131n\u0131z\u0131n t\u00fcketebilece\u011fi kadar yem vermeniz tavsiye edilir.<\/p>\n<p>Kuru alanda, g\u00fcne\u015ften uzak saklaman\u0131z tavsiye edilir.<\/p>\n<p>G\u00fcnde 2 defa, 2-3 dakikada bitirebilecekleri kadar verilir.<\/p>","protected":false},"excerpt":{"rendered":"<p>Tropical\u00a0Shrimp Sticks,\u00a0D\u00a0eniz yosunu ve spirulina i\u00e7eren kabuklular i\u00e7in stick yem. T\u00fcm c\u00fcce karides t\u00fcrlerini (\u00f6rne\u011fin: Amano karidesi, babaulti, k\u0131rm\u0131z\u0131 kiraz, biene, kaplan karidesi, mavi karides), uzun kollu karidesleri (Macrobrachium sp.) Ve y\u00fcksek besin ihtiyac\u0131 olan deniz karidesleri dahil olmak \u00fczere di\u011fer su kabuklular\u0131n\u0131 beslemek i\u00e7in tasarlanm\u0131\u015ft\u0131r. Tropical\u00a0Shrimp Sticks\u00a0, platensis vitaminler ve aktif maddeler bak\u0131m\u0131ndan zengindir. [&hellip;]<\/p>","protected":false},"featured_media":2897,"comment_status":"open","ping_status":"closed","template":"","meta":[],"pwb-brand":[176],"product_brand":[],"product_cat":[96],"product_tag":[],"class_list":{"0":"post-2902","1":"product","2":"type-product","3":"status-publish","4":"has-post-thumbnail","6":"pwb-brand-tropical","7":"product_cat-cubuk-stick-yemler","9":"first","10":"instock","11":"taxable","12":"shipping-taxable","13":"purchasable","14":"product-type-simple"},"brands":[{"id":176,"name":"Tropical","slug":"tropical"}],"_links":{"self":[{"href":"https:\/\/falvarapet.com\/en\/wp-json\/wp\/v2\/product\/2902","targetHints":{"allow":["GET"]}}],"collection":[{"href":"https:\/\/falvarapet.com\/en\/wp-json\/wp\/v2\/product"}],"about":[{"href":"https:\/\/falvarapet.com\/en\/wp-json\/wp\/v2\/types\/product"}],"replies":[{"embeddable":true,"href":"https:\/\/falvarapet.com\/en\/wp-json\/wp\/v2\/comments?post=2902"}],"wp:featuredmedia":[{"embeddable":true,"href":"https:\/\/falvarapet.com\/en\/wp-json\/wp\/v2\/media\/2897"}],"wp:attachment":[{"href":"https:\/\/falvarapet.com\/en\/wp-json\/wp\/v2\/media?parent=2902"}],"wp:term":[{"taxonomy":"pwb-brand","embeddable":true,"href":"https:\/\/falvarapet.com\/en\/wp-json\/wp\/v2\/pwb-brand?post=2902"},{"taxonomy":"product_brand","embeddable":true,"href":"https:\/\/falvarapet.com\/en\/wp-json\/wp\/v2\/product_brand?post=2902"},{"taxonomy":"product_cat","embeddable":true,"href":"https:\/\/falvarapet.com\/en\/wp-json\/wp\/v2\/product_cat?post=2902"},{"taxonomy":"product_tag","embeddable":true,"href":"https:\/\/falvarapet.com\/en\/wp-json\/wp\/v2\/product_tag?post=2902"}],"curies":[{"name":"wp","href":"https:\/\/api.w.org\/{rel}","templated":true}]}}