{"id":2892,"date":"2025-06-04T08:59:27","date_gmt":"2025-06-04T08:59:27","guid":{"rendered":"https:\/\/falvarapet.com\/?post_type=product&#038;p=2892"},"modified":"2026-03-31T12:17:20","modified_gmt":"2026-03-31T12:17:20","slug":"1000-gram-tropical-discus-gran-colour-balik-yemi-kovadan-bolme","status":"publish","type":"product","link":"https:\/\/falvarapet.com\/en\/product\/1000-gram-tropical-discus-gran-colour-balik-yemi-kovadan-bolme\/","title":{"rendered":"1000 Gram Tropical Discus Gran Colour Bal\u0131k Yemi-Kovadan B\u00f6lme"},"content":{"rendered":"<div>\n<div><span style=\"font-family: Arial, Verdana;\">Tropical Discus Gran Colour, Discus t\u00fcrleri i\u00e7in \u00f6zel \u00fcretilmi\u015f renklendirici bal\u0131k yemidir. Gen\u00e7 ve yeti\u015fkin discuslar ve di\u011fer bal\u0131klar, \u00f6zellikle \u00e7ok talepkar t\u00fcrler i\u00e7in y\u00fcksek\u00a0 protein i\u00e7eri\u011fine sahip yava\u015f batan gran\u00fcller \u015feklinde renk artt\u0131r\u0131c\u0131 bir bal\u0131k yemidir.<\/span><\/div>\n<div><span style=\"font-family: Arial, Verdana;\">Tropical Discus Gran Colour, karakteristik \u00f6zelli\u011fi, esansiyel amino asitler a\u00e7\u0131s\u0131ndan zengin en kaliteli proteinin y\u00fcksek i\u00e7eri\u011fidir. Gen\u00e7 bal\u0131klar\u0131n sa\u011fl\u0131kl\u0131 b\u00fcy\u00fcmesini, geli\u015fmesini sa\u011flar ve yumurtlayanlar\u0131 \u00fcremeye te\u015fvik eder. Y\u00fcksek do\u011fal astaksantin i\u00e7eri\u011fi renklenmeyi artt\u0131r\u0131r . Beta-glukan ba\u011f\u0131\u015f\u0131kl\u0131k sistemini geli\u015ftirir ve patojenlerle sava\u015fma yetene\u011fini artt\u0131r\u0131r.<\/span><\/div>\n<div><\/div>\n<div><span style=\"font-family: Arial, Verdana;\">Yem i\u00e7eri\u011fi;<\/span><\/div>\n<div><span style=\"font-family: Arial, Verdana;\">Bal\u0131k ve bal\u0131k t\u00fcrevleri, bitkisel protein \u00f6zleri, bitkisel k\u00f6kenli t\u00fcrevler (k\u0131rm\u0131z\u0131 biber ekstresi 3000 mg \/ kg dahil), yumu\u015fak\u00e7alar ve kabuklular, tah\u0131llar, algler (Spirulina platensis min.% 1.5), mayalar (Beta-1.3 \/ 1.6- dahil) Glukan 1000 mg \/ kg), s\u0131v\u0131 ve kat\u0131 ya\u011flar, mineraller (% 1 zeolit dahil).<\/span><\/div>\n<div><span style=\"font-family: Arial, Verdana;\">Katk\u0131 Maddeleri;<\/span><\/div>\n<div><span style=\"font-family: Arial, Verdana;\">\u00a0<\/span><\/div>\n<div><span style=\"font-family: Arial, Verdana;\">Benzer etkiye sahip vitaminler,<\/span><\/div>\n<div><span style=\"font-family: Arial, Verdana;\">Vit. 31000 IU,<\/span><\/div>\n<div><span style=\"font-family: Arial, Verdana;\">Vit. D3 1850 IU,<\/span><\/div>\n<div><span style=\"font-family: Arial, Verdana;\">Vit. E 110 mg,<\/span><\/div>\n<div><span style=\"font-family: Arial, Verdana;\">Vit. C 550 mg,<\/span><\/div>\n<div><span style=\"font-family: Arial, Verdana;\">Beta-karoten 140 mg.<\/span><\/div>\n<div><\/div>\n<div><span style=\"font-family: Arial, Verdana;\">Analitik Bile\u015fenler;<\/span><\/div>\n<div><span style=\"font-family: Arial, Verdana;\">Ham protein% 50.0,<\/span><\/div>\n<div><span style=\"font-family: Arial, Verdana;\">Ham ya\u011flar % 7.5,<\/span><\/div>\n<div><span style=\"font-family: Arial, Verdana;\">Ham lifler% 3.0,<\/span><\/div>\n<div><span style=\"font-family: Arial, Verdana;\">Nem% 8.0.<\/span><\/div>\n<\/div>\n<p>G\u00fcnde 2 defa, 2-3 dakikada bitirebilecekleri kadar verilir.<\/p>","protected":false},"excerpt":{"rendered":"<p>Tropical Discus Gran Colour, Discus t\u00fcrleri i\u00e7in \u00f6zel \u00fcretilmi\u015f renklendirici bal\u0131k yemidir. Gen\u00e7 ve yeti\u015fkin discuslar ve di\u011fer bal\u0131klar, \u00f6zellikle \u00e7ok talepkar t\u00fcrler i\u00e7in y\u00fcksek\u00a0 protein i\u00e7eri\u011fine sahip yava\u015f batan gran\u00fcller \u015feklinde renk artt\u0131r\u0131c\u0131 bir bal\u0131k yemidir. Tropical Discus Gran Colour, karakteristik \u00f6zelli\u011fi, esansiyel amino asitler a\u00e7\u0131s\u0131ndan zengin en kaliteli proteinin y\u00fcksek i\u00e7eri\u011fidir. Gen\u00e7 bal\u0131klar\u0131n [&hellip;]<\/p>","protected":false},"featured_media":2887,"comment_status":"open","ping_status":"closed","template":"","meta":[],"pwb-brand":[176],"product_brand":[],"product_cat":[95],"product_tag":[],"class_list":{"0":"post-2892","1":"product","2":"type-product","3":"status-publish","4":"has-post-thumbnail","6":"pwb-brand-tropical","7":"product_cat-granul-yemler","9":"first","10":"instock","11":"taxable","12":"shipping-taxable","13":"purchasable","14":"product-type-simple"},"brands":[{"id":176,"name":"Tropical","slug":"tropical"}],"_links":{"self":[{"href":"https:\/\/falvarapet.com\/en\/wp-json\/wp\/v2\/product\/2892","targetHints":{"allow":["GET"]}}],"collection":[{"href":"https:\/\/falvarapet.com\/en\/wp-json\/wp\/v2\/product"}],"about":[{"href":"https:\/\/falvarapet.com\/en\/wp-json\/wp\/v2\/types\/product"}],"replies":[{"embeddable":true,"href":"https:\/\/falvarapet.com\/en\/wp-json\/wp\/v2\/comments?post=2892"}],"wp:featuredmedia":[{"embeddable":true,"href":"https:\/\/falvarapet.com\/en\/wp-json\/wp\/v2\/media\/2887"}],"wp:attachment":[{"href":"https:\/\/falvarapet.com\/en\/wp-json\/wp\/v2\/media?parent=2892"}],"wp:term":[{"taxonomy":"pwb-brand","embeddable":true,"href":"https:\/\/falvarapet.com\/en\/wp-json\/wp\/v2\/pwb-brand?post=2892"},{"taxonomy":"product_brand","embeddable":true,"href":"https:\/\/falvarapet.com\/en\/wp-json\/wp\/v2\/product_brand?post=2892"},{"taxonomy":"product_cat","embeddable":true,"href":"https:\/\/falvarapet.com\/en\/wp-json\/wp\/v2\/product_cat?post=2892"},{"taxonomy":"product_tag","embeddable":true,"href":"https:\/\/falvarapet.com\/en\/wp-json\/wp\/v2\/product_tag?post=2892"}],"curies":[{"name":"wp","href":"https:\/\/api.w.org\/{rel}","templated":true}]}}