{"id":2885,"date":"2025-06-03T15:59:35","date_gmt":"2025-06-03T15:59:35","guid":{"rendered":"https:\/\/falvarapet.com\/?post_type=product&#038;p=2885"},"modified":"2026-03-29T08:41:30","modified_gmt":"2026-03-29T08:41:30","slug":"250-gram-tropical-cichlid-spirulina-medium-sticks-balik-yemi-kovadan-bolme","status":"publish","type":"product","link":"https:\/\/falvarapet.com\/en\/product\/250-gram-tropical-cichlid-spirulina-medium-sticks-balik-yemi-kovadan-bolme\/","title":{"rendered":"250 Gram Tropical Cichlid Spirulina Medium Sticks Bal\u0131k Yemi-Kovadan B\u00f6lme"},"content":{"rendered":"<p>Ot\u00e7ul Malawi ve Tanganika G\u00f6l\u00fc \u00e7iklitleri gibi y\u00fcksek oranda bitkisel besinlere ihtiya\u00e7 duyan orta boy \u00e7iklitlerin g\u00fcnl\u00fck beslenmelerinde kullan\u0131lmak \u00fczere y\u00fcz\u00fcc\u00fc \u00e7ubuklar \u015feklinde tasarlanm\u0131\u015f temel bitkisel yemdir.<\/p>\n<p>Bitkisel \u00e7ubuklar ayr\u0131ca omnivor \u00e7iklitler ve di\u011fer bal\u0131k t\u00fcrleri i\u00e7in m\u00fckemmel bir ek yemdir.<\/p>\n<p>Yemin i\u00e7eri\u011finde mevcut diyet lifleri ve Spirulina platensis (%6) sindirim s\u00fcre\u00e7lerine olumlu etki yaparak sindirim kanallar\u0131n\u0131n ya\u011flanmas\u0131n\u0131 ve enfeksiyon kapmas\u0131n\u0131 engellemektedir. Spirulinada bulunan maddeler ve C vitamini bal\u0131klar\u0131n hastal\u0131klara kar\u015f\u0131 do\u011fal bir ba\u011f\u0131\u015f\u0131kl\u0131k geli\u015ftirmesini sa\u011flarlar.<\/p>\n<p>G\u00fcnde 2 defa, 2-3 dakikada bitirebilecekleri kadar verilir.<\/p>","protected":false},"excerpt":{"rendered":"<p>Ot\u00e7ul Malawi ve Tanganika G\u00f6l\u00fc \u00e7iklitleri gibi y\u00fcksek oranda bitkisel besinlere ihtiya\u00e7 duyan orta boy \u00e7iklitlerin g\u00fcnl\u00fck beslenmelerinde kullan\u0131lmak \u00fczere y\u00fcz\u00fcc\u00fc \u00e7ubuklar \u015feklinde tasarlanm\u0131\u015f temel bitkisel yemdir. Bitkisel \u00e7ubuklar ayr\u0131ca omnivor \u00e7iklitler ve di\u011fer bal\u0131k t\u00fcrleri i\u00e7in m\u00fckemmel bir ek yemdir. Yemin i\u00e7eri\u011finde mevcut diyet lifleri ve Spirulina platensis (%6) sindirim s\u00fcre\u00e7lerine olumlu etki yaparak [&hellip;]<\/p>","protected":false},"featured_media":2881,"comment_status":"open","ping_status":"closed","template":"","meta":[],"pwb-brand":[176],"product_brand":[],"product_cat":[96],"product_tag":[],"class_list":{"0":"post-2885","1":"product","2":"type-product","3":"status-publish","4":"has-post-thumbnail","6":"pwb-brand-tropical","7":"product_cat-cubuk-stick-yemler","9":"first","10":"instock","11":"taxable","12":"shipping-taxable","13":"purchasable","14":"product-type-simple"},"brands":[{"id":176,"name":"Tropical","slug":"tropical"}],"_links":{"self":[{"href":"https:\/\/falvarapet.com\/en\/wp-json\/wp\/v2\/product\/2885","targetHints":{"allow":["GET"]}}],"collection":[{"href":"https:\/\/falvarapet.com\/en\/wp-json\/wp\/v2\/product"}],"about":[{"href":"https:\/\/falvarapet.com\/en\/wp-json\/wp\/v2\/types\/product"}],"replies":[{"embeddable":true,"href":"https:\/\/falvarapet.com\/en\/wp-json\/wp\/v2\/comments?post=2885"}],"wp:featuredmedia":[{"embeddable":true,"href":"https:\/\/falvarapet.com\/en\/wp-json\/wp\/v2\/media\/2881"}],"wp:attachment":[{"href":"https:\/\/falvarapet.com\/en\/wp-json\/wp\/v2\/media?parent=2885"}],"wp:term":[{"taxonomy":"pwb-brand","embeddable":true,"href":"https:\/\/falvarapet.com\/en\/wp-json\/wp\/v2\/pwb-brand?post=2885"},{"taxonomy":"product_brand","embeddable":true,"href":"https:\/\/falvarapet.com\/en\/wp-json\/wp\/v2\/product_brand?post=2885"},{"taxonomy":"product_cat","embeddable":true,"href":"https:\/\/falvarapet.com\/en\/wp-json\/wp\/v2\/product_cat?post=2885"},{"taxonomy":"product_tag","embeddable":true,"href":"https:\/\/falvarapet.com\/en\/wp-json\/wp\/v2\/product_tag?post=2885"}],"curies":[{"name":"wp","href":"https:\/\/api.w.org\/{rel}","templated":true}]}}