{"id":2879,"date":"2025-06-03T15:42:33","date_gmt":"2025-06-03T15:42:33","guid":{"rendered":"https:\/\/falvarapet.com\/?post_type=product&#038;p=2879"},"modified":"2026-03-27T05:02:38","modified_gmt":"2026-03-27T05:02:38","slug":"100-gram-tropical-supervit-mini-granulat-balik-yemi-kovadan-bolme","status":"publish","type":"product","link":"https:\/\/falvarapet.com\/en\/product\/100-gram-tropical-supervit-mini-granulat-balik-yemi-kovadan-bolme","title":{"rendered":"100 Gram Tropical S\u00fcpervit Mini Granulat Bal\u0131k Yemi-Kovadan B\u00f6lme"},"content":{"rendered":"<p>K\u00fc\u00e7\u00fck akvaryum bal\u0131klar\u0131 ve geli\u015fmekte olan bal\u0131k larvalar\u0131n\u0131n g\u00fcnl\u00fck beslenmelerinde kullan\u0131lmak \u00fczere geli\u015ftirilmi\u015f kar\u0131\u015f\u0131k, k\u00fc\u00e7\u00fck taneli, bat\u0131c\u0131 gran\u00fcl yemdir. Gran\u00fcl yemin i\u00e7eri\u011finde bulunan do\u011fal bir immunostim\u00fclan olan beta-glukan ve stabilize C vitamini bal\u0131\u011f\u0131n metabolizmas\u0131n\u0131n patojenlerle sava\u015fmas\u0131na yard\u0131mc\u0131 olmak suretiyle ba\u011f\u0131\u015f\u0131kl\u0131k sistemini g\u00fc\u00e7lendirir. \u0130\u00e7eri\u011finde bulunan y\u00fcksek kaliteli maddeler, \u00f6zenle se\u00e7ilmi\u015f vitaminler ve mikro elementler \u00f6zenli bir bak\u0131m gerektiren bal\u0131k t\u00fcrlerinin beslenme ve enerji ihtiya\u00e7lar\u0131n\u0131 kar\u015f\u0131lamaktad\u0131r. Supervit Mini Granulat k\u00fc\u00e7\u00fck bal\u0131k t\u00fcrlerinin bulundu\u011fu akvaryumlarda kullan\u0131lmaktad\u0131r. S\u00fcs bal\u0131klar\u0131 i\u00e7in eksiksiz yem.<\/p>\n<p>\u0130\u00e7indekiler: bal\u0131k ve bal\u0131k t\u00fcrevleri, bitkisel kaynakl\u0131 t\u00fcrevler (2000 mg \/ kg k\u0131rm\u0131z\u0131 biber \u00f6z\u00fct\u00fc dahil), bitkisel protein \u00f6z\u00fctleri, yumu\u015fak\u00e7alar ve kabuklular, tah\u0131llar, algler, mayalar (Beta-1.3 \/ 1.6-Glukan dahil 1000 mg \/ kg ), s\u0131v\u0131 ve kat\u0131 ya\u011flar, mineraller (% 1 zeolit \u200b\u200bdahil).<\/p>\n<p>Katk\u0131 maddeleri (kg ba\u015f\u0131na): Vitaminler, \u00f6n vitaminler ve benzer etkiye sahip kimyasal olarak iyi tan\u0131mlanm\u0131\u015f maddeler: vit. 29800 IU, vit. D3 1890 IU, vit. E 100 mg, vit. C 500 mg. Eser element bile\u015fikleri: E1 (Fe) 37,8 mg, E6 (Zn) 10,5 mg, E5 (Mn) 7,8 mg, E4 (Cu) 1,7 mg, E2 (I) 0,23 mg, E8 (Se) 0,23 mg, E7 (Mo) 0,05 mg. Renklendiriciler. Antioksidanlar. Analitik bile\u015fenler: ham protein% 48.0, ham s\u0131v\u0131 ve kat\u0131 ya\u011flar% 8.0, ham lifler% 3.0, nem% 10.0.<\/p>\n<p>Katk\u0131 maddeleri (kg ba\u015f\u0131na): Vitaminler, \u00f6n vitaminler ve benzer etkiye sahip kimyasal olarak iyi tan\u0131mlanm\u0131\u015f maddeler: vit. 29800 IU, vit. D3 1890 IU, vit. E 100 mg, vit. C 500 mg. Eser element bile\u015fikleri: E1 (Fe) 37,8 mg, E6 (Zn) 10,5 mg, E5 (Mn) 7,8 mg, E4 (Cu) 1,7 mg, E2 (I) 0,23 mg, E8 (Se) 0,23 mg, E7 (Mo) 0,05 mg. Renklendiriciler. Antioksidanlar.<\/p>\n<p>G\u00fcnde 2 defa, 2-3 dakikada bitirebilecekleri kadar verilir.<\/p>","protected":false},"excerpt":{"rendered":"<p>K\u00fc\u00e7\u00fck akvaryum bal\u0131klar\u0131 ve geli\u015fmekte olan bal\u0131k larvalar\u0131n\u0131n g\u00fcnl\u00fck beslenmelerinde kullan\u0131lmak \u00fczere geli\u015ftirilmi\u015f kar\u0131\u015f\u0131k, k\u00fc\u00e7\u00fck taneli, bat\u0131c\u0131 gran\u00fcl yemdir. Gran\u00fcl yemin i\u00e7eri\u011finde bulunan do\u011fal bir immunostim\u00fclan olan beta-glukan ve stabilize C vitamini bal\u0131\u011f\u0131n metabolizmas\u0131n\u0131n patojenlerle sava\u015fmas\u0131na yard\u0131mc\u0131 olmak suretiyle ba\u011f\u0131\u015f\u0131kl\u0131k sistemini g\u00fc\u00e7lendirir. \u0130\u00e7eri\u011finde bulunan y\u00fcksek kaliteli maddeler, \u00f6zenle se\u00e7ilmi\u015f vitaminler ve mikro elementler \u00f6zenli bir [&hellip;]<\/p>","protected":false},"featured_media":2875,"comment_status":"open","ping_status":"closed","template":"","meta":{"om_disable_all_campaigns":false,"_monsterinsights_skip_tracking":false,"_monsterinsights_sitenote_active":false,"_monsterinsights_sitenote_note":"","_monsterinsights_sitenote_category":0},"pwb-brand":[176],"product_brand":[],"product_cat":[95,89],"product_tag":[],"class_list":{"0":"post-2879","1":"product","2":"type-product","3":"status-publish","4":"has-post-thumbnail","6":"pwb-brand-tropical","7":"product_cat-granul-yemler","8":"product_cat-yavru-balik-yemi","10":"first","11":"instock","12":"taxable","13":"shipping-taxable","14":"purchasable","15":"product-type-simple"},"aioseo_notices":[],"brands":[{"id":176,"name":"Tropical","slug":"tropical"}],"_links":{"self":[{"href":"https:\/\/falvarapet.com\/en\/wp-json\/wp\/v2\/product\/2879","targetHints":{"allow":["GET"]}}],"collection":[{"href":"https:\/\/falvarapet.com\/en\/wp-json\/wp\/v2\/product"}],"about":[{"href":"https:\/\/falvarapet.com\/en\/wp-json\/wp\/v2\/types\/product"}],"replies":[{"embeddable":true,"href":"https:\/\/falvarapet.com\/en\/wp-json\/wp\/v2\/comments?post=2879"}],"version-history":[{"count":0,"href":"https:\/\/falvarapet.com\/en\/wp-json\/wp\/v2\/product\/2879\/revisions"}],"wp:featuredmedia":[{"embeddable":true,"href":"https:\/\/falvarapet.com\/en\/wp-json\/wp\/v2\/media\/2875"}],"wp:attachment":[{"href":"https:\/\/falvarapet.com\/en\/wp-json\/wp\/v2\/media?parent=2879"}],"wp:term":[{"taxonomy":"pwb-brand","embeddable":true,"href":"https:\/\/falvarapet.com\/en\/wp-json\/wp\/v2\/pwb-brand?post=2879"},{"taxonomy":"product_brand","embeddable":true,"href":"https:\/\/falvarapet.com\/en\/wp-json\/wp\/v2\/product_brand?post=2879"},{"taxonomy":"product_cat","embeddable":true,"href":"https:\/\/falvarapet.com\/en\/wp-json\/wp\/v2\/product_cat?post=2879"},{"taxonomy":"product_tag","embeddable":true,"href":"https:\/\/falvarapet.com\/en\/wp-json\/wp\/v2\/product_tag?post=2879"}],"curies":[{"name":"wp","href":"https:\/\/api.w.org\/{rel}","templated":true}]}}