{"id":2873,"date":"2025-06-03T15:02:17","date_gmt":"2025-06-03T15:02:17","guid":{"rendered":"https:\/\/falvarapet.com\/?post_type=product&#038;p=2873"},"modified":"2026-04-16T16:18:21","modified_gmt":"2026-04-16T16:18:21","slug":"250-gram-tropical-d-allio-plus-gran-sarmisakli-balik-yemi-kovadan-bolme","status":"publish","type":"product","link":"https:\/\/falvarapet.com\/en\/product\/250-gram-tropical-d-allio-plus-gran-sarmisakli-balik-yemi-kovadan-bolme","title":{"rendered":"250 Gram Tropical D-Allio Plus Gran Sarm\u0131sakl\u0131 Bal\u0131k Yemi-Kovadan B\u00f6lme"},"content":{"rendered":"<div>Diskuslar ve deniz bal\u0131klar\u0131 da dahil olmak \u00fczere y\u00fcksek besin gereksinimleri olan di\u011fer bal\u0131klar i\u00e7in tasarlanm\u0131\u015f sar\u0131msak katk\u0131l\u0131 (%30) kar\u0131\u015f\u0131k gran\u00fcl yemdir. D-Allio Plus Granulat&#8217;\u00fcn form\u00fcl\u00fcnde sar\u0131msa\u011f\u0131n (Allium sativum L.) eskiden beri bilinen \u00f6nemli \u00f6zelliklerinden yararlan\u0131lm\u0131\u015ft\u0131r. Bu do\u011fal katk\u0131 bal\u0131klar\u0131n metabolizmalar\u0131n\u0131 g\u00fc\u00e7lendirir ve sindirime yard\u0131mc\u0131 olur. Y\u00fcksek besin de\u011feri, \u00f6zenle se\u00e7ilmi\u015f vitamin ve mikro elementler ve sar\u0131msa\u011f\u0131n do\u011fal \u00f6zellikleri nedeniyle iyile\u015fme d\u00f6neminde ve bal\u0131klar\u0131n yeni ko\u015fullara al\u0131\u015fmalar\u0131 s\u0131ras\u0131nda vazge\u00e7ilmez bir yemdir.<\/div>\n<p>G\u00fcnde 2 defa, 2-3 dakikada bitirebilecekleri kadar verilir.<\/p>","protected":false},"excerpt":{"rendered":"<p>Diskuslar ve deniz bal\u0131klar\u0131 da dahil olmak \u00fczere y\u00fcksek besin gereksinimleri olan di\u011fer bal\u0131klar i\u00e7in tasarlanm\u0131\u015f sar\u0131msak katk\u0131l\u0131 (%30) kar\u0131\u015f\u0131k gran\u00fcl yemdir. D-Allio Plus Granulat&#8217;\u00fcn form\u00fcl\u00fcnde sar\u0131msa\u011f\u0131n (Allium sativum L.) eskiden beri bilinen \u00f6nemli \u00f6zelliklerinden yararlan\u0131lm\u0131\u015ft\u0131r. Bu do\u011fal katk\u0131 bal\u0131klar\u0131n metabolizmalar\u0131n\u0131 g\u00fc\u00e7lendirir ve sindirime yard\u0131mc\u0131 olur. Y\u00fcksek besin de\u011feri, \u00f6zenle se\u00e7ilmi\u015f vitamin ve mikro elementler [&hellip;]<\/p>","protected":false},"featured_media":2870,"comment_status":"open","ping_status":"closed","template":"","meta":{"om_disable_all_campaigns":false,"_monsterinsights_skip_tracking":false,"_monsterinsights_sitenote_active":false,"_monsterinsights_sitenote_note":"","_monsterinsights_sitenote_category":0},"pwb-brand":[176],"product_brand":[],"product_cat":[95],"product_tag":[],"class_list":{"0":"post-2873","1":"product","2":"type-product","3":"status-publish","4":"has-post-thumbnail","6":"pwb-brand-tropical","7":"product_cat-granul-yemler","9":"first","10":"instock","11":"taxable","12":"shipping-taxable","13":"purchasable","14":"product-type-simple"},"aioseo_notices":[],"brands":[{"id":176,"name":"Tropical","slug":"tropical"}],"_links":{"self":[{"href":"https:\/\/falvarapet.com\/en\/wp-json\/wp\/v2\/product\/2873","targetHints":{"allow":["GET"]}}],"collection":[{"href":"https:\/\/falvarapet.com\/en\/wp-json\/wp\/v2\/product"}],"about":[{"href":"https:\/\/falvarapet.com\/en\/wp-json\/wp\/v2\/types\/product"}],"replies":[{"embeddable":true,"href":"https:\/\/falvarapet.com\/en\/wp-json\/wp\/v2\/comments?post=2873"}],"version-history":[{"count":0,"href":"https:\/\/falvarapet.com\/en\/wp-json\/wp\/v2\/product\/2873\/revisions"}],"wp:featuredmedia":[{"embeddable":true,"href":"https:\/\/falvarapet.com\/en\/wp-json\/wp\/v2\/media\/2870"}],"wp:attachment":[{"href":"https:\/\/falvarapet.com\/en\/wp-json\/wp\/v2\/media?parent=2873"}],"wp:term":[{"taxonomy":"pwb-brand","embeddable":true,"href":"https:\/\/falvarapet.com\/en\/wp-json\/wp\/v2\/pwb-brand?post=2873"},{"taxonomy":"product_brand","embeddable":true,"href":"https:\/\/falvarapet.com\/en\/wp-json\/wp\/v2\/product_brand?post=2873"},{"taxonomy":"product_cat","embeddable":true,"href":"https:\/\/falvarapet.com\/en\/wp-json\/wp\/v2\/product_cat?post=2873"},{"taxonomy":"product_tag","embeddable":true,"href":"https:\/\/falvarapet.com\/en\/wp-json\/wp\/v2\/product_tag?post=2873"}],"curies":[{"name":"wp","href":"https:\/\/api.w.org\/{rel}","templated":true}]}}