{"id":2859,"date":"2025-06-02T15:43:10","date_gmt":"2025-06-02T15:43:10","guid":{"rendered":"https:\/\/falvarapet.com\/?post_type=product&#038;p=2859"},"modified":"2026-03-30T13:29:33","modified_gmt":"2026-03-30T13:29:33","slug":"500-gram-tropical-cichlid-gran-balik-yemi-kovadan-bolme","status":"publish","type":"product","link":"https:\/\/falvarapet.com\/en\/product\/500-gram-tropical-cichlid-gran-balik-yemi-kovadan-bolme\/","title":{"rendered":"500 Gram Tropical Cichlid Gran Bal\u0131k Yemi-Kovadan B\u00f6lme"},"content":{"rendered":"<div>\n<div>Bal\u0131klar\u0131n renklerini canland\u0131r\u0131c\u0131 etkiye sahip kar\u0131\u015f\u0131k temel bat\u0131c\u0131 gran\u00fcl yem. Cichlid Gran a\u011f\u0131zda kulu\u00e7ka yapan Malawi g\u00f6l\u00fc bal\u0131klar\u0131 gibi omnivor \u00e7iklitlerin g\u00fcnl\u00fck beslenmelerinde kullan\u0131lmak \u00fczere haz\u0131rlanm\u0131\u015ft\u0131r. G\u00fc\u00e7l\u00fc bir do\u011fal immunostim\u00fclan olan beta-glukan bal\u0131klar\u0131n ba\u011f\u0131\u015f\u0131kl\u0131k sistemlerini aktive etmektedir. Kabuklu canl\u0131lardan ve alglerden elde edilen karotenoid grubu do\u011fal pigmentler sayesinde bal\u0131klar\u0131n renkleri canl\u0131 ve parlak bir hale gelir. \u0130\u00e7eri\u011fi \u00e7ok zengin olan bu yemi d\u00fczenli bir \u015fekilde kullan\u0131rsan\u0131z y\u00fcksek fiziki kondisyonlu, sa\u011fl\u0131kl\u0131 ve canl\u0131 renkli bal\u0131klara sahip olursunuz. Cichlid Gran&#8217;\u0131n di\u011fer \u00e7iklit yemleri olan Malawi, Cichlid Color, Discus Gran ve Super Spirulina Forte Granulat ile birlikte kullan\u0131lmas\u0131 \u00f6nerilir.<\/div>\n<\/div>\n<div>\n<div><\/div>\n<div>Astaxanthin i\u00e7erikli renklendiricili T\u00fcm Cihicled bal\u0131klar\u0131 i\u00e7in gran\u00fcl Ciklid yemi.<\/div>\n<div>CICHLID GRAN,\u00a0zengin i\u00e7erikli t\u00fcm k\u00fc\u00e7\u00fck ve gen\u00e7 ciklidlerin ve di\u011fer akvaryum bal\u0131klar\u0131n\u0131n beslenmesi i\u00e7in uygun bir gran\u00fcl yemdir.\u0130malat s\u00fcrecinde y\u00fcksek bir teknoloji uygulanarak imaledilmi\u015ftir.Gran\u00fcller h\u0131zl\u0131 bir \u015fekilde yumu\u015far ve bal\u0131klar taraf\u0131ndan sevilerek yenilir.Bu yem Discus ve dipten beslenen bal\u0131klar i\u00e7in uygundur.D\u00fczenli beslendi\u011fi takdirde h\u0131zl\u0131 bir b\u00fcy\u00fcme sa\u011flar ve bal\u0131klar\u0131 renklendirir.<\/div>\n<div>\u0130\u00c7ER\u0130\u011e\u0130:\u00a0bal\u0131k proteinleri,kabuklu ve yumu\u015fak\u00e7alar,alg,\u0131s\u0131rgan otu,\u0131spanak,mayalar, tohumlar,bitkisel ve hayvansal ya\u011flar bitkisel proteinler,tohumlar, astaxanthin ve di\u011fer karotenler,mineraller ve elementler,Se\u00e7ilmi\u015f vitaminler vitaminler A, D3, E, stabilize C Vit .AB standartlar\u0131n\u0131n izin verdi\u011fi oranda renklendiriciler ve koruyucular.<\/div>\n<div>GARANT\u0130 ANAL\u0130Z:\u00a0Ham protein min. 46.5%, Ham ya\u011f min. 5.0%, Ham sel\u00fcloz max. 4.5%, mineraller max. 9.5%, Nem max. 8.0%.<\/div>\n<div>Vitaminler (Beher kg):\u00a0vitamin A 29 900 IU, vitamin D3 1 850 IU, vitamin E 100 mg, L-ascorbyl-2-polyphosphate (stabilised vitamin C) 545 mg.<\/div>\n<\/div>\n<p>G\u00fcnde 2 defa, 2-3 dakikada bitirebilecekleri kadar verilir.<\/p>","protected":false},"excerpt":{"rendered":"<p>Bal\u0131klar\u0131n renklerini canland\u0131r\u0131c\u0131 etkiye sahip kar\u0131\u015f\u0131k temel bat\u0131c\u0131 gran\u00fcl yem. Cichlid Gran a\u011f\u0131zda kulu\u00e7ka yapan Malawi g\u00f6l\u00fc bal\u0131klar\u0131 gibi omnivor \u00e7iklitlerin g\u00fcnl\u00fck beslenmelerinde kullan\u0131lmak \u00fczere haz\u0131rlanm\u0131\u015ft\u0131r. G\u00fc\u00e7l\u00fc bir do\u011fal immunostim\u00fclan olan beta-glukan bal\u0131klar\u0131n ba\u011f\u0131\u015f\u0131kl\u0131k sistemlerini aktive etmektedir. Kabuklu canl\u0131lardan ve alglerden elde edilen karotenoid grubu do\u011fal pigmentler sayesinde bal\u0131klar\u0131n renkleri canl\u0131 ve parlak bir hale [&hellip;]<\/p>","protected":false},"featured_media":2856,"comment_status":"open","ping_status":"closed","template":"","meta":[],"pwb-brand":[176],"product_brand":[],"product_cat":[95],"product_tag":[],"class_list":{"0":"post-2859","1":"product","2":"type-product","3":"status-publish","4":"has-post-thumbnail","6":"pwb-brand-tropical","7":"product_cat-granul-yemler","9":"first","10":"instock","11":"taxable","12":"shipping-taxable","13":"purchasable","14":"product-type-simple"},"brands":[{"id":176,"name":"Tropical","slug":"tropical"}],"_links":{"self":[{"href":"https:\/\/falvarapet.com\/en\/wp-json\/wp\/v2\/product\/2859","targetHints":{"allow":["GET"]}}],"collection":[{"href":"https:\/\/falvarapet.com\/en\/wp-json\/wp\/v2\/product"}],"about":[{"href":"https:\/\/falvarapet.com\/en\/wp-json\/wp\/v2\/types\/product"}],"replies":[{"embeddable":true,"href":"https:\/\/falvarapet.com\/en\/wp-json\/wp\/v2\/comments?post=2859"}],"wp:featuredmedia":[{"embeddable":true,"href":"https:\/\/falvarapet.com\/en\/wp-json\/wp\/v2\/media\/2856"}],"wp:attachment":[{"href":"https:\/\/falvarapet.com\/en\/wp-json\/wp\/v2\/media?parent=2859"}],"wp:term":[{"taxonomy":"pwb-brand","embeddable":true,"href":"https:\/\/falvarapet.com\/en\/wp-json\/wp\/v2\/pwb-brand?post=2859"},{"taxonomy":"product_brand","embeddable":true,"href":"https:\/\/falvarapet.com\/en\/wp-json\/wp\/v2\/product_brand?post=2859"},{"taxonomy":"product_cat","embeddable":true,"href":"https:\/\/falvarapet.com\/en\/wp-json\/wp\/v2\/product_cat?post=2859"},{"taxonomy":"product_tag","embeddable":true,"href":"https:\/\/falvarapet.com\/en\/wp-json\/wp\/v2\/product_tag?post=2859"}],"curies":[{"name":"wp","href":"https:\/\/api.w.org\/{rel}","templated":true}]}}