{"id":2846,"date":"2025-06-02T15:29:50","date_gmt":"2025-06-02T15:29:50","guid":{"rendered":"https:\/\/falvarapet.com\/?post_type=product&#038;p=2846"},"modified":"2026-03-27T07:13:53","modified_gmt":"2026-03-27T07:13:53","slug":"100-gram-tropical-cichlid-carnivore-small-pellet-balik-yemi-kovadan-bolme","status":"publish","type":"product","link":"https:\/\/falvarapet.com\/en\/product\/100-gram-tropical-cichlid-carnivore-small-pellet-balik-yemi-kovadan-bolme\/","title":{"rendered":"100 Gram Tropical Cichlid Carnivore Small Pellet Bal\u0131k Yemi-Kovadan B\u00f6lme"},"content":{"rendered":"<p><span>CICHLID CARNIVORE SMALL PELLET Gen\u00e7 ve k\u00fc\u00e7\u00fck \u00e7ikletler i\u00e7in renk artt\u0131r\u0131c\u0131 y\u00fczen gran\u00fcl formunda yemdir.\u00a0\u00a0Gen\u00e7 ve k\u00fc\u00e7\u00fck et\u00e7il \u00e7ikletlerin g\u00fcnl\u00fck beslenmesi i\u00e7in renk artt\u0131r\u0131c\u0131 yem, \u00f6rne\u011fin: Cyphotilapia afra, Placidochromis electra, Hemichromis bimaculatus.\u00a0\u00a0Astaksantin de dahil olmak \u00fczere y\u00fcksek do\u011fal karotenoid i\u00e7eri\u011fi bal\u0131klar\u0131n durumunu olumlu y\u00f6nde etkiler ve renklerini yo\u011funla\u015ft\u0131r\u0131r.\u00a0\u00a0Esansiyel amino asitler a\u00e7\u0131s\u0131ndan zengin protein, et\u00e7il bal\u0131klar\u0131n t\u00fcm besin ihtiya\u00e7lar\u0131n\u0131 kar\u015f\u0131lar.\u00a0\u00a0CICHLID CARNIVORE gran\u00fclleri, akvaryuma at\u0131ld\u0131\u011f\u0131nda par\u00e7alanmazlar, bu nedenle suya herhangi bir de\u011ferli besin maddesi salmazlar.\u00a0\u00a0Modern \u00fcretim s\u00fcreci, besinlerin \u00f6z\u00fcmsenebilirli\u011fini artt\u0131r\u0131r.<\/span><\/p>\n<p><span>S\u00fcs bal\u0131klar\u0131 i\u00e7in komple yem.\u00a0<\/span>\u00a0<span>\u0130\u00e7indekiler: bal\u0131k ve bal\u0131k t\u00fcrevleri, yumu\u015fak\u00e7alar ve kabuklular, bitkisel protein \u00f6zleri, tah\u0131llar, bitkisel k\u00f6kenli t\u00fcrevler, algler, mayalar, s\u0131v\u0131 ve kat\u0131 ya\u011flar, mineraller (%1 zeolit \u200b\u200bdahil).\u00a0<\/span>\u00a0<span>Katk\u0131 maddeleri (kg ba\u015f\u0131na): Vitaminler, pro-vitaminler ve benzer etkiye sahip kimyasal olarak iyi tan\u0131mlanm\u0131\u015f maddeler: vit.\u00a0<\/span>\u00a0<span>27 850 IU, vit.\u00a0<\/span>\u00a0<span>D3 1 750 IU, vit.\u00a0<\/span>\u00a0<span>E 90 mg, vit.\u00a0<\/span>\u00a0<span>C 250 mg.\u00a0<\/span>\u00a0<span>\u0130z elementlerin bile\u015fikleri: E1 (Fe) 35,0 mg, E6 (Zn) 8,5 mg, E5 (Mn) 7,2 mg, E4 (Cu) 1,5 mg, E2 (I) 0,2 mg, E8 (Se) 0,2 mg, E7 (Mo ) 0.04 mg.\u00a0<\/span>\u00a0<span>Renklendiriciler: astaksantin 80 mg.\u00a0<\/span>\u00a0<span>Antioksidanlar.\u00a0<\/span>\u00a0<span>Analitik bile\u015fenler: ham protein %46.0, ham ya\u011flar ve kat\u0131 ya\u011flar %6.0, ham lifler %2.5, nem %8.0.<\/span><\/p>\n<p><span>Katk\u0131 maddeleri (kg ba\u015f\u0131na): Vitaminler, pro-vitaminler ve benzer etkiye sahip kimyasal olarak iyi tan\u0131mlanm\u0131\u015f maddeler: vit.\u00a0<\/span>\u00a0<span>27 850 IU, vit.\u00a0<\/span>\u00a0<span>D3 1 750 IU, vit.\u00a0<\/span>\u00a0<span>E 90 mg, vit.\u00a0<\/span>\u00a0<span>C 250 mg.\u00a0<\/span>\u00a0<span>\u0130z elementlerin bile\u015fikleri: E1 (Fe) 35,0 mg, E6 (Zn) 8,5 mg, E5 (Mn) 7,2 mg, E4 (Cu) 1,5 mg, E2 (I) 0,2 mg, E8 (Se) 0,2 mg, E7 (Mo ) 0.04 mg.\u00a0<\/span>\u00a0<span>Renklendiriciler: astaksantin 80 mg.\u00a0<\/span>\u00a0<span>Antioksidanlar.<\/span><\/p>\n<p>G\u00fcnde 2 defa, 2-3 dakikada bitirebilecekleri kadar verilir.<\/p>","protected":false},"excerpt":{"rendered":"<p>CICHLID CARNIVORE SMALL PELLET Gen\u00e7 ve k\u00fc\u00e7\u00fck \u00e7ikletler i\u00e7in renk artt\u0131r\u0131c\u0131 y\u00fczen gran\u00fcl formunda yemdir.\u00a0\u00a0Gen\u00e7 ve k\u00fc\u00e7\u00fck et\u00e7il \u00e7ikletlerin g\u00fcnl\u00fck beslenmesi i\u00e7in renk artt\u0131r\u0131c\u0131 yem, \u00f6rne\u011fin: Cyphotilapia afra, Placidochromis electra, Hemichromis bimaculatus.\u00a0\u00a0Astaksantin de dahil olmak \u00fczere y\u00fcksek do\u011fal karotenoid i\u00e7eri\u011fi bal\u0131klar\u0131n durumunu olumlu y\u00f6nde etkiler ve renklerini yo\u011funla\u015ft\u0131r\u0131r.\u00a0\u00a0Esansiyel amino asitler a\u00e7\u0131s\u0131ndan zengin protein, et\u00e7il bal\u0131klar\u0131n [&hellip;]<\/p>","protected":false},"featured_media":2847,"comment_status":"open","ping_status":"closed","template":"","meta":[],"pwb-brand":[176],"product_brand":[],"product_cat":[177],"product_tag":[],"class_list":{"0":"post-2846","1":"product","2":"type-product","3":"status-publish","4":"has-post-thumbnail","6":"pwb-brand-tropical","7":"product_cat-pelet-yemler","9":"first","10":"instock","11":"taxable","12":"shipping-taxable","13":"purchasable","14":"product-type-simple"},"brands":[{"id":176,"name":"Tropical","slug":"tropical"}],"_links":{"self":[{"href":"https:\/\/falvarapet.com\/en\/wp-json\/wp\/v2\/product\/2846","targetHints":{"allow":["GET"]}}],"collection":[{"href":"https:\/\/falvarapet.com\/en\/wp-json\/wp\/v2\/product"}],"about":[{"href":"https:\/\/falvarapet.com\/en\/wp-json\/wp\/v2\/types\/product"}],"replies":[{"embeddable":true,"href":"https:\/\/falvarapet.com\/en\/wp-json\/wp\/v2\/comments?post=2846"}],"wp:featuredmedia":[{"embeddable":true,"href":"https:\/\/falvarapet.com\/en\/wp-json\/wp\/v2\/media\/2847"}],"wp:attachment":[{"href":"https:\/\/falvarapet.com\/en\/wp-json\/wp\/v2\/media?parent=2846"}],"wp:term":[{"taxonomy":"pwb-brand","embeddable":true,"href":"https:\/\/falvarapet.com\/en\/wp-json\/wp\/v2\/pwb-brand?post=2846"},{"taxonomy":"product_brand","embeddable":true,"href":"https:\/\/falvarapet.com\/en\/wp-json\/wp\/v2\/product_brand?post=2846"},{"taxonomy":"product_cat","embeddable":true,"href":"https:\/\/falvarapet.com\/en\/wp-json\/wp\/v2\/product_cat?post=2846"},{"taxonomy":"product_tag","embeddable":true,"href":"https:\/\/falvarapet.com\/en\/wp-json\/wp\/v2\/product_tag?post=2846"}],"curies":[{"name":"wp","href":"https:\/\/api.w.org\/{rel}","templated":true}]}}