{"id":2733,"date":"2025-05-30T13:04:43","date_gmt":"2025-05-30T13:04:43","guid":{"rendered":"https:\/\/falvarapet.com\/?post_type=product&#038;p=2733"},"modified":"2026-03-31T16:34:14","modified_gmt":"2026-03-31T16:34:14","slug":"tetra-pro-energy-balik-yemi-10-lt-2100-gram-acilmamis-kova","status":"publish","type":"product","link":"https:\/\/falvarapet.com\/en\/product\/tetra-pro-energy-balik-yemi-10-lt-2100-gram-acilmamis-kova","title":{"rendered":"Tetra Pro Energy Bal\u0131k Yemi 10 Lt\/2100 Gram A\u00e7\u0131lmam\u0131\u015f Kova"},"content":{"rendered":"<p>T\u00fcm s\u00fcs bal\u0131klar\u0131nda kullan\u0131labilen ideal beslenme ve temiz bir su i\u00e7in yeni jenerasyon bal\u0131k yemidir.<br \/>\nOptimal protein-ya\u011f oran\u0131 ile daha fazla enerji sa\u011flar.<br \/>\nD\u00fc\u015f\u00fck \u0131s\u0131 y\u00f6ntemi ile haz\u0131rlanm\u0131\u015f olmas\u0131 sayesinde vitamin ve besin de\u011ferlerinin maksimum korunmas\u0131 sa\u011flanm\u0131\u015ft\u0131r.<br \/>\nY\u00fcksek sindirilebilirlik sayesinde, su daha az kirlenir.<br \/>\nOptimal beslenme sayesinde sudaki nit-rat seviyesinde azalma g\u00f6r\u00fcl\u00fcr.<br \/>\nTaneleri cips \u015feklindedir.<\/p>\n<p>\u00dcr\u00fcn\u00fcn \u0130\u00e7eri\u011fi;<\/p>\n<p>Bal\u0131k ve bal\u0131k yan \u00fcr\u00fcnleri, tah\u0131llar, bitkisel alb\u00fcmin ekstrakt\u0131, mayalar, s\u0131v\u0131 ve kat\u0131 ya\u011flar, yumu\u015fak\u00e7alar ve kabuklu hayvanlar, yosunlar \u015feker.<\/p>\n<p>\u00dcr\u00fcn\u00fcn Analizi;<\/p>\n<p>Ham protein 46,00, ham ya\u011f 12,00, ham lif 2,00, nem oran\u0131 9,00, vitamin A 29880 IE\/kg, vitamin D3 1865 IE\/kg, L-carnitine 123 mg\/kg, mangan 67 mg\/kg, \u00e7inko 40 mg\/kg, demir 26 mg\/kg, kobalt 0,50 mg\/kg.<\/p>\n<p>Beslenme Tavsiyesi;<\/p>\n<p>G\u00fcnl\u00fck olarak 2 &#8211; 3 kez bal\u0131\u011f\u0131n\u0131z\u0131n k\u0131sa bir s\u00fcre i\u00e7erisinde t\u00fcketebilece\u011fi miktarlarda verilmesi tavsiye edilir.<\/p>","protected":false},"excerpt":{"rendered":"<p>T\u00fcm s\u00fcs bal\u0131klar\u0131nda kullan\u0131labilen ideal beslenme ve temiz bir su i\u00e7in yeni jenerasyon bal\u0131k yemidir. Optimal protein-ya\u011f oran\u0131 ile daha fazla enerji sa\u011flar. D\u00fc\u015f\u00fck \u0131s\u0131 y\u00f6ntemi ile haz\u0131rlanm\u0131\u015f olmas\u0131 sayesinde vitamin ve besin de\u011ferlerinin maksimum korunmas\u0131 sa\u011flanm\u0131\u015ft\u0131r. Y\u00fcksek sindirilebilirlik sayesinde, su daha az kirlenir. Optimal beslenme sayesinde sudaki nit-rat seviyesinde azalma g\u00f6r\u00fcl\u00fcr. Taneleri cips \u015feklindedir. [&hellip;]<\/p>","protected":false},"featured_media":2624,"comment_status":"open","ping_status":"closed","template":"","meta":{"om_disable_all_campaigns":false,"_monsterinsights_skip_tracking":false,"_monsterinsights_sitenote_active":false,"_monsterinsights_sitenote_note":"","_monsterinsights_sitenote_category":0},"pwb-brand":[172],"product_brand":[],"product_cat":[97,94],"product_tag":[],"class_list":{"0":"post-2733","1":"product","2":"type-product","3":"status-publish","4":"has-post-thumbnail","6":"pwb-brand-tetra2","7":"product_cat-cips-yemler","8":"product_cat-kova-yemler","10":"first","11":"instock","12":"taxable","13":"shipping-taxable","14":"purchasable","15":"product-type-simple"},"aioseo_notices":[],"brands":[{"id":172,"name":"Tetra","slug":"tetra2"}],"_links":{"self":[{"href":"https:\/\/falvarapet.com\/en\/wp-json\/wp\/v2\/product\/2733","targetHints":{"allow":["GET"]}}],"collection":[{"href":"https:\/\/falvarapet.com\/en\/wp-json\/wp\/v2\/product"}],"about":[{"href":"https:\/\/falvarapet.com\/en\/wp-json\/wp\/v2\/types\/product"}],"replies":[{"embeddable":true,"href":"https:\/\/falvarapet.com\/en\/wp-json\/wp\/v2\/comments?post=2733"}],"version-history":[{"count":0,"href":"https:\/\/falvarapet.com\/en\/wp-json\/wp\/v2\/product\/2733\/revisions"}],"wp:featuredmedia":[{"embeddable":true,"href":"https:\/\/falvarapet.com\/en\/wp-json\/wp\/v2\/media\/2624"}],"wp:attachment":[{"href":"https:\/\/falvarapet.com\/en\/wp-json\/wp\/v2\/media?parent=2733"}],"wp:term":[{"taxonomy":"pwb-brand","embeddable":true,"href":"https:\/\/falvarapet.com\/en\/wp-json\/wp\/v2\/pwb-brand?post=2733"},{"taxonomy":"product_brand","embeddable":true,"href":"https:\/\/falvarapet.com\/en\/wp-json\/wp\/v2\/product_brand?post=2733"},{"taxonomy":"product_cat","embeddable":true,"href":"https:\/\/falvarapet.com\/en\/wp-json\/wp\/v2\/product_cat?post=2733"},{"taxonomy":"product_tag","embeddable":true,"href":"https:\/\/falvarapet.com\/en\/wp-json\/wp\/v2\/product_tag?post=2733"}],"curies":[{"name":"wp","href":"https:\/\/api.w.org\/{rel}","templated":true}]}}