{"id":2732,"date":"2025-05-30T12:40:44","date_gmt":"2025-05-30T12:40:44","guid":{"rendered":"https:\/\/falvarapet.com\/?post_type=product&#038;p=2732"},"modified":"2026-04-19T07:10:34","modified_gmt":"2026-04-19T07:10:34","slug":"tetra-algae-mix-pul-balik-yemi-10-lt-1750-gram-acilmamis-kova","status":"publish","type":"product","link":"https:\/\/falvarapet.com\/en\/product\/tetra-algae-mix-pul-balik-yemi-10-lt-1750-gram-acilmamis-kova","title":{"rendered":"Tetra Algae Mix Pul Bal\u0131k Yemi 10 LT\/1750 Gram A\u00e7\u0131lmam\u0131\u015f Kova"},"content":{"rendered":"<p><strong>Tetra Algaemix,\u00a0<\/strong>%40 l\u0131k Yosun oran\u0131 ile tam bitkisel pul bal\u0131k yemi. %20 Spirulina %17 Nari Algae %3 Chlorella.\u00a0<strong>Tetra Algaemix,\u00a0<\/strong>t\u00fcm bitkisel beslenen bal\u0131klar i\u00e7in uygun bol miktarda spirulina, nori yosunu ve chlorella i\u00e7eren bitkisel pul bal\u0131k yemi.<\/p>\n<p><strong>Yem i\u00e7eri\u011fi;<\/strong>\u00a0pirulina algi,alg,mayalar,sebzeler,soya proteinleri,tah\u0131llar,bal\u0131k ve bal\u0131k proteini konsantresi,yumu\u015fak\u00e7alar ve kabuklular,plankton,bitkisel ve hayvansal ya\u011flar.<\/p>\n<p><strong>\u00d6ne \u00e7\u0131kan \u00f6zellikleri;<\/strong><br \/>\n* Suya sal\u0131n\u0131m yapmaz.<br \/>\n* Sindirimi kolay bal\u0131k yemi<br \/>\n* Do\u011fal i\u00e7eri\u011fiyle yavru ve yeti\u015fkin bal\u0131klar i\u00e7in ideal yem.<\/p>\n<p>Beslenme Tavsiyesi;<\/p>\n<p>G\u00fcnde 2 \u2013 3 kez bal\u0131klar\u0131n\u0131z\u0131n k\u0131sa bir s\u00fcre i\u00e7erisinde t\u00fcketebilece\u011fi k\u00fc\u00e7\u00fck porsiyonlar halinde verilmesi tavsiye edilir.<\/p>","protected":false},"excerpt":{"rendered":"<p>Tetra Algaemix,\u00a0%40 l\u0131k Yosun oran\u0131 ile tam bitkisel pul bal\u0131k yemi. %20 Spirulina %17 Nari Algae %3 Chlorella.\u00a0Tetra Algaemix,\u00a0t\u00fcm bitkisel beslenen bal\u0131klar i\u00e7in uygun bol miktarda spirulina, nori yosunu ve chlorella i\u00e7eren bitkisel pul bal\u0131k yemi. Yem i\u00e7eri\u011fi;\u00a0pirulina algi,alg,mayalar,sebzeler,soya proteinleri,tah\u0131llar,bal\u0131k ve bal\u0131k proteini konsantresi,yumu\u015fak\u00e7alar ve kabuklular,plankton,bitkisel ve hayvansal ya\u011flar. \u00d6ne \u00e7\u0131kan \u00f6zellikleri; * Suya sal\u0131n\u0131m [&hellip;]<\/p>","protected":false},"featured_media":2620,"comment_status":"open","ping_status":"closed","template":"","meta":{"om_disable_all_campaigns":false,"_monsterinsights_skip_tracking":false,"_monsterinsights_sitenote_active":false,"_monsterinsights_sitenote_note":"","_monsterinsights_sitenote_category":0},"pwb-brand":[172],"product_brand":[],"product_cat":[94,92],"product_tag":[],"class_list":{"0":"post-2732","1":"product","2":"type-product","3":"status-publish","4":"has-post-thumbnail","6":"pwb-brand-tetra2","7":"product_cat-kova-yemler","8":"product_cat-pul-yemler","10":"first","11":"instock","12":"taxable","13":"shipping-taxable","14":"purchasable","15":"product-type-simple"},"aioseo_notices":[],"brands":[{"id":172,"name":"Tetra","slug":"tetra2"}],"_links":{"self":[{"href":"https:\/\/falvarapet.com\/en\/wp-json\/wp\/v2\/product\/2732","targetHints":{"allow":["GET"]}}],"collection":[{"href":"https:\/\/falvarapet.com\/en\/wp-json\/wp\/v2\/product"}],"about":[{"href":"https:\/\/falvarapet.com\/en\/wp-json\/wp\/v2\/types\/product"}],"replies":[{"embeddable":true,"href":"https:\/\/falvarapet.com\/en\/wp-json\/wp\/v2\/comments?post=2732"}],"version-history":[{"count":0,"href":"https:\/\/falvarapet.com\/en\/wp-json\/wp\/v2\/product\/2732\/revisions"}],"wp:featuredmedia":[{"embeddable":true,"href":"https:\/\/falvarapet.com\/en\/wp-json\/wp\/v2\/media\/2620"}],"wp:attachment":[{"href":"https:\/\/falvarapet.com\/en\/wp-json\/wp\/v2\/media?parent=2732"}],"wp:term":[{"taxonomy":"pwb-brand","embeddable":true,"href":"https:\/\/falvarapet.com\/en\/wp-json\/wp\/v2\/pwb-brand?post=2732"},{"taxonomy":"product_brand","embeddable":true,"href":"https:\/\/falvarapet.com\/en\/wp-json\/wp\/v2\/product_brand?post=2732"},{"taxonomy":"product_cat","embeddable":true,"href":"https:\/\/falvarapet.com\/en\/wp-json\/wp\/v2\/product_cat?post=2732"},{"taxonomy":"product_tag","embeddable":true,"href":"https:\/\/falvarapet.com\/en\/wp-json\/wp\/v2\/product_tag?post=2732"}],"curies":[{"name":"wp","href":"https:\/\/api.w.org\/{rel}","templated":true}]}}