{"id":2725,"date":"2025-05-28T15:17:17","date_gmt":"2025-05-28T15:17:17","guid":{"rendered":"https:\/\/falvarapet.com\/?post_type=product&#038;p=2725"},"modified":"2026-04-20T13:38:18","modified_gmt":"2026-04-20T13:38:18","slug":"500-gram-tropical-cichlid-carnivore-medium-pellet-balik-yemi-kovadan-bolme","status":"publish","type":"product","link":"https:\/\/falvarapet.com\/en\/product\/500-gram-tropical-cichlid-carnivore-medium-pellet-balik-yemi-kovadan-bolme","title":{"rendered":"500 Gram Tropical Cichlid Carnivore Medium Pellet Bal\u0131k Yemi-Kovadan B\u00f6lme"},"content":{"rendered":"<p>CICHLID CARNIVORE MEDD\u0130UM PELLET<\/p>\n<p>S\u00fcs bal\u0131klar\u0131 i\u00e7in komple yem. \u0130\u00e7indekiler: bal\u0131k ve bal\u0131k t\u00fcrevleri, yumu\u015fak\u00e7alar ve kabuklular, bitkisel protein \u00f6zleri, tah\u0131llar, bitkisel k\u00f6kenli t\u00fcrevler, algler, mayalar, ya\u011flar ve kat\u0131 ya\u011flar, mineraller (zeolit% 1 dahil). Katk\u0131 maddeleri (kg ba\u015f\u0131na): Vitaminler, pro-vitaminler ve benzer etkiye sahip kimyasal olarak iyi tan\u0131mlanm\u0131\u015f maddeler: vit. 27 850 IU, vit. D3 1 750 IU, v\u0131t. E 90 mg, vit. C 250 mg. Eser elementlerin bile\u015fikleri: E1 (Fe) 35.0 mg, E6 (Zn) 8.5 mg, E5 (Mn) 7.2 mg, E4 (Cu) 1.5 mg, E2 (I) 0.2 mg, E8 (Se) 0.2 mg, E7 (Mo) 0.04 mg. Renklendiriciler: astaksantin 80 mg. Antioksidan. Analitik bile\u015fenler: ham protein %46.0, ham ya\u011flar ve kat\u0131 ya\u011flar % 6.0, ham lifler % 2.5, nem% 8.0.<\/p>\n<p>Katk\u0131 maddeleri (kg ba\u015f\u0131na): Vitaminler, provitaminler ve benzer etkiye sahip kimyasal olarak iyi tan\u0131mlanm\u0131\u015f maddeler: vit. 27 850 IU, vit. D3 1 750 IU, v\u0131t. E 90 mg, vit. C 250 mg. Eser elementlerin bile\u015fikleri: E1 (Fe) 35.0 mg, E6 (Zn) 8.5 mg, E5 (Mn) 7.2 mg, E4 (Cu) 1.5 mg, E2 (I) 0.2 mg, E8 (Se) 0.2 mg, E7 (Mo) 0.04 mg. Renklendiriciler: astaksantin 80 mg. Antioksidan.<\/p>\n<p>G\u00fcnde 2 defa, 2-3 dakikada bitirebilecekleri kadar verilir.<\/p>","protected":false},"excerpt":{"rendered":"<p>CICHLID CARNIVORE MEDD\u0130UM PELLET S\u00fcs bal\u0131klar\u0131 i\u00e7in komple yem. \u0130\u00e7indekiler: bal\u0131k ve bal\u0131k t\u00fcrevleri, yumu\u015fak\u00e7alar ve kabuklular, bitkisel protein \u00f6zleri, tah\u0131llar, bitkisel k\u00f6kenli t\u00fcrevler, algler, mayalar, ya\u011flar ve kat\u0131 ya\u011flar, mineraller (zeolit% 1 dahil). Katk\u0131 maddeleri (kg ba\u015f\u0131na): Vitaminler, pro-vitaminler ve benzer etkiye sahip kimyasal olarak iyi tan\u0131mlanm\u0131\u015f maddeler: vit. 27 850 IU, vit. D3 [&hellip;]<\/p>","protected":false},"featured_media":2721,"comment_status":"open","ping_status":"closed","template":"","meta":{"om_disable_all_campaigns":false,"_monsterinsights_skip_tracking":false,"_monsterinsights_sitenote_active":false,"_monsterinsights_sitenote_note":"","_monsterinsights_sitenote_category":0},"pwb-brand":[176],"product_brand":[],"product_cat":[177],"product_tag":[],"class_list":{"0":"post-2725","1":"product","2":"type-product","3":"status-publish","4":"has-post-thumbnail","6":"pwb-brand-tropical","7":"product_cat-pelet-yemler","9":"first","10":"instock","11":"taxable","12":"shipping-taxable","13":"purchasable","14":"product-type-simple"},"aioseo_notices":[],"brands":[{"id":176,"name":"Tropical","slug":"tropical"}],"_links":{"self":[{"href":"https:\/\/falvarapet.com\/en\/wp-json\/wp\/v2\/product\/2725","targetHints":{"allow":["GET"]}}],"collection":[{"href":"https:\/\/falvarapet.com\/en\/wp-json\/wp\/v2\/product"}],"about":[{"href":"https:\/\/falvarapet.com\/en\/wp-json\/wp\/v2\/types\/product"}],"replies":[{"embeddable":true,"href":"https:\/\/falvarapet.com\/en\/wp-json\/wp\/v2\/comments?post=2725"}],"version-history":[{"count":0,"href":"https:\/\/falvarapet.com\/en\/wp-json\/wp\/v2\/product\/2725\/revisions"}],"wp:featuredmedia":[{"embeddable":true,"href":"https:\/\/falvarapet.com\/en\/wp-json\/wp\/v2\/media\/2721"}],"wp:attachment":[{"href":"https:\/\/falvarapet.com\/en\/wp-json\/wp\/v2\/media?parent=2725"}],"wp:term":[{"taxonomy":"pwb-brand","embeddable":true,"href":"https:\/\/falvarapet.com\/en\/wp-json\/wp\/v2\/pwb-brand?post=2725"},{"taxonomy":"product_brand","embeddable":true,"href":"https:\/\/falvarapet.com\/en\/wp-json\/wp\/v2\/product_brand?post=2725"},{"taxonomy":"product_cat","embeddable":true,"href":"https:\/\/falvarapet.com\/en\/wp-json\/wp\/v2\/product_cat?post=2725"},{"taxonomy":"product_tag","embeddable":true,"href":"https:\/\/falvarapet.com\/en\/wp-json\/wp\/v2\/product_tag?post=2725"}],"curies":[{"name":"wp","href":"https:\/\/api.w.org\/{rel}","templated":true}]}}