{"id":2719,"date":"2025-05-28T14:42:34","date_gmt":"2025-05-28T14:42:34","guid":{"rendered":"https:\/\/falvarapet.com\/?post_type=product&#038;p=2719"},"modified":"2025-11-23T13:48:12","modified_gmt":"2025-11-23T13:48:12","slug":"1000-gram-tropical-carnivore-kucuk-tablet-balik-yemi-kovadan-bolme","status":"publish","type":"product","link":"https:\/\/falvarapet.com\/en\/product\/1000-gram-tropical-carnivore-kucuk-tablet-balik-yemi-kovadan-bolme","title":{"rendered":"1000 Gram Tropical Carnivore K\u00fc\u00e7\u00fck Tablet Bal\u0131k Yemi-Kovadan B\u00f6lme"},"content":{"rendered":"<div>Carnivore et\u00e7il bal\u0131k yeti\u015ftiricileri i\u00e7in Tropical taraf\u0131ndan geli\u015ftirilen dip bal\u0131klar\u0131na y\u00f6nelik proteince zengin yeni bir \u00fcr\u00fcnd\u00fcr. \u0130\u00e7erdi\u011fi sindirimi kolay proteinler yay\u0131n bal\u0131klar\u0131n\u0131n, vatozlar\u0131n, y\u0131lanba\u015flar\u0131n, vs. besin gereksinimlerini kar\u015f\u0131lar.<\/div>\n<div>Carnivore ayr\u0131ca omnivor \u00e7\u00f6p\u00e7\u00fc bal\u0131klar\u0131n\u0131n diyetlerine eklenebilece\u011fi gibi, akvaryum dibinden beslenen \u00e7iklit bal\u0131klar\u0131 i\u00e7in de uygun bir yemdir. Yemdeki ni\u015fasta seviyesi et\u00e7il bal\u0131klar\u0131n i\u00e7 organlar\u0131n\u0131n ya\u011flanmas\u0131n\u0131 engellemek amac\u0131yla azalt\u0131lm\u0131\u015ft\u0131r.<\/div>\n<div>Yemde mevcut bulunan beta-glukan ba\u011f\u0131\u015f\u0131kl\u0131k sistemini do\u011fal yollardan g\u00fc\u00e7lendirmektedir.<\/div>\n<div><\/div>\n<div>Besleme \u00d6nerisi : g\u00fcnde birka\u00e7 kez. \u00a0Tabletleri (tank\u0131n pop\u00fclasyonuna g\u00f6re ayarlanm\u0131\u015f say\u0131lar\u0131) tank\u0131n i\u00e7ine, bal\u0131klar\u0131n ve kabuklular\u0131n beslendi\u011fi yere b\u0131rak\u0131n.<\/div>\n<p><strong><u>Cama yap\u0131\u015fmaz<\/u><\/strong><\/p>","protected":false},"excerpt":{"rendered":"<p>Carnivore et\u00e7il bal\u0131k yeti\u015ftiricileri i\u00e7in Tropical taraf\u0131ndan geli\u015ftirilen dip bal\u0131klar\u0131na y\u00f6nelik proteince zengin yeni bir \u00fcr\u00fcnd\u00fcr. \u0130\u00e7erdi\u011fi sindirimi kolay proteinler yay\u0131n bal\u0131klar\u0131n\u0131n, vatozlar\u0131n, y\u0131lanba\u015flar\u0131n, vs. besin gereksinimlerini kar\u015f\u0131lar. Carnivore ayr\u0131ca omnivor \u00e7\u00f6p\u00e7\u00fc bal\u0131klar\u0131n\u0131n diyetlerine eklenebilece\u011fi gibi, akvaryum dibinden beslenen \u00e7iklit bal\u0131klar\u0131 i\u00e7in de uygun bir yemdir. Yemdeki ni\u015fasta seviyesi et\u00e7il bal\u0131klar\u0131n i\u00e7 organlar\u0131n\u0131n ya\u011flanmas\u0131n\u0131 engellemek [&hellip;]<\/p>","protected":false},"featured_media":2714,"comment_status":"open","ping_status":"closed","template":"","meta":{"om_disable_all_campaigns":false,"_monsterinsights_skip_tracking":false,"_monsterinsights_sitenote_active":false,"_monsterinsights_sitenote_note":"","_monsterinsights_sitenote_category":0},"pwb-brand":[176],"product_brand":[],"product_cat":[91],"product_tag":[],"class_list":{"0":"post-2719","1":"product","2":"type-product","3":"status-publish","4":"has-post-thumbnail","6":"pwb-brand-tropical","7":"product_cat-tablet-yemler","9":"first","10":"outofstock","11":"taxable","12":"shipping-taxable","13":"purchasable","14":"product-type-simple"},"aioseo_notices":[],"brands":[{"id":176,"name":"Tropical","slug":"tropical"}],"_links":{"self":[{"href":"https:\/\/falvarapet.com\/en\/wp-json\/wp\/v2\/product\/2719","targetHints":{"allow":["GET"]}}],"collection":[{"href":"https:\/\/falvarapet.com\/en\/wp-json\/wp\/v2\/product"}],"about":[{"href":"https:\/\/falvarapet.com\/en\/wp-json\/wp\/v2\/types\/product"}],"replies":[{"embeddable":true,"href":"https:\/\/falvarapet.com\/en\/wp-json\/wp\/v2\/comments?post=2719"}],"version-history":[{"count":0,"href":"https:\/\/falvarapet.com\/en\/wp-json\/wp\/v2\/product\/2719\/revisions"}],"wp:featuredmedia":[{"embeddable":true,"href":"https:\/\/falvarapet.com\/en\/wp-json\/wp\/v2\/media\/2714"}],"wp:attachment":[{"href":"https:\/\/falvarapet.com\/en\/wp-json\/wp\/v2\/media?parent=2719"}],"wp:term":[{"taxonomy":"pwb-brand","embeddable":true,"href":"https:\/\/falvarapet.com\/en\/wp-json\/wp\/v2\/pwb-brand?post=2719"},{"taxonomy":"product_brand","embeddable":true,"href":"https:\/\/falvarapet.com\/en\/wp-json\/wp\/v2\/product_brand?post=2719"},{"taxonomy":"product_cat","embeddable":true,"href":"https:\/\/falvarapet.com\/en\/wp-json\/wp\/v2\/product_cat?post=2719"},{"taxonomy":"product_tag","embeddable":true,"href":"https:\/\/falvarapet.com\/en\/wp-json\/wp\/v2\/product_tag?post=2719"}],"curies":[{"name":"wp","href":"https:\/\/api.w.org\/{rel}","templated":true}]}}