{"id":2711,"date":"2025-05-28T13:50:14","date_gmt":"2025-05-28T13:50:14","guid":{"rendered":"https:\/\/falvarapet.com\/?post_type=product&#038;p=2711"},"modified":"2026-03-31T11:12:13","modified_gmt":"2026-03-31T11:12:13","slug":"500-gram-tropical-3-algae-tablets-b-balik-yemi-kovadan-bolme","status":"publish","type":"product","link":"https:\/\/falvarapet.com\/en\/product\/500-gram-tropical-3-algae-tablets-b-balik-yemi-kovadan-bolme\/","title":{"rendered":"500 Gram Tropical 3-Algae Tablets B Bal\u0131k Yemi-Kovadan B\u00f6lme"},"content":{"rendered":"<div>3-Algae Tablets B, yosun bak\u0131m\u0131ndan zengin, batan tabletlerdir. \u00a0Ot\u00e7ul ve omnivor bal\u0131klar\u0131n beslenmesi i\u00e7in tasarlanm\u0131\u015ft\u0131r.\u00a0\u00a0Tabletler ayr\u0131ca tatl\u0131 su ve deniz kabuklular\u0131na da verilebilir.<\/div>\n<div><\/div>\n<div>S\u00fcs bal\u0131klar\u0131 ve kabuklular i\u00e7in komple yem.\u00a0\u00a0\u0130\u00e7indekiler: tah\u0131llar, %12 algler, bitkisel kaynakl\u0131 t\u00fcrevler (%2 Aloe vera dahil), bitkisel protein \u00f6zleri, bal\u0131k ve bal\u0131k t\u00fcrevleri, yumu\u015fak\u00e7alar ve kabuklular, s\u00fct ve s\u00fct t\u00fcrevleri, et ve hayvansal t\u00fcrevler, mayalar, s\u0131v\u0131 ve kat\u0131 ya\u011flar, mineraller .<\/div>\n<div><\/div>\n<div>Besleme \u00d6nerisi : g\u00fcnde birka\u00e7 kez. \u00a0Tabletleri (tank\u0131n pop\u00fclasyonuna g\u00f6re ayarlanm\u0131\u015f say\u0131lar\u0131) tank\u0131n i\u00e7ine, bal\u0131klar\u0131n ve kabuklular\u0131n beslendi\u011fi yere b\u0131rak\u0131n.<\/div>\n<p><strong><u>Cama yap\u0131\u015fmaz<\/u><\/strong><\/p>","protected":false},"excerpt":{"rendered":"<p>3-Algae Tablets B, yosun bak\u0131m\u0131ndan zengin, batan tabletlerdir. \u00a0Ot\u00e7ul ve omnivor bal\u0131klar\u0131n beslenmesi i\u00e7in tasarlanm\u0131\u015ft\u0131r.\u00a0\u00a0Tabletler ayr\u0131ca tatl\u0131 su ve deniz kabuklular\u0131na da verilebilir. S\u00fcs bal\u0131klar\u0131 ve kabuklular i\u00e7in komple yem.\u00a0\u00a0\u0130\u00e7indekiler: tah\u0131llar, %12 algler, bitkisel kaynakl\u0131 t\u00fcrevler (%2 Aloe vera dahil), bitkisel protein \u00f6zleri, bal\u0131k ve bal\u0131k t\u00fcrevleri, yumu\u015fak\u00e7alar ve kabuklular, s\u00fct ve s\u00fct t\u00fcrevleri, et [&hellip;]<\/p>","protected":false},"featured_media":2705,"comment_status":"open","ping_status":"closed","template":"","meta":[],"pwb-brand":[176],"product_brand":[],"product_cat":[91],"product_tag":[],"class_list":{"0":"post-2711","1":"product","2":"type-product","3":"status-publish","4":"has-post-thumbnail","6":"pwb-brand-tropical","7":"product_cat-tablet-yemler","9":"first","10":"instock","11":"taxable","12":"shipping-taxable","13":"purchasable","14":"product-type-simple"},"brands":[{"id":176,"name":"Tropical","slug":"tropical"}],"_links":{"self":[{"href":"https:\/\/falvarapet.com\/en\/wp-json\/wp\/v2\/product\/2711","targetHints":{"allow":["GET"]}}],"collection":[{"href":"https:\/\/falvarapet.com\/en\/wp-json\/wp\/v2\/product"}],"about":[{"href":"https:\/\/falvarapet.com\/en\/wp-json\/wp\/v2\/types\/product"}],"replies":[{"embeddable":true,"href":"https:\/\/falvarapet.com\/en\/wp-json\/wp\/v2\/comments?post=2711"}],"wp:featuredmedia":[{"embeddable":true,"href":"https:\/\/falvarapet.com\/en\/wp-json\/wp\/v2\/media\/2705"}],"wp:attachment":[{"href":"https:\/\/falvarapet.com\/en\/wp-json\/wp\/v2\/media?parent=2711"}],"wp:term":[{"taxonomy":"pwb-brand","embeddable":true,"href":"https:\/\/falvarapet.com\/en\/wp-json\/wp\/v2\/pwb-brand?post=2711"},{"taxonomy":"product_brand","embeddable":true,"href":"https:\/\/falvarapet.com\/en\/wp-json\/wp\/v2\/product_brand?post=2711"},{"taxonomy":"product_cat","embeddable":true,"href":"https:\/\/falvarapet.com\/en\/wp-json\/wp\/v2\/product_cat?post=2711"},{"taxonomy":"product_tag","embeddable":true,"href":"https:\/\/falvarapet.com\/en\/wp-json\/wp\/v2\/product_tag?post=2711"}],"curies":[{"name":"wp","href":"https:\/\/api.w.org\/{rel}","templated":true}]}}