{"id":2697,"date":"2025-05-28T12:43:50","date_gmt":"2025-05-28T12:43:50","guid":{"rendered":"https:\/\/falvarapet.com\/?post_type=product&#038;p=2697"},"modified":"2026-03-30T19:37:59","modified_gmt":"2026-03-30T19:37:59","slug":"500-gram-tropical-supervit-pul-yem-kovadan-bolme","status":"publish","type":"product","link":"https:\/\/falvarapet.com\/en\/product\/500-gram-tropical-supervit-pul-yem-kovadan-bolme\/","title":{"rendered":"500 Gram Tropical S\u00fcpervit Pul Yem-Kovadan B\u00f6lme"},"content":{"rendered":"<p>Omnivor akvaryum bal\u0131klar\u0131n\u0131n g\u00fcnl\u00fck beslenmelerinde kullan\u0131lmak \u00fczere tasarlanm\u0131\u015f kar\u0131\u015f\u0131k pul yemdir.<\/p>\n<p>Yem sekiz farkl\u0131 pul i\u00e7erir. \u0130\u00e7eri\u011finde do\u011fal bir immunostim\u00fclan olan beta-glukan, astaksantin, Kelp algleri, spirulina, kril gibi lezzetli kabuklu canl\u0131lar bulunmaktad\u0131r.<\/p>\n<p>\u0130\u00e7eri\u011finde bulunan y\u00fcksek kaliteli maddeler, \u00f6zenle se\u00e7ilmi\u015f vitaminler ve mikro elementler \u00f6zenli bir bak\u0131m gerektiren bal\u0131k t\u00fcrlerinin beslenme ve enerji ihtiya\u00e7lar\u0131n\u0131 kar\u015f\u0131lamaktad\u0131r.<\/p>\n<p>Supervit&#8217;in zengin i\u00e7eri\u011fi bu yemin kar\u0131\u015f\u0131k bal\u0131k t\u00fcrleri yeti\u015ftirilen bir\u00e7ok akvaryumda bitkisel ve proteince zengin di\u011fer yemlerle birlikte ana yem olarak kullan\u0131labilmesini sa\u011flamaktad\u0131r.<\/p>","protected":false},"excerpt":{"rendered":"<p>Omnivor akvaryum bal\u0131klar\u0131n\u0131n g\u00fcnl\u00fck beslenmelerinde kullan\u0131lmak \u00fczere tasarlanm\u0131\u015f kar\u0131\u015f\u0131k pul yemdir. Yem sekiz farkl\u0131 pul i\u00e7erir. \u0130\u00e7eri\u011finde do\u011fal bir immunostim\u00fclan olan beta-glukan, astaksantin, Kelp algleri, spirulina, kril gibi lezzetli kabuklu canl\u0131lar bulunmaktad\u0131r. \u0130\u00e7eri\u011finde bulunan y\u00fcksek kaliteli maddeler, \u00f6zenle se\u00e7ilmi\u015f vitaminler ve mikro elementler \u00f6zenli bir bak\u0131m gerektiren bal\u0131k t\u00fcrlerinin beslenme ve enerji ihtiya\u00e7lar\u0131n\u0131 kar\u015f\u0131lamaktad\u0131r. Supervit&#8217;in [&hellip;]<\/p>","protected":false},"featured_media":2698,"comment_status":"open","ping_status":"closed","template":"","meta":[],"pwb-brand":[176],"product_brand":[],"product_cat":[92],"product_tag":[],"class_list":{"0":"post-2697","1":"product","2":"type-product","3":"status-publish","4":"has-post-thumbnail","6":"pwb-brand-tropical","7":"product_cat-pul-yemler","9":"first","10":"instock","11":"taxable","12":"shipping-taxable","13":"purchasable","14":"product-type-simple"},"brands":[{"id":176,"name":"Tropical","slug":"tropical"}],"_links":{"self":[{"href":"https:\/\/falvarapet.com\/en\/wp-json\/wp\/v2\/product\/2697","targetHints":{"allow":["GET"]}}],"collection":[{"href":"https:\/\/falvarapet.com\/en\/wp-json\/wp\/v2\/product"}],"about":[{"href":"https:\/\/falvarapet.com\/en\/wp-json\/wp\/v2\/types\/product"}],"replies":[{"embeddable":true,"href":"https:\/\/falvarapet.com\/en\/wp-json\/wp\/v2\/comments?post=2697"}],"wp:featuredmedia":[{"embeddable":true,"href":"https:\/\/falvarapet.com\/en\/wp-json\/wp\/v2\/media\/2698"}],"wp:attachment":[{"href":"https:\/\/falvarapet.com\/en\/wp-json\/wp\/v2\/media?parent=2697"}],"wp:term":[{"taxonomy":"pwb-brand","embeddable":true,"href":"https:\/\/falvarapet.com\/en\/wp-json\/wp\/v2\/pwb-brand?post=2697"},{"taxonomy":"product_brand","embeddable":true,"href":"https:\/\/falvarapet.com\/en\/wp-json\/wp\/v2\/product_brand?post=2697"},{"taxonomy":"product_cat","embeddable":true,"href":"https:\/\/falvarapet.com\/en\/wp-json\/wp\/v2\/product_cat?post=2697"},{"taxonomy":"product_tag","embeddable":true,"href":"https:\/\/falvarapet.com\/en\/wp-json\/wp\/v2\/product_tag?post=2697"}],"curies":[{"name":"wp","href":"https:\/\/api.w.org\/{rel}","templated":true}]}}