{"id":2693,"date":"2025-05-28T12:24:25","date_gmt":"2025-05-28T12:24:25","guid":{"rendered":"https:\/\/falvarapet.com\/?post_type=product&#038;p=2693"},"modified":"2026-03-30T19:47:28","modified_gmt":"2026-03-30T19:47:28","slug":"500-gram-tropical-spirulina-super-forte-pul-yem-kovadan-bolme","status":"publish","type":"product","link":"https:\/\/falvarapet.com\/en\/product\/500-gram-tropical-spirulina-super-forte-pul-yem-kovadan-bolme","title":{"rendered":"250 Gram Tropical Spirulina S\u00fcper Forte Pul Yem-Kovadan B\u00f6lme"},"content":{"rendered":"<p>Afrika k\u00f6kenli yosun yiyici \u00e7iklitler ve bitkisel besinlere ihtiya\u00e7 duyan deniz bal\u0131klar\u0131 gibi di\u011fer bal\u0131klar i\u00e7in tasarlanm\u0131\u015f y\u00fcksek oranda Spirulina platensis (%36) i\u00e7eren bitkisel pul yem.<\/p>\n<p>Spirulina platensis t\u00fcr\u00fc algler bal\u0131klar\u0131n ba\u011f\u0131\u015f\u0131kl\u0131k sistemini aktive etmekte ve ayr\u0131ca sindirim s\u00fcre\u00e7lerine olumlu etkilerde bulunmaktad\u0131r. Bu algler bal\u0131klar\u0131n fiziki kondisyonlar\u0131n\u0131 y\u00fckselten, b\u00fcy\u00fcmelerini ve canl\u0131l\u0131klar\u0131n\u0131 olumlu olarak etkileyen doymam\u0131\u015f ya\u011f asitleri, kolay sindirilebilir proteinler ve esansiyel aminoasitler bak\u0131m\u0131ndan zengindirler.<\/p>\n<p>Bu yemin d\u00fczenli kullan\u0131lmas\u0131 halinde spirulinada mevcut karotenoidler sayesinde bal\u0131klar\u0131n\u0131z\u0131n renkleri daha canl\u0131 ve parlak olur.<\/p>","protected":false},"excerpt":{"rendered":"<p>Afrika k\u00f6kenli yosun yiyici \u00e7iklitler ve bitkisel besinlere ihtiya\u00e7 duyan deniz bal\u0131klar\u0131 gibi di\u011fer bal\u0131klar i\u00e7in tasarlanm\u0131\u015f y\u00fcksek oranda Spirulina platensis (%36) i\u00e7eren bitkisel pul yem. Spirulina platensis t\u00fcr\u00fc algler bal\u0131klar\u0131n ba\u011f\u0131\u015f\u0131kl\u0131k sistemini aktive etmekte ve ayr\u0131ca sindirim s\u00fcre\u00e7lerine olumlu etkilerde bulunmaktad\u0131r. Bu algler bal\u0131klar\u0131n fiziki kondisyonlar\u0131n\u0131 y\u00fckselten, b\u00fcy\u00fcmelerini ve canl\u0131l\u0131klar\u0131n\u0131 olumlu olarak etkileyen doymam\u0131\u015f [&hellip;]<\/p>","protected":false},"featured_media":2691,"comment_status":"open","ping_status":"closed","template":"","meta":{"om_disable_all_campaigns":false,"_monsterinsights_skip_tracking":false,"_monsterinsights_sitenote_active":false,"_monsterinsights_sitenote_note":"","_monsterinsights_sitenote_category":0},"pwb-brand":[176],"product_brand":[],"product_cat":[92],"product_tag":[],"class_list":{"0":"post-2693","1":"product","2":"type-product","3":"status-publish","4":"has-post-thumbnail","6":"pwb-brand-tropical","7":"product_cat-pul-yemler","9":"first","10":"instock","11":"taxable","12":"shipping-taxable","13":"purchasable","14":"product-type-simple"},"aioseo_notices":[],"brands":[{"id":176,"name":"Tropical","slug":"tropical"}],"_links":{"self":[{"href":"https:\/\/falvarapet.com\/en\/wp-json\/wp\/v2\/product\/2693","targetHints":{"allow":["GET"]}}],"collection":[{"href":"https:\/\/falvarapet.com\/en\/wp-json\/wp\/v2\/product"}],"about":[{"href":"https:\/\/falvarapet.com\/en\/wp-json\/wp\/v2\/types\/product"}],"replies":[{"embeddable":true,"href":"https:\/\/falvarapet.com\/en\/wp-json\/wp\/v2\/comments?post=2693"}],"version-history":[{"count":1,"href":"https:\/\/falvarapet.com\/en\/wp-json\/wp\/v2\/product\/2693\/revisions"}],"predecessor-version":[{"id":2694,"href":"https:\/\/falvarapet.com\/en\/wp-json\/wp\/v2\/product\/2693\/revisions\/2694"}],"wp:featuredmedia":[{"embeddable":true,"href":"https:\/\/falvarapet.com\/en\/wp-json\/wp\/v2\/media\/2691"}],"wp:attachment":[{"href":"https:\/\/falvarapet.com\/en\/wp-json\/wp\/v2\/media?parent=2693"}],"wp:term":[{"taxonomy":"pwb-brand","embeddable":true,"href":"https:\/\/falvarapet.com\/en\/wp-json\/wp\/v2\/pwb-brand?post=2693"},{"taxonomy":"product_brand","embeddable":true,"href":"https:\/\/falvarapet.com\/en\/wp-json\/wp\/v2\/product_brand?post=2693"},{"taxonomy":"product_cat","embeddable":true,"href":"https:\/\/falvarapet.com\/en\/wp-json\/wp\/v2\/product_cat?post=2693"},{"taxonomy":"product_tag","embeddable":true,"href":"https:\/\/falvarapet.com\/en\/wp-json\/wp\/v2\/product_tag?post=2693"}],"curies":[{"name":"wp","href":"https:\/\/api.w.org\/{rel}","templated":true}]}}