{"id":2684,"date":"2025-05-28T12:03:13","date_gmt":"2025-05-28T12:03:13","guid":{"rendered":"https:\/\/falvarapet.com\/?post_type=product&#038;p=2684"},"modified":"2026-03-27T04:51:57","modified_gmt":"2026-03-27T04:51:57","slug":"100-gram-tropical-3-algae-granulat-kovadan-bolme-granul-yem","status":"publish","type":"product","link":"https:\/\/falvarapet.com\/en\/product\/100-gram-tropical-3-algae-granulat-kovadan-bolme-granul-yem","title":{"rendered":"100 Gram Tropical 3-Algae Granulat-Kovadan B\u00f6lme Gran\u00fcl Yem"},"content":{"rendered":"<div>TROP\u0130CAL 3-ALGAE GRANULAT<\/div>\n<div>Algler bak\u0131m\u0131ndan zengin, yava\u015f vatan gran\u00fcller halinde bir yemdir.<\/div>\n<div>\u00a0Diyetlerinin \u00f6nemli bir bile\u015feni algler olan otobur tatl\u0131 su ve deniz bal\u0131klar\u0131n\u0131n g\u00fcnl\u00fck beslenmelerinde kullan\u0131labilece\u011fi gibi omnivor bal\u0131klar i\u00e7in ek yem olarak da kullan\u0131labilir.<\/div>\n<div><\/div>\n<div>TROP\u0130CAL 3-ALGAE GRANULAT yemde \u00fc\u00e7 t\u00fcr alg bulunur. Bunlar, chlorella (Chlorella vulgaris), Ascophyllum nodosum ve kelp olarak da bilinen Laminaria digitata&#8217;d\u0131r. Chlorella&#8217;da bulunan doymam\u0131\u015f ya\u011f asitleri, proteinler (esansiyel aminoasitlerce zengindir), vitaminler; kelp alglerinden elde edilen mikro ve makro elementler (iyot, krom, selenyum ve demir) bal\u0131klara m\u00fckemmel bir kondisyon sa\u011flad\u0131klar\u0131 gibi onlar\u0131n h\u0131zl\u0131 bir \u015fekilde b\u00fcy\u00fcmelerini ve olduk\u00e7a canl\u0131 olmalar\u0131n\u0131 sa\u011flarlar. Bu gran\u00fcllerle d\u00fczenli olarak beslenen bal\u0131klar, chlorella&#8217;da yo\u011fun bir \u015fekilde bulunan ye\u015fil bir pigment olan klorofili bol miktarda al\u0131rlar. Klorofil sindirim sisteminde zararl\u0131 bakterilerin \u00fcremelerini s\u0131n\u0131rland\u0131rmak suretiyle enfeksiyonlar\u0131 \u00f6nlemekle kalmaz, ayr\u0131ca zeolit ile birlikte toksinlerin bal\u0131klar\u0131n v\u00fccutlar\u0131ndan at\u0131lmas\u0131na da yard\u0131mc\u0131 olur.<\/div>\n<div>Aloe vera \u00f6z\u00fc bal\u0131klar\u0131n ba\u011f\u0131\u015f\u0131kl\u0131k sistemini destekler ve sindirim sisteminde iyi bir bakteri floras\u0131n\u0131n geli\u015fmesine yard\u0131mc\u0131 olur.<\/div>\n<div>G\u00fc\u00e7lendirici \u00f6zelli\u011fi bulundu\u011fundan Tropical 3-ALGAE GRANULAT yemin karantinaya al\u0131nan, uyum sa\u011flamakta olan ve iyile\u015fme d\u00f6neminde bulunan bal\u0131klar\u0131n beslenmelerinde kullan\u0131lmas\u0131 \u00f6nerilmektedir.<\/div>","protected":false},"excerpt":{"rendered":"<p>TROP\u0130CAL 3-ALGAE GRANULAT Algler bak\u0131m\u0131ndan zengin, yava\u015f vatan gran\u00fcller halinde bir yemdir. \u00a0Diyetlerinin \u00f6nemli bir bile\u015feni algler olan otobur tatl\u0131 su ve deniz bal\u0131klar\u0131n\u0131n g\u00fcnl\u00fck beslenmelerinde kullan\u0131labilece\u011fi gibi omnivor bal\u0131klar i\u00e7in ek yem olarak da kullan\u0131labilir. TROP\u0130CAL 3-ALGAE GRANULAT yemde \u00fc\u00e7 t\u00fcr alg bulunur. Bunlar, chlorella (Chlorella vulgaris), Ascophyllum nodosum ve kelp olarak da bilinen [&hellip;]<\/p>","protected":false},"featured_media":2685,"comment_status":"open","ping_status":"closed","template":"","meta":{"om_disable_all_campaigns":false,"_monsterinsights_skip_tracking":false,"_monsterinsights_sitenote_active":false,"_monsterinsights_sitenote_note":"","_monsterinsights_sitenote_category":0},"pwb-brand":[176],"product_brand":[],"product_cat":[95],"product_tag":[],"class_list":{"0":"post-2684","1":"product","2":"type-product","3":"status-publish","4":"has-post-thumbnail","6":"pwb-brand-tropical","7":"product_cat-granul-yemler","9":"first","10":"instock","11":"taxable","12":"shipping-taxable","13":"purchasable","14":"product-type-simple"},"aioseo_notices":[],"brands":[{"id":176,"name":"Tropical","slug":"tropical"}],"_links":{"self":[{"href":"https:\/\/falvarapet.com\/en\/wp-json\/wp\/v2\/product\/2684","targetHints":{"allow":["GET"]}}],"collection":[{"href":"https:\/\/falvarapet.com\/en\/wp-json\/wp\/v2\/product"}],"about":[{"href":"https:\/\/falvarapet.com\/en\/wp-json\/wp\/v2\/types\/product"}],"replies":[{"embeddable":true,"href":"https:\/\/falvarapet.com\/en\/wp-json\/wp\/v2\/comments?post=2684"}],"version-history":[{"count":0,"href":"https:\/\/falvarapet.com\/en\/wp-json\/wp\/v2\/product\/2684\/revisions"}],"wp:featuredmedia":[{"embeddable":true,"href":"https:\/\/falvarapet.com\/en\/wp-json\/wp\/v2\/media\/2685"}],"wp:attachment":[{"href":"https:\/\/falvarapet.com\/en\/wp-json\/wp\/v2\/media?parent=2684"}],"wp:term":[{"taxonomy":"pwb-brand","embeddable":true,"href":"https:\/\/falvarapet.com\/en\/wp-json\/wp\/v2\/pwb-brand?post=2684"},{"taxonomy":"product_brand","embeddable":true,"href":"https:\/\/falvarapet.com\/en\/wp-json\/wp\/v2\/product_brand?post=2684"},{"taxonomy":"product_cat","embeddable":true,"href":"https:\/\/falvarapet.com\/en\/wp-json\/wp\/v2\/product_cat?post=2684"},{"taxonomy":"product_tag","embeddable":true,"href":"https:\/\/falvarapet.com\/en\/wp-json\/wp\/v2\/product_tag?post=2684"}],"curies":[{"name":"wp","href":"https:\/\/api.w.org\/{rel}","templated":true}]}}