{"id":2667,"date":"2025-05-28T11:23:42","date_gmt":"2025-05-28T11:23:42","guid":{"rendered":"https:\/\/falvarapet.com\/?post_type=product&#038;p=2667"},"modified":"2026-04-13T16:24:15","modified_gmt":"2026-04-13T16:24:15","slug":"kuslar-icin-10-adet-birevcil-gaga-tasi-kutusuz","status":"publish","type":"product","link":"https:\/\/falvarapet.com\/en\/product\/kuslar-icin-10-adet-birevcil-gaga-tasi-kutusuz\/","title":{"rendered":"Ku\u015flar i\u00e7in 10 Adet Birevcil Gaga Ta\u015f\u0131 Kutusuz"},"content":{"rendered":"<p>Ku\u015flar do\u011fal ya\u015fam alanlar\u0131nda ihtiya\u00e7lar\u0131n\u0131 kendileri belirlese de bizlerin onlar\u0131 kafese kapatmam\u0131zla belirlenmi\u015f ihtiya\u00e7lar\u0131 onlara sunmam\u0131z gerekmektedir. Sa\u011fl\u0131kl\u0131 bir ku\u015fun ya\u015fam\u0131n\u0131 s\u00fcrd\u00fcrebilmesi i\u00e7in kafes i\u00e7erisinde onun kolay ula\u015fabilece\u011fi yem ve su kadar gerekli olan ku\u015f kumu ve gaga ta\u015f\u0131d\u0131r. Yayg\u0131n olarak bilinenin aksine gaga ta\u015f\u0131 sadece gagay\u0131 t\u00f6rp\u00fclemekle kalmaz ku\u015flar i\u00e7in hayati \u00f6nem arz eder<\/p>\n<p>Muhabbet ku\u015flar\u0131, kanaryalar ve paraket t\u00fcrleri i\u00e7in, kalsiyum i\u00e7eri\u011fi sayesinde sa\u011fl\u0131kl\u0131 bir geli\u015fim sa\u011flayan, gagan\u0131n t\u00f6rp\u00fclenmesine yard\u0131mc\u0131, gaga ta\u015f\u0131d\u0131r.<\/p>\n<p>Kalsiyum ve 6 \u00e7e\u015fit vitamin i\u00e7ermektedir.<\/p>\n<p>Kafes teline as\u0131larak kullan\u0131lmaktad\u0131r.<\/p>","protected":false},"excerpt":{"rendered":"<p>Ku\u015flar do\u011fal ya\u015fam alanlar\u0131nda ihtiya\u00e7lar\u0131n\u0131 kendileri belirlese de bizlerin onlar\u0131 kafese kapatmam\u0131zla belirlenmi\u015f ihtiya\u00e7lar\u0131 onlara sunmam\u0131z gerekmektedir. Sa\u011fl\u0131kl\u0131 bir ku\u015fun ya\u015fam\u0131n\u0131 s\u00fcrd\u00fcrebilmesi i\u00e7in kafes i\u00e7erisinde onun kolay ula\u015fabilece\u011fi yem ve su kadar gerekli olan ku\u015f kumu ve gaga ta\u015f\u0131d\u0131r. Yayg\u0131n olarak bilinenin aksine gaga ta\u015f\u0131 sadece gagay\u0131 t\u00f6rp\u00fclemekle kalmaz ku\u015flar i\u00e7in hayati \u00f6nem arz eder [&hellip;]<\/p>","protected":false},"featured_media":2668,"comment_status":"open","ping_status":"closed","template":"","meta":[],"pwb-brand":[175],"product_brand":[],"product_cat":[145],"product_tag":[],"class_list":{"0":"post-2667","1":"product","2":"type-product","3":"status-publish","4":"has-post-thumbnail","6":"pwb-brand-birevcil","7":"product_cat-gaga-taslari","9":"first","10":"instock","11":"taxable","12":"shipping-taxable","13":"purchasable","14":"product-type-simple"},"brands":[{"id":175,"name":"Birevcil","slug":"birevcil"}],"_links":{"self":[{"href":"https:\/\/falvarapet.com\/en\/wp-json\/wp\/v2\/product\/2667","targetHints":{"allow":["GET"]}}],"collection":[{"href":"https:\/\/falvarapet.com\/en\/wp-json\/wp\/v2\/product"}],"about":[{"href":"https:\/\/falvarapet.com\/en\/wp-json\/wp\/v2\/types\/product"}],"replies":[{"embeddable":true,"href":"https:\/\/falvarapet.com\/en\/wp-json\/wp\/v2\/comments?post=2667"}],"wp:featuredmedia":[{"embeddable":true,"href":"https:\/\/falvarapet.com\/en\/wp-json\/wp\/v2\/media\/2668"}],"wp:attachment":[{"href":"https:\/\/falvarapet.com\/en\/wp-json\/wp\/v2\/media?parent=2667"}],"wp:term":[{"taxonomy":"pwb-brand","embeddable":true,"href":"https:\/\/falvarapet.com\/en\/wp-json\/wp\/v2\/pwb-brand?post=2667"},{"taxonomy":"product_brand","embeddable":true,"href":"https:\/\/falvarapet.com\/en\/wp-json\/wp\/v2\/product_brand?post=2667"},{"taxonomy":"product_cat","embeddable":true,"href":"https:\/\/falvarapet.com\/en\/wp-json\/wp\/v2\/product_cat?post=2667"},{"taxonomy":"product_tag","embeddable":true,"href":"https:\/\/falvarapet.com\/en\/wp-json\/wp\/v2\/product_tag?post=2667"}],"curies":[{"name":"wp","href":"https:\/\/api.w.org\/{rel}","templated":true}]}}