{"id":2659,"date":"2025-05-28T11:13:11","date_gmt":"2025-05-28T11:13:11","guid":{"rendered":"https:\/\/falvarapet.com\/?post_type=product&#038;p=2659"},"modified":"2026-04-21T22:41:07","modified_gmt":"2026-04-21T22:41:07","slug":"25-adet-aquael-magic-balls-filtre-malzemesi","status":"publish","type":"product","link":"https:\/\/falvarapet.com\/en\/product\/25-adet-aquael-magic-balls-filtre-malzemesi\/","title":{"rendered":"25 Adet Aquael Mag\u0131c Balls Filtre Malzemesi"},"content":{"rendered":"<p>Her 30 lt i\u00e7in 1 adet kullan\u0131lmas\u0131 \u00f6nerilir<\/p>\n<p>Bulan\u0131kla\u015fan su sadece g\u00f6r\u00fcnt\u00fcy\u00fc bozmaz, ayn\u0131 zamanda su parametrelerini de etkileyebilir.<\/p>\n<p>Magic Balls akvaryum ve havuzlardaki ye\u015fil su sorununa \u00e7\u00f6z\u00fcm olmaktad\u0131r. Ye\u015fil su sorunu g\u00f6r\u00fcnt\u00fc kirlili\u011fi ve su de\u011ferlerini bozmakta akvaryum canl\u0131lar\u0131n\u0131n ya\u015fam\u0131n\u0131 tehlikeye sokmaktad\u0131r.<\/p>\n<p>Bu nedenle m\u00fcmk\u00fcn oldu\u011funca iyi bir \u015fekilde filtre edilmesi gereklidir.<\/p>\n<p>Aquael magic balls bulan\u0131kla\u015fmayla etkili bir bi\u00e7imde sava\u015fan yeni ve y\u00fcksek performansl\u0131 bir filtre malzemesidir.<\/p>\n<p>Aquael Magic Ball top lar\u0131 3 \u00b5m (y\u00fczen algler veya \u00e7amur gibi) de\u011feri \u00fczerindeki par\u00e7ac\u0131klar\u0131 olduk\u00e7a h\u0131zl\u0131 bir \u015fekilde tutar ve suyu temizler.<\/p>\n<p>Yayg\u0131n filtre y\u00fcnlerinin aksine yeni filtre toplar\u0131 \u015feklini korur ve bu sayede defalarca y\u0131kanabilir.<\/p>\n<p>Y\u0131kaman\u0131n hemen ard\u0131ndan %80 tekrar kullan\u0131labilir ve bu nedenle \u00e7evreyi ve paran\u0131z\u0131 korur.<\/p>\n<p>T\u00fcm filtreler i\u00e7in uyumludur, Tatl\u0131 ve tuzlu su akvaryumlar\u0131n\u0131n yan\u0131 s\u0131ra s\u00fcs havuzlar\u0131nda ve normal y\u00fczme havuzlar\u0131nda da kullan\u0131labilir. Suyu h\u0131zl\u0131 bir \u015fekilde ar\u0131nd\u0131r\u0131r.<\/p>\n<p>Mevcuttaki t\u00fcm filtre sistemleri (sump, i\u00e7 filtre, d\u0131\u015f filtre) ile uyumlu\u00a0\u00e7al\u0131\u015f\u0131r. Di\u011fer elyaf ve s\u00fcngerlerin aksine kullan\u0131mdan sonra da orijinal \u015feklini korur.<\/p>","protected":false},"excerpt":{"rendered":"<p>Her 30 lt i\u00e7in 1 adet kullan\u0131lmas\u0131 \u00f6nerilir Bulan\u0131kla\u015fan su sadece g\u00f6r\u00fcnt\u00fcy\u00fc bozmaz, ayn\u0131 zamanda su parametrelerini de etkileyebilir. Magic Balls akvaryum ve havuzlardaki ye\u015fil su sorununa \u00e7\u00f6z\u00fcm olmaktad\u0131r. Ye\u015fil su sorunu g\u00f6r\u00fcnt\u00fc kirlili\u011fi ve su de\u011ferlerini bozmakta akvaryum canl\u0131lar\u0131n\u0131n ya\u015fam\u0131n\u0131 tehlikeye sokmaktad\u0131r. Bu nedenle m\u00fcmk\u00fcn oldu\u011funca iyi bir \u015fekilde filtre edilmesi gereklidir. Aquael magic [&hellip;]<\/p>","protected":false},"featured_media":2660,"comment_status":"open","ping_status":"closed","template":"","meta":[],"pwb-brand":[174],"product_brand":[],"product_cat":[61],"product_tag":[],"class_list":{"0":"post-2659","1":"product","2":"type-product","3":"status-publish","4":"has-post-thumbnail","6":"pwb-brand-aquael","7":"product_cat-filtre-malzemeleri","9":"first","10":"instock","11":"taxable","12":"shipping-taxable","13":"purchasable","14":"product-type-simple"},"brands":[{"id":174,"name":"Aquael","slug":"aquael"}],"_links":{"self":[{"href":"https:\/\/falvarapet.com\/en\/wp-json\/wp\/v2\/product\/2659","targetHints":{"allow":["GET"]}}],"collection":[{"href":"https:\/\/falvarapet.com\/en\/wp-json\/wp\/v2\/product"}],"about":[{"href":"https:\/\/falvarapet.com\/en\/wp-json\/wp\/v2\/types\/product"}],"replies":[{"embeddable":true,"href":"https:\/\/falvarapet.com\/en\/wp-json\/wp\/v2\/comments?post=2659"}],"wp:featuredmedia":[{"embeddable":true,"href":"https:\/\/falvarapet.com\/en\/wp-json\/wp\/v2\/media\/2660"}],"wp:attachment":[{"href":"https:\/\/falvarapet.com\/en\/wp-json\/wp\/v2\/media?parent=2659"}],"wp:term":[{"taxonomy":"pwb-brand","embeddable":true,"href":"https:\/\/falvarapet.com\/en\/wp-json\/wp\/v2\/pwb-brand?post=2659"},{"taxonomy":"product_brand","embeddable":true,"href":"https:\/\/falvarapet.com\/en\/wp-json\/wp\/v2\/product_brand?post=2659"},{"taxonomy":"product_cat","embeddable":true,"href":"https:\/\/falvarapet.com\/en\/wp-json\/wp\/v2\/product_cat?post=2659"},{"taxonomy":"product_tag","embeddable":true,"href":"https:\/\/falvarapet.com\/en\/wp-json\/wp\/v2\/product_tag?post=2659"}],"curies":[{"name":"wp","href":"https:\/\/api.w.org\/{rel}","templated":true}]}}