{"id":2656,"date":"2025-05-27T13:58:08","date_gmt":"2025-05-27T13:58:08","guid":{"rendered":"https:\/\/falvarapet.com\/?post_type=product&#038;p=2656"},"modified":"2026-03-27T05:00:13","modified_gmt":"2026-03-27T05:00:13","slug":"100-gram-tetra-cichlid-colour-mini-acik-balik-yemi","status":"publish","type":"product","link":"https:\/\/falvarapet.com\/en\/product\/100-gram-tetra-cichlid-colour-mini-acik-balik-yemi\/","title":{"rendered":"100 Gram Tetra Cichlid Colour Mini A\u00e7\u0131k Bal\u0131k Yemi"},"content":{"rendered":"<p>\u00d6zellikle c\u00fcce\u00a0cichlidler\u00a0ba\u015fta olmak \u00fczere t\u00fcm cichlidler\u00a0i\u00e7in\u00a0temel g\u0131da<br \/>\nT\u00fcm\u00a0cichlid t\u00fcrlerinin,\u00a0\u00f6zel beslenme\u00a0ihtiya\u00e7lar\u0131 i\u00e7in\u00a0y\u00fcksek kaliteli\u00a0protein ve di\u011fer\u00a0besinler a\u00e7\u0131s\u0131ndan zengin<br \/>\nYeni multi-pelet\u00a0form\u00fcl\u00fc\u00a0t\u00fcm\u00a0k\u0131rm\u0131z\u0131, turuncu\u00a0ve sar\u0131\u00a0cichlidleri\u00a0i\u00e7in do\u011fal ve parlak g\u00f6r\u00fcn\u00fcm sa\u011flay\u0131c\u0131\u00a0renk artt\u0131r\u0131c\u0131lar\u00a0i\u00e7erir<br \/>\nHarnivor ve Omnivordur\u00a0, hem et\u00e7il , hem de\u00a0ot\u00e7ul\u00a0cichlidler\u00a0i\u00e7in uygundur<br \/>\nUzun ve sa\u011fl\u0131kl\u0131 bir\u00a0bal\u0131k hayat\u0131 i\u00e7in\u00a0patentli\u00a0biyoaktif\u00a0form\u00fcl i\u00e7erir<\/p>\n<p>\u0130\u00e7indekiler :<\/p>\n<p>Tah\u0131llar, bitkisel protein \u00f6zleri , bal\u0131k ve bal\u0131k yan \u00fcr\u00fcnleri, maya, kabuklu deniz \u00fcr\u00fcnleri, s\u0131v\u0131 ve kat\u0131 ya\u011flar, mineraller, yosun.<\/p>\n<p>Analiz:<\/p>\n<p>Protein% 43,% 8 nem, s\u0131v\u0131 ve kat\u0131 ya\u011flar,% 5,% 2 lif, vitamin A 30180 IU \/ kg , Vitamin D3 1885 IU \/ kg, 100 mg manganez \/ kg, \u00e7inko 63 mg \/ kg, 41 mg demir \/ kg Kobalt 1.7 mg \/ kg.<\/p>","protected":false},"excerpt":{"rendered":"<p>\u00d6zellikle c\u00fcce\u00a0cichlidler\u00a0ba\u015fta olmak \u00fczere t\u00fcm cichlidler\u00a0i\u00e7in\u00a0temel g\u0131da T\u00fcm\u00a0cichlid t\u00fcrlerinin,\u00a0\u00f6zel beslenme\u00a0ihtiya\u00e7lar\u0131 i\u00e7in\u00a0y\u00fcksek kaliteli\u00a0protein ve di\u011fer\u00a0besinler a\u00e7\u0131s\u0131ndan zengin Yeni multi-pelet\u00a0form\u00fcl\u00fc\u00a0t\u00fcm\u00a0k\u0131rm\u0131z\u0131, turuncu\u00a0ve sar\u0131\u00a0cichlidleri\u00a0i\u00e7in do\u011fal ve parlak g\u00f6r\u00fcn\u00fcm sa\u011flay\u0131c\u0131\u00a0renk artt\u0131r\u0131c\u0131lar\u00a0i\u00e7erir Harnivor ve Omnivordur\u00a0, hem et\u00e7il , hem de\u00a0ot\u00e7ul\u00a0cichlidler\u00a0i\u00e7in uygundur Uzun ve sa\u011fl\u0131kl\u0131 bir\u00a0bal\u0131k hayat\u0131 i\u00e7in\u00a0patentli\u00a0biyoaktif\u00a0form\u00fcl i\u00e7erir \u0130\u00e7indekiler : Tah\u0131llar, bitkisel protein \u00f6zleri , bal\u0131k ve bal\u0131k yan \u00fcr\u00fcnleri, maya, [&hellip;]<\/p>","protected":false},"featured_media":2653,"comment_status":"open","ping_status":"closed","template":"","meta":[],"pwb-brand":[172],"product_brand":[],"product_cat":[177],"product_tag":[],"class_list":{"0":"post-2656","1":"product","2":"type-product","3":"status-publish","4":"has-post-thumbnail","6":"pwb-brand-tetra2","7":"product_cat-pelet-yemler","9":"first","10":"instock","11":"taxable","12":"shipping-taxable","13":"purchasable","14":"product-type-simple"},"brands":[{"id":172,"name":"Tetra","slug":"tetra2"}],"_links":{"self":[{"href":"https:\/\/falvarapet.com\/en\/wp-json\/wp\/v2\/product\/2656","targetHints":{"allow":["GET"]}}],"collection":[{"href":"https:\/\/falvarapet.com\/en\/wp-json\/wp\/v2\/product"}],"about":[{"href":"https:\/\/falvarapet.com\/en\/wp-json\/wp\/v2\/types\/product"}],"replies":[{"embeddable":true,"href":"https:\/\/falvarapet.com\/en\/wp-json\/wp\/v2\/comments?post=2656"}],"wp:featuredmedia":[{"embeddable":true,"href":"https:\/\/falvarapet.com\/en\/wp-json\/wp\/v2\/media\/2653"}],"wp:attachment":[{"href":"https:\/\/falvarapet.com\/en\/wp-json\/wp\/v2\/media?parent=2656"}],"wp:term":[{"taxonomy":"pwb-brand","embeddable":true,"href":"https:\/\/falvarapet.com\/en\/wp-json\/wp\/v2\/pwb-brand?post=2656"},{"taxonomy":"product_brand","embeddable":true,"href":"https:\/\/falvarapet.com\/en\/wp-json\/wp\/v2\/product_brand?post=2656"},{"taxonomy":"product_cat","embeddable":true,"href":"https:\/\/falvarapet.com\/en\/wp-json\/wp\/v2\/product_cat?post=2656"},{"taxonomy":"product_tag","embeddable":true,"href":"https:\/\/falvarapet.com\/en\/wp-json\/wp\/v2\/product_tag?post=2656"}],"curies":[{"name":"wp","href":"https:\/\/api.w.org\/{rel}","templated":true}]}}