{"id":2649,"date":"2025-05-27T13:43:24","date_gmt":"2025-05-27T13:43:24","guid":{"rendered":"https:\/\/falvarapet.com\/?post_type=product&#038;p=2649"},"modified":"2026-03-31T14:44:10","modified_gmt":"2026-03-31T14:44:10","slug":"1000-gram-tetra-pro-algae-acik-balik-yemi","status":"publish","type":"product","link":"https:\/\/falvarapet.com\/en\/product\/1000-gram-tetra-pro-algae-acik-balik-yemi\/","title":{"rendered":"1000 Gram Tetra Pro Algae A\u00e7\u0131k Bal\u0131k Yemi"},"content":{"rendered":"<h3 class=\"sub-title\">\u00d6zellikler<\/h3>\n<p>T\u00fcm bal\u0131klar i\u00e7in bitkisel premium cips yem.<br \/>\nD\u00fc\u015f\u00fck \u0131s\u0131 y\u00f6ntemi ile haz\u0131rlanm\u0131\u015f olmas\u0131 sayesinde vitamin ve besin de\u011ferlerinin maksimum korunmas\u0131 sa\u011flanm\u0131\u015ft\u0131r.<br \/>\nY\u00fcksek sindirilebilirlik sayeyinde su daha az kirlenir.<br \/>\nOptimal besleme sayesinde sudaki zararl\u0131 madde seviyesinde azalma g\u00f6r\u00fcl\u00fcr.<br \/>\nStabilize C vitamini katk\u0131s\u0131 sayesinse maksimum geli\u015fme.<br \/>\nBitkisel beslenen bal\u0131klar i\u00e7in en kaliteli bal\u0131k yemidir.<\/p>\n<p><strong>\u0130\u00c7\u0130NDEK\u0130LER:<\/strong><br \/>\nBal\u0131k ve bal\u0131k t\u00fcrevleri, bitki protein \u00f6z\u00fct\u00fc, bitkisel ya\u011f, deniz yosunu, spirulina, tah\u0131l, maya, vitaminler, do\u011fal renklendirici ve elementlerle katk\u0131 maddeleri.<\/p>\n<p>Taneleri cips \u015feklindedir.<\/p>\n<p>Beslenme Tavsiyesi;<br \/>\nG\u00fcnl\u00fck olarak 2 &#8211; 3 kez bal\u0131\u011f\u0131n\u0131z\u0131n k\u0131sa bir s\u00fcre i\u00e7erisinde t\u00fcketebilece\u011fi miktarlarda verilmesi tavsiye edilir.<\/p>","protected":false},"excerpt":{"rendered":"<p>\u00d6zellikler T\u00fcm bal\u0131klar i\u00e7in bitkisel premium cips yem. D\u00fc\u015f\u00fck \u0131s\u0131 y\u00f6ntemi ile haz\u0131rlanm\u0131\u015f olmas\u0131 sayesinde vitamin ve besin de\u011ferlerinin maksimum korunmas\u0131 sa\u011flanm\u0131\u015ft\u0131r. Y\u00fcksek sindirilebilirlik sayeyinde su daha az kirlenir. Optimal besleme sayesinde sudaki zararl\u0131 madde seviyesinde azalma g\u00f6r\u00fcl\u00fcr. Stabilize C vitamini katk\u0131s\u0131 sayesinse maksimum geli\u015fme. Bitkisel beslenen bal\u0131klar i\u00e7in en kaliteli bal\u0131k yemidir. \u0130\u00c7\u0130NDEK\u0130LER: Bal\u0131k [&hellip;]<\/p>","protected":false},"featured_media":2645,"comment_status":"open","ping_status":"closed","template":"","meta":[],"pwb-brand":[172],"product_brand":[],"product_cat":[97],"product_tag":[],"class_list":{"0":"post-2649","1":"product","2":"type-product","3":"status-publish","4":"has-post-thumbnail","6":"pwb-brand-tetra2","7":"product_cat-cips-yemler","9":"first","10":"instock","11":"taxable","12":"shipping-taxable","13":"purchasable","14":"product-type-simple"},"brands":[{"id":172,"name":"Tetra","slug":"tetra2"}],"_links":{"self":[{"href":"https:\/\/falvarapet.com\/en\/wp-json\/wp\/v2\/product\/2649","targetHints":{"allow":["GET"]}}],"collection":[{"href":"https:\/\/falvarapet.com\/en\/wp-json\/wp\/v2\/product"}],"about":[{"href":"https:\/\/falvarapet.com\/en\/wp-json\/wp\/v2\/types\/product"}],"replies":[{"embeddable":true,"href":"https:\/\/falvarapet.com\/en\/wp-json\/wp\/v2\/comments?post=2649"}],"wp:featuredmedia":[{"embeddable":true,"href":"https:\/\/falvarapet.com\/en\/wp-json\/wp\/v2\/media\/2645"}],"wp:attachment":[{"href":"https:\/\/falvarapet.com\/en\/wp-json\/wp\/v2\/media?parent=2649"}],"wp:term":[{"taxonomy":"pwb-brand","embeddable":true,"href":"https:\/\/falvarapet.com\/en\/wp-json\/wp\/v2\/pwb-brand?post=2649"},{"taxonomy":"product_brand","embeddable":true,"href":"https:\/\/falvarapet.com\/en\/wp-json\/wp\/v2\/product_brand?post=2649"},{"taxonomy":"product_cat","embeddable":true,"href":"https:\/\/falvarapet.com\/en\/wp-json\/wp\/v2\/product_cat?post=2649"},{"taxonomy":"product_tag","embeddable":true,"href":"https:\/\/falvarapet.com\/en\/wp-json\/wp\/v2\/product_tag?post=2649"}],"curies":[{"name":"wp","href":"https:\/\/api.w.org\/{rel}","templated":true}]}}