{"id":2642,"date":"2025-05-27T13:31:55","date_gmt":"2025-05-27T13:31:55","guid":{"rendered":"https:\/\/falvarapet.com\/?post_type=product&#038;p=2642"},"modified":"2026-03-30T20:19:56","modified_gmt":"2026-03-30T20:19:56","slug":"500-gram-tetra-pro-colour-acik-balik-yemi","status":"publish","type":"product","link":"https:\/\/falvarapet.com\/en\/product\/500-gram-tetra-pro-colour-acik-balik-yemi\/","title":{"rendered":"500 Gram Tetra Pro Colour A\u00e7\u0131k Bal\u0131k Yemi"},"content":{"rendered":"<p>T\u00fcm tropikal s\u00fcs bal\u0131klar\u0131 i\u00e7in gerekli besinleri i\u00e7eren ve iki hafta gibi k\u0131sa bir s\u00fcre sonunda renk kazand\u0131ran bal\u0131k yemi. T\u00fcm tropikal bal\u0131k t\u00fcrleri i\u00e7in kullan\u0131labilir. Y\u00fcksek besin de\u011feri olan deniz yosunu i\u00e7erir. \u0130\u00e7eri\u011findeki deniz yosunu besleyicidir ve hazm\u0131 kolayd\u0131r. Ba\u011f\u0131\u015f\u0131kl\u0131\u011f\u0131 g\u00fc\u00e7lendirir. T\u00fcm gerekli besinler ve vitaminleri i\u00e7erir.Tetra color t\u00fcm tropikal bal\u0131klar i\u00e7in crisp renk yemi. Y\u00fcksek oranda renklendiri do\u011fal carotenoidler i\u00e7erir. M\u00fckemmel do\u011fal renklenme sa\u011flar.<\/p>\n<p>D\u00fc\u015f\u00fck \u0131s\u0131 y\u00f6ntemi ile haz\u0131rlanm\u0131\u015f olmas\u0131 sayesinde vitamin ve besin de\u011ferlerinin maksimum korunmas\u0131 sa\u011flanm\u0131\u015ft\u0131r.<\/p>\n<p>Y\u00fcksek sindirilebilirlik sayesinde, su daha az kirlenir.<\/p>\n<p>Optimal beslenme sayesinde sudaki nit-rat seviyesinde azalma g\u00f6r\u00fcl\u00fcr.<\/p>\n<p>Taneleri cips \u015feklindedir.<\/p>\n<p>Beslenme Tavsiyesi;<br \/>\nG\u00fcnl\u00fck olarak 2 &#8211; 3 kez bal\u0131\u011f\u0131n\u0131z\u0131n k\u0131sa bir s\u00fcre i\u00e7erisinde t\u00fcketebilece\u011fi miktarlarda verilmesi tavsiye edilir.<\/p>","protected":false},"excerpt":{"rendered":"<p>T\u00fcm tropikal s\u00fcs bal\u0131klar\u0131 i\u00e7in gerekli besinleri i\u00e7eren ve iki hafta gibi k\u0131sa bir s\u00fcre sonunda renk kazand\u0131ran bal\u0131k yemi. T\u00fcm tropikal bal\u0131k t\u00fcrleri i\u00e7in kullan\u0131labilir. Y\u00fcksek besin de\u011feri olan deniz yosunu i\u00e7erir. \u0130\u00e7eri\u011findeki deniz yosunu besleyicidir ve hazm\u0131 kolayd\u0131r. Ba\u011f\u0131\u015f\u0131kl\u0131\u011f\u0131 g\u00fc\u00e7lendirir. T\u00fcm gerekli besinler ve vitaminleri i\u00e7erir.Tetra color t\u00fcm tropikal bal\u0131klar i\u00e7in crisp renk [&hellip;]<\/p>","protected":false},"featured_media":2632,"comment_status":"open","ping_status":"closed","template":"","meta":[],"pwb-brand":[172],"product_brand":[],"product_cat":[97],"product_tag":[],"class_list":{"0":"post-2642","1":"product","2":"type-product","3":"status-publish","4":"has-post-thumbnail","6":"pwb-brand-tetra2","7":"product_cat-cips-yemler","9":"first","10":"instock","11":"taxable","12":"shipping-taxable","13":"purchasable","14":"product-type-simple"},"brands":[{"id":172,"name":"Tetra","slug":"tetra2"}],"_links":{"self":[{"href":"https:\/\/falvarapet.com\/en\/wp-json\/wp\/v2\/product\/2642","targetHints":{"allow":["GET"]}}],"collection":[{"href":"https:\/\/falvarapet.com\/en\/wp-json\/wp\/v2\/product"}],"about":[{"href":"https:\/\/falvarapet.com\/en\/wp-json\/wp\/v2\/types\/product"}],"replies":[{"embeddable":true,"href":"https:\/\/falvarapet.com\/en\/wp-json\/wp\/v2\/comments?post=2642"}],"wp:featuredmedia":[{"embeddable":true,"href":"https:\/\/falvarapet.com\/en\/wp-json\/wp\/v2\/media\/2632"}],"wp:attachment":[{"href":"https:\/\/falvarapet.com\/en\/wp-json\/wp\/v2\/media?parent=2642"}],"wp:term":[{"taxonomy":"pwb-brand","embeddable":true,"href":"https:\/\/falvarapet.com\/en\/wp-json\/wp\/v2\/pwb-brand?post=2642"},{"taxonomy":"product_brand","embeddable":true,"href":"https:\/\/falvarapet.com\/en\/wp-json\/wp\/v2\/product_brand?post=2642"},{"taxonomy":"product_cat","embeddable":true,"href":"https:\/\/falvarapet.com\/en\/wp-json\/wp\/v2\/product_cat?post=2642"},{"taxonomy":"product_tag","embeddable":true,"href":"https:\/\/falvarapet.com\/en\/wp-json\/wp\/v2\/product_tag?post=2642"}],"curies":[{"name":"wp","href":"https:\/\/api.w.org\/{rel}","templated":true}]}}