{"id":2604,"date":"2025-05-26T15:05:58","date_gmt":"2025-05-26T15:05:58","guid":{"rendered":"https:\/\/falvarapet.com\/?post_type=product&#038;p=2604"},"modified":"2026-03-27T09:42:24","modified_gmt":"2026-03-27T09:42:24","slug":"100-gram-tetraphyll-pul-yem-acik-balik-yemi","status":"publish","type":"product","link":"https:\/\/falvarapet.com\/en\/product\/100-gram-tetraphyll-pul-yem-acik-balik-yemi","title":{"rendered":"100 Gram Tetra Phyll Pul Yem A\u00e7\u0131k Bal\u0131k Yemi"},"content":{"rendered":"<p>T\u00fcm s\u00fcs bal\u0131klar\u0131 i\u00e7in ideal sertlikte bitkisel pul bal\u0131k yemi \u00d6zellikle ot\u00e7ul s\u00fcs bal\u0131klar\u0131 i\u00e7in t\u00fcm ya\u015famsal besinleri, vitamin ve iz elementleri i\u00e7eren ideal bal\u0131k yemidir. Canl\u0131l\u0131\u011f\u0131, geli\u015fimi ve direnci artt\u0131r\u0131r. Stabilize edilmi\u015f vitamin C hastal\u0131klara kar\u015f\u0131 direnci artt\u0131r\u0131r ve beslenme eksikli\u011fine ba\u011fl\u0131 hastal\u0131klar\u0131 \u00f6nler. T\u00fcm ot\u00e7ul s\u00fcs bal\u0131klar\u0131 i\u00e7in m\u00fckemmel bir yemdir. Standart ve b\u00fcy\u00fck pullar, geni\u015f pullar her boy s\u00fcs bal\u0131klar\u0131 i\u00e7in ideal bir beslenme sa\u011flar.<\/p>\n<p>Y\u00fcksek besin de\u011feri sayesinde, besleyicili\u011fi y\u00fcksek, vitamin, mineral ve iz elementlerin kar\u0131\u015f\u0131m\u0131 bal\u0131klar\u0131n\u0131z sa\u011fl\u0131kl\u0131 geli\u015fimi ve performans\u0131n\u0131 olumlu y\u00f6nde etkileyebilmektedir. Tetra Phyll, \u00e7e\u015fitli boyuttaki pul yap\u0131s\u0131 ile her boyuttaki bal\u0131k i\u00e7in kolayl\u0131kla t\u00fcketilebilir niteliktedir.<\/p>\n<p>Form\u00fcl\u00fcndeki Stabilize edilmi\u015f C Vitamin, bal\u0131klar\u0131n\u0131z\u0131n ba\u011f\u0131\u015f\u0131kl\u0131\u011f\u0131n\u0131 g\u00fc\u00e7lendirerek hastal\u0131klara kar\u015f\u0131 direncini artt\u0131r\u0131r. Tetra Phyll, i\u00e7eri\u011findeki dengeli vitaminler sayesinde bal\u0131klar\u0131n\u0131z\u0131n do\u011fal renklerinin korunmas\u0131na da yard\u0131mc\u0131 olur.<\/p>","protected":false},"excerpt":{"rendered":"<p>T\u00fcm s\u00fcs bal\u0131klar\u0131 i\u00e7in ideal sertlikte bitkisel pul bal\u0131k yemi \u00d6zellikle ot\u00e7ul s\u00fcs bal\u0131klar\u0131 i\u00e7in t\u00fcm ya\u015famsal besinleri, vitamin ve iz elementleri i\u00e7eren ideal bal\u0131k yemidir. Canl\u0131l\u0131\u011f\u0131, geli\u015fimi ve direnci artt\u0131r\u0131r. Stabilize edilmi\u015f vitamin C hastal\u0131klara kar\u015f\u0131 direnci artt\u0131r\u0131r ve beslenme eksikli\u011fine ba\u011fl\u0131 hastal\u0131klar\u0131 \u00f6nler. T\u00fcm ot\u00e7ul s\u00fcs bal\u0131klar\u0131 i\u00e7in m\u00fckemmel bir yemdir. Standart ve [&hellip;]<\/p>","protected":false},"featured_media":2601,"comment_status":"open","ping_status":"closed","template":"","meta":{"om_disable_all_campaigns":false,"_monsterinsights_skip_tracking":false,"_monsterinsights_sitenote_active":false,"_monsterinsights_sitenote_note":"","_monsterinsights_sitenote_category":0},"pwb-brand":[172],"product_brand":[],"product_cat":[92],"product_tag":[],"class_list":{"0":"post-2604","1":"product","2":"type-product","3":"status-publish","4":"has-post-thumbnail","6":"pwb-brand-tetra2","7":"product_cat-pul-yemler","9":"first","10":"instock","11":"taxable","12":"shipping-taxable","13":"purchasable","14":"product-type-simple"},"aioseo_notices":[],"brands":[{"id":172,"name":"Tetra","slug":"tetra2"}],"_links":{"self":[{"href":"https:\/\/falvarapet.com\/en\/wp-json\/wp\/v2\/product\/2604","targetHints":{"allow":["GET"]}}],"collection":[{"href":"https:\/\/falvarapet.com\/en\/wp-json\/wp\/v2\/product"}],"about":[{"href":"https:\/\/falvarapet.com\/en\/wp-json\/wp\/v2\/types\/product"}],"replies":[{"embeddable":true,"href":"https:\/\/falvarapet.com\/en\/wp-json\/wp\/v2\/comments?post=2604"}],"version-history":[{"count":0,"href":"https:\/\/falvarapet.com\/en\/wp-json\/wp\/v2\/product\/2604\/revisions"}],"wp:featuredmedia":[{"embeddable":true,"href":"https:\/\/falvarapet.com\/en\/wp-json\/wp\/v2\/media\/2601"}],"wp:attachment":[{"href":"https:\/\/falvarapet.com\/en\/wp-json\/wp\/v2\/media?parent=2604"}],"wp:term":[{"taxonomy":"pwb-brand","embeddable":true,"href":"https:\/\/falvarapet.com\/en\/wp-json\/wp\/v2\/pwb-brand?post=2604"},{"taxonomy":"product_brand","embeddable":true,"href":"https:\/\/falvarapet.com\/en\/wp-json\/wp\/v2\/product_brand?post=2604"},{"taxonomy":"product_cat","embeddable":true,"href":"https:\/\/falvarapet.com\/en\/wp-json\/wp\/v2\/product_cat?post=2604"},{"taxonomy":"product_tag","embeddable":true,"href":"https:\/\/falvarapet.com\/en\/wp-json\/wp\/v2\/product_tag?post=2604"}],"curies":[{"name":"wp","href":"https:\/\/api.w.org\/{rel}","templated":true}]}}