{"id":2538,"date":"2025-05-24T15:54:40","date_gmt":"2025-05-24T15:54:40","guid":{"rendered":"https:\/\/falvarapet.com\/?post_type=product&#038;p=2538"},"modified":"2026-04-06T20:58:18","modified_gmt":"2026-04-06T20:58:18","slug":"100-gram-tetra-cichlid-sticks-acik-balik-yemi","status":"publish","type":"product","link":"https:\/\/falvarapet.com\/en\/product\/100-gram-tetra-cichlid-sticks-acik-balik-yemi\/","title":{"rendered":"100 Gram Tetra Cichlid Sticks A\u00e7\u0131k Bal\u0131k Yemi"},"content":{"rendered":"<div id=\"wrapper\" class=\"wrapper unificationWrap\">\n<div id=\"unf-p-id\" class=\"content\">\n<div class=\"container productContainer\">\n<div class=\"unf-bottom-detail\">\n<div class=\"container\">\n<div class=\"unf-section\" data-id=\"unf-info\">\n<div id=\"unf-info\" class=\"unf-info\">\n<div class=\"unf-info-context\">\n<div class=\"unf-info-desc\">\n<section class=\"uni-content\">\n<div class=\"item left\">\n<p>T\u00fcm Cichlidler ve di\u011fer b\u00fcy\u00fck s\u00fcs bal\u0131klar\u0131 i\u00e7in stick bal\u0131k yemidir.<br \/>\nBesinsel i\u00e7eri\u011fi, Cichlid lerin hayvansal protein ihtiya\u00e7lar\u0131n\u0131 kar\u015f\u0131lar ve dengeli beslenmeyi sa\u011flar.<br \/>\nStick yap\u0131da yemler suyun y\u00fczeyinde y\u00fczerler ve kurt \u015feklinde olmalar\u0131ndan dolay\u0131 do\u011fal yeme al\u0131\u015fkanl\u0131klar\u0131na uygundur.<br \/>\nStabilize edilmi\u015f vitamin C hastal\u0131klar\u0131na kar\u015f\u0131 direnci artt\u0131r\u0131r, sa\u011fl\u0131kl\u0131 geli\u015fimi destekler ve beslenme eksikli\u011fine ba\u011fl\u0131 hastal\u0131klar\u0131 \u00f6nler.<br \/>\nDo\u011fal renkleri ve canl\u0131l\u0131\u011f\u0131 artt\u0131r\u0131r.<br \/>\n\u00c7ubuk \u015feklindeki yem formu sayesinde istenilen miktarda yemleme sa\u011flar.<\/p>\n<p>Beslenme Tavsiyesi;<\/p>\n<p>G\u00fcnde 2 &#8211; 3 kez bal\u0131klar\u0131n\u0131z\u0131n k\u0131sa bir s\u00fcre i\u00e7erisinde t\u00fcketebilece\u011fi k\u00fc\u00e7\u00fck porsiyonlar halinde verilmesi tavsiye edilir.<\/p>\n<\/div>\n<\/section>\n<\/div>\n<\/div>\n<\/div>\n<\/div>\n<\/div>\n<\/div>\n<\/div>\n<\/div>\n<\/div>\n<div id=\"44c51ce2-0419-4c11-b136-eef0e33e8d40\" class=\"font-[Open_Sans] text-14px\" data-id=\"44c51ce2-0419-4c11-b136-eef0e33e8d40\" data-name=\"Root\"><\/div>","protected":false},"excerpt":{"rendered":"<p>T\u00fcm Cichlidler ve di\u011fer b\u00fcy\u00fck s\u00fcs bal\u0131klar\u0131 i\u00e7in stick bal\u0131k yemidir. Besinsel i\u00e7eri\u011fi, Cichlid lerin hayvansal protein ihtiya\u00e7lar\u0131n\u0131 kar\u015f\u0131lar ve dengeli beslenmeyi sa\u011flar. Stick yap\u0131da yemler suyun y\u00fczeyinde y\u00fczerler ve kurt \u015feklinde olmalar\u0131ndan dolay\u0131 do\u011fal yeme al\u0131\u015fkanl\u0131klar\u0131na uygundur. Stabilize edilmi\u015f vitamin C hastal\u0131klar\u0131na kar\u015f\u0131 direnci artt\u0131r\u0131r, sa\u011fl\u0131kl\u0131 geli\u015fimi destekler ve beslenme eksikli\u011fine ba\u011fl\u0131 hastal\u0131klar\u0131 \u00f6nler. [&hellip;]<\/p>","protected":false},"featured_media":2533,"comment_status":"open","ping_status":"closed","template":"","meta":[],"pwb-brand":[172],"product_brand":[],"product_cat":[96],"product_tag":[],"class_list":{"0":"post-2538","1":"product","2":"type-product","3":"status-publish","4":"has-post-thumbnail","6":"pwb-brand-tetra2","7":"product_cat-cubuk-stick-yemler","9":"first","10":"instock","11":"taxable","12":"shipping-taxable","13":"purchasable","14":"product-type-simple"},"brands":[{"id":172,"name":"Tetra","slug":"tetra2"}],"_links":{"self":[{"href":"https:\/\/falvarapet.com\/en\/wp-json\/wp\/v2\/product\/2538","targetHints":{"allow":["GET"]}}],"collection":[{"href":"https:\/\/falvarapet.com\/en\/wp-json\/wp\/v2\/product"}],"about":[{"href":"https:\/\/falvarapet.com\/en\/wp-json\/wp\/v2\/types\/product"}],"replies":[{"embeddable":true,"href":"https:\/\/falvarapet.com\/en\/wp-json\/wp\/v2\/comments?post=2538"}],"wp:featuredmedia":[{"embeddable":true,"href":"https:\/\/falvarapet.com\/en\/wp-json\/wp\/v2\/media\/2533"}],"wp:attachment":[{"href":"https:\/\/falvarapet.com\/en\/wp-json\/wp\/v2\/media?parent=2538"}],"wp:term":[{"taxonomy":"pwb-brand","embeddable":true,"href":"https:\/\/falvarapet.com\/en\/wp-json\/wp\/v2\/pwb-brand?post=2538"},{"taxonomy":"product_brand","embeddable":true,"href":"https:\/\/falvarapet.com\/en\/wp-json\/wp\/v2\/product_brand?post=2538"},{"taxonomy":"product_cat","embeddable":true,"href":"https:\/\/falvarapet.com\/en\/wp-json\/wp\/v2\/product_cat?post=2538"},{"taxonomy":"product_tag","embeddable":true,"href":"https:\/\/falvarapet.com\/en\/wp-json\/wp\/v2\/product_tag?post=2538"}],"curies":[{"name":"wp","href":"https:\/\/api.w.org\/{rel}","templated":true}]}}