{"id":2401,"date":"2025-05-23T13:05:08","date_gmt":"2025-05-23T13:05:08","guid":{"rendered":"https:\/\/falvarapet.com\/?post_type=product&#038;p=2401"},"modified":"2026-03-31T12:00:13","modified_gmt":"2026-03-31T12:00:13","slug":"100-gram-tetramin-pul-yem-acik-bilik-yemi","status":"publish","type":"product","link":"https:\/\/falvarapet.com\/en\/product\/100-gram-tetramin-pul-yem-acik-bilik-yemi\/","title":{"rendered":"100 Gram Tetramin Pul Yem A\u00e7\u0131k Bal\u0131k Yemi"},"content":{"rendered":"<p>Tetramin pul yem t\u00fcm s\u00fcs bal\u0131klar\u0131 i\u00e7in enerji, renk yo\u011funlu\u011fu ve ya\u015famsal gereksinmeler a\u00e7\u0131s\u0131ndan dengelenmi\u015f pul bal\u0131k yemi. T\u00fcm ya\u015famsal besinleri, vitaminleri ve gerekli iz elementleri i\u00e7erir. Stabilize edilmi\u015f vitamin C hastal\u0131klara kar\u015f\u0131 direnci artt\u0131r\u0131r. Sa\u011fl\u0131kl\u0131 geli\u015fimi destekler ve beslenme eksikli\u011finden do\u011facak rahats\u0131zl\u0131klar\u0131n olu\u015fumunu \u00f6nler. Yedi \u00f6zel tabaka sayesinde zengin bir diyet garanti eder. 40dan fazla se\u00e7ilmi\u015f, y\u00fcksek kaliteli meteryalden olu\u015fur. Standart ve geni\u015f pul tabakalar\u0131, her boy s\u00fcs bal\u0131klar\u0131 i\u00e7in ideal bir beslenme sa\u011flar. Yemin \u0130\u00e7eri\u011fi; Bal\u0131k ve bal\u0131k \u00fcr\u00fcnleri, maya, sebze protein ekstrakt\u0131, bitkisel ve hayvansal ya\u011flar, yosun, lesitin ve vitaminler. Beslenme Tavsiyesi; G\u00fcnl\u00fck olarak k\u00fc\u00e7\u00fck porsiyonlar olarak verilmesi tavsiye edilir.<\/p>","protected":false},"excerpt":{"rendered":"<p>Tetramin pul yem t\u00fcm s\u00fcs bal\u0131klar\u0131 i\u00e7in enerji, renk yo\u011funlu\u011fu ve ya\u015famsal gereksinmeler a\u00e7\u0131s\u0131ndan dengelenmi\u015f pul bal\u0131k yemi. T\u00fcm ya\u015famsal besinleri, vitaminleri ve gerekli iz elementleri i\u00e7erir. Stabilize edilmi\u015f vitamin C hastal\u0131klara kar\u015f\u0131 direnci artt\u0131r\u0131r. Sa\u011fl\u0131kl\u0131 geli\u015fimi destekler ve beslenme eksikli\u011finden do\u011facak rahats\u0131zl\u0131klar\u0131n olu\u015fumunu \u00f6nler. Yedi \u00f6zel tabaka sayesinde zengin bir diyet garanti eder. 40dan [&hellip;]<\/p>","protected":false},"featured_media":2402,"comment_status":"open","ping_status":"closed","template":"","meta":[],"pwb-brand":[172],"product_brand":[],"product_cat":[92],"product_tag":[],"class_list":{"0":"post-2401","1":"product","2":"type-product","3":"status-publish","4":"has-post-thumbnail","6":"pwb-brand-tetra2","7":"product_cat-pul-yemler","9":"first","10":"instock","11":"taxable","12":"shipping-taxable","13":"purchasable","14":"product-type-simple"},"brands":[{"id":172,"name":"Tetra","slug":"tetra2"}],"_links":{"self":[{"href":"https:\/\/falvarapet.com\/en\/wp-json\/wp\/v2\/product\/2401","targetHints":{"allow":["GET"]}}],"collection":[{"href":"https:\/\/falvarapet.com\/en\/wp-json\/wp\/v2\/product"}],"about":[{"href":"https:\/\/falvarapet.com\/en\/wp-json\/wp\/v2\/types\/product"}],"replies":[{"embeddable":true,"href":"https:\/\/falvarapet.com\/en\/wp-json\/wp\/v2\/comments?post=2401"}],"wp:featuredmedia":[{"embeddable":true,"href":"https:\/\/falvarapet.com\/en\/wp-json\/wp\/v2\/media\/2402"}],"wp:attachment":[{"href":"https:\/\/falvarapet.com\/en\/wp-json\/wp\/v2\/media?parent=2401"}],"wp:term":[{"taxonomy":"pwb-brand","embeddable":true,"href":"https:\/\/falvarapet.com\/en\/wp-json\/wp\/v2\/pwb-brand?post=2401"},{"taxonomy":"product_brand","embeddable":true,"href":"https:\/\/falvarapet.com\/en\/wp-json\/wp\/v2\/product_brand?post=2401"},{"taxonomy":"product_cat","embeddable":true,"href":"https:\/\/falvarapet.com\/en\/wp-json\/wp\/v2\/product_cat?post=2401"},{"taxonomy":"product_tag","embeddable":true,"href":"https:\/\/falvarapet.com\/en\/wp-json\/wp\/v2\/product_tag?post=2401"}],"curies":[{"name":"wp","href":"https:\/\/api.w.org\/{rel}","templated":true}]}}