{"id":68,"date":"2025-05-19T15:42:34","date_gmt":"2025-05-19T15:42:34","guid":{"rendered":"https:\/\/startersites.io\/blocksy\/petsy\/?page_id=68"},"modified":"2025-05-19T15:42:34","modified_gmt":"2025-05-19T15:42:34","slug":"iade-ve-geri-odeme","status":"publish","type":"page","link":"https:\/\/falvarapet.com\/en\/iade-ve-geri-odeme\/","title":{"rendered":"\u0130ade Ve Geri \u00d6deme"},"content":{"rendered":"<p>\u0130ade ve Cayma Hakk\u0131<\/p>\n\n\n\n<p>Falvarapet\u2019den sat\u0131n ald\u0131\u011f\u0131n\u0131z \u00fcr\u00fcnler i\u00e7in cayma hakk\u0131n\u0131z\u0131 kullanabilirsiniz.<br>\u0130ade S\u00fcrecinde Farkl\u0131 bir \u00dcr\u00fcnle De\u011fi\u015fimi yapabilirsiniz.<br>\u00dcr\u00fcn\u00fc ma\u011fazaya \u00fccretsiz g\u00f6ndermek i\u00e7in ma\u011fazan\u0131n anla\u015fmal\u0131 kargo firmas\u0131n\u0131 kullan\u0131n.<br>Cayma Hakk\u0131 Kullan\u0131m\u0131 ve \u0130ade \u015eartlar\u0131, 6502 Say\u0131l\u0131 T\u00fcketicinin Korunmas\u0131 Hakk\u0131nda Kanun ve Mesafeli S\u00f6zle\u015fmeler Y\u00f6netmeli\u011fi h\u00fck\u00fcmlerine tabidir.<\/p>\n\n\n\n<p>Al\u0131c\u0131n\u0131n (m\u00fc\u015fterinin), teslimat tarihinden itibaren 14 g\u00fcn i\u00e7inde cayma hakk\u0131n\u0131 kullanarak \u00fcr\u00fcn\u00fc iade etmek istedi\u011fini sat\u0131c\u0131ya (ma\u011fazaya) bildirmesi gerekir. Ma\u011faza, m\u00fc\u015fterinin talebini ald\u0131ktan sonra en ge\u00e7 10 (on) g\u00fcn i\u00e7erisinde, \u00fcr\u00fcn\u00fc iade al\u0131p \u00fcr\u00fcn bedelini m\u00fc\u015fteriye hi\u00e7bir masraf y\u00fckletmeksizin iade etmekle ve iade kargo \u00fccretini \u00f6demekle y\u00fck\u00fcml\u00fcd\u00fcr.<br>6502 say\u0131l\u0131 T\u00fcketicinin Korunmas\u0131 hakk\u0131ndaki Kanun ve Mesafeli S\u00f6zle\u015fmelere Dair Y\u00f6netmelik gere\u011fince, al\u0131c\u0131lar\u0131n (m\u00fc\u015fterilerin), teslimat tarihinden itibaren 14 g\u00fcn i\u00e7inde cayma haklar\u0131n\u0131 kullanarak sebep g\u00f6stermeden ve \u201ckargo \u00fccreti \u00f6demeden\u201d \u00fcr\u00fcnleri iade etme haklar\u0131 vard\u0131r.<br>\u0130ade veya de\u011fi\u015fikli\u011fi istenen \u00fcr\u00fcnler ayr\u0131 bir paket\/ koli i\u00e7erisinde konularak, kargoda hasar g\u00f6rmeyecek \u015fekilde geri g\u00f6nderilmelidir. \u00dcr\u00fcnlerin orijinal kolileri \u00fczerinde meydana gelebilecek hasar ve \u00fczerlerine yap\u0131\u015ft\u0131r\u0131lan kargo vs etiketleri, \u00fcr\u00fcnlerin orijinalli\u011fini ve dolay\u0131s\u0131yla yeniden sat\u0131labilirli\u011fini bozdu\u011fu i\u00e7in, iade veya degi\u015fimleri m\u00fcmk\u00fcn olamayacakt\u0131r.<\/p>\n\n\n\n<p>Cayma<\/p>\n\n\n\n<p>ALICI, s\u00f6zle\u015fme konusu \u00fcr\u00fcn\u00fcn\u00fcn kendisine veya g\u00f6sterdi\u011fi adresteki ki\u015fi\/kurulu\u015fa tesliminden itibaren 7 g\u00fcn i\u00e7inde cayma hakk\u0131na sahiptir. Cayma hakk\u0131n\u0131n kullan\u0131lmas\u0131 i\u00e7in bu s\u00fcre i\u00e7inde SATICI`ya faks, e-posta veya telefon ile bildirimde bulunulmas\u0131 ve \u00fcr\u00fcn\u00fcn kutu\/paket i\u00e7eri\u011finin eksilmemesi ve \u00fcr\u00fcn\u00fcn yeniden sat\u0131labilir halde olmas\u0131 \u015fartt\u0131r. Bu hakk\u0131n kullan\u0131lmas\u0131 halinde, 3. ki\u015fiye veya ALICI`ya teslim edilen \u00fcr\u00fcn\u00fcn SATICI`ya g\u00f6nderildi\u011fine ili\u015fkin kargo teslim tutana\u011f\u0131 \u00f6rne\u011fi ile fatura asl\u0131n\u0131n iadesi zorunludur. Bu belgelerin ula\u015fmas\u0131n\u0131 takip eden 7 g\u00fcn i\u00e7inde \u00fcr\u00fcn bedeli ALICI`ya iade edilir. Fatura asl\u0131 g\u00f6nderilmez ise KDV ve varsa sair yasal y\u00fck\u00fcml\u00fcl\u00fckler iade edilemez. Cayma hakk\u0131n\u0131n kullan\u0131lmas\u0131ndan kaynaklanan EFT kesintisi, kargo gideri ve sair masraflar SATICI`ya aittir.<\/p>\n\n\n\n<p>Cayma hakk\u0131 kullan\u0131lamayacak \u00fcr\u00fcnler<\/p>\n\n\n\n<p>Niteli\u011fi itibariyle iade edilemeyecek \u00fcr\u00fcnler, tek kullan\u0131ml\u0131k \u00fcr\u00fcnler, h\u0131zl\u0131 bozulan veya son kullan\u0131m tarihi ge\u00e7en \u00fcr\u00fcnler i\u00e7in cayma hakk\u0131 kullan\u0131lamaz. Hijyenik fakt\u00f6rler nedeniyle risk ta\u015f\u0131yan \u00fcr\u00fcnlerin iade ve de\u011fi\u015fimleri orijinal ambalajlar\u0131 a\u00e7\u0131ld\u0131\u011f\u0131 takdirde ger\u00e7ekle\u015ftirilememektedir.<\/p>\n\n\n\n<p>Yetkili mahkeme<\/p>\n\n\n\n<p>\u0130\u015fbu s\u00f6zle\u015fmenin uygulanmas\u0131nda, Sanayi ve Ticaret Bakanl\u0131\u011f\u0131nca ilan edilen de\u011fere kadar T\u00fcketici Hakem Heyetleri ile ALICI`n\u0131n veya SATICI`n\u0131n yerle\u015fim yerindeki T\u00fcketici Mahkemeleri yetkilidir. Sipari\u015fin ger\u00e7ekle\u015fmesi durumunda ALICI i\u015fbu s\u00f6zle\u015fmenin t\u00fcm ko\u015fullar\u0131n\u0131 kabul etmi\u015f say\u0131l\u0131r.<\/p>\n\n\n\n<p>\u00dcr\u00fcn \u0130ade Prosed\u00fcr\u00fc<\/p>\n\n\n\n<p>Yanl\u0131\u015f sipari\u015f edilen veya taraf\u0131m\u0131zdan yanl\u0131\u015f teslim edilen, ilk kullan\u0131mda ay\u0131pl\u0131 oldu\u011fu saptanan \u00fcr\u00fcnler, sat\u0131\u015f tarihinden itibaren 7 g\u00fcn i\u00e7inde iade edilir.<\/p>\n\n\n\n<p>\u0130ade i\u015flemi, iade edilecek olan \u00fcr\u00fcn\u00fcn iade sebebi bildirilerek Falvarapet\u2019e g\u00f6nderilmesi ve iade sebebinin firmam\u0131zca onaylan\u0131p kabul\u00fcyle ger\u00e7ekle\u015fir.<\/p>\n\n\n\n<p>\u0130ade edilecek \u00fcr\u00fcnler orjinal kutusu i\u00e7inde, standart aksesuarlar\u0131yla birlikte eksiksiz ve hasars\u0131z olarak teslim edilmelidir.<\/p>\n\n\n\n<p>Ambalaj\u0131 a\u00e7\u0131lm\u0131\u015f ve\/veya kullan\u0131lm\u0131\u015f olan \u00fcr\u00fcnler iade al\u0131nmaz.<\/p>\n\n\n\n<p>Kargo ile g\u00f6nderilen iadelerin kargo bedeli m\u00fc\u015fteri taraf\u0131ndan \u00f6denir.<\/p>\n\n\n\n<p>\u00dcr\u00fcn iadeniz kabul edildikten sonra, fatura miktar\u0131 hesab\u0131n\u0131za alacak olarak kaydedilecektir.<\/p>\n\n\n\n<p>\u0130ptal Prosed\u00fcr\u00fc<\/p>\n\n\n\n<p>Sipari\u015f iptallerinizi sipari\u015finizi onaylad\u0131\u011f\u0131n\u0131z andan itibaren 1 (bir) saat i\u00e7erisinde 0533 488 89 81 numaral\u0131 telefonumuzu arayarak ya da info@Falvarapet.com adresimize mail g\u00f6ndererek i\u015flem yapt\u0131rabilirsiniz.<\/p>\n\n\n\n<p>Kargo ALICININ eline ula\u015fmadan sipari\u015f iptali durumunda para iadesi \u00fcr\u00fcn\u00fcn firmam\u0131za geri geldi\u011fi g\u00fcn\u00fc takip eden 7 i\u015f g\u00fcn\u00fc i\u00e7erisinde yap\u0131l\u0131r.<\/p>\n\n\n\n<p><\/p>","protected":false},"excerpt":{"rendered":"<p>\u0130ade ve Cayma Hakk\u0131 Falvarapet\u2019den sat\u0131n ald\u0131\u011f\u0131n\u0131z \u00fcr\u00fcnler i\u00e7in cayma hakk\u0131n\u0131z\u0131 kullanabilirsiniz.\u0130ade S\u00fcrecinde Farkl\u0131 bir \u00dcr\u00fcnle De\u011fi\u015fimi yapabilirsiniz.\u00dcr\u00fcn\u00fc ma\u011fazaya \u00fccretsiz g\u00f6ndermek i\u00e7in ma\u011fazan\u0131n anla\u015fmal\u0131 kargo firmas\u0131n\u0131 kullan\u0131n.Cayma Hakk\u0131 Kullan\u0131m\u0131 ve \u0130ade \u015eartlar\u0131, 6502 Say\u0131l\u0131 T\u00fcketicinin Korunmas\u0131 Hakk\u0131nda Kanun ve Mesafeli S\u00f6zle\u015fmeler Y\u00f6netmeli\u011fi h\u00fck\u00fcmlerine tabidir. Al\u0131c\u0131n\u0131n (m\u00fc\u015fterinin), teslimat tarihinden itibaren 14 g\u00fcn i\u00e7inde cayma hakk\u0131n\u0131 kullanarak [&hellip;]<\/p>","protected":false},"author":1,"featured_media":0,"parent":0,"menu_order":0,"comment_status":"closed","ping_status":"closed","template":"","meta":{"footnotes":""},"class_list":["post-68","page","type-page","status-publish","hentry"],"blocksy_meta":[],"_links":{"self":[{"href":"https:\/\/falvarapet.com\/en\/wp-json\/wp\/v2\/pages\/68","targetHints":{"allow":["GET"]}}],"collection":[{"href":"https:\/\/falvarapet.com\/en\/wp-json\/wp\/v2\/pages"}],"about":[{"href":"https:\/\/falvarapet.com\/en\/wp-json\/wp\/v2\/types\/page"}],"author":[{"embeddable":true,"href":"https:\/\/falvarapet.com\/en\/wp-json\/wp\/v2\/users\/1"}],"replies":[{"embeddable":true,"href":"https:\/\/falvarapet.com\/en\/wp-json\/wp\/v2\/comments?post=68"}],"version-history":[{"count":2,"href":"https:\/\/falvarapet.com\/en\/wp-json\/wp\/v2\/pages\/68\/revisions"}],"predecessor-version":[{"id":2096,"href":"https:\/\/falvarapet.com\/en\/wp-json\/wp\/v2\/pages\/68\/revisions\/2096"}],"wp:attachment":[{"href":"https:\/\/falvarapet.com\/en\/wp-json\/wp\/v2\/media?parent=68"}],"curies":[{"name":"wp","href":"https:\/\/api.w.org\/{rel}","templated":true}]}}